{"id":7390,"date":"2022-01-28T10:59:45","date_gmt":"2022-01-28T08:59:45","guid":{"rendered":"https:\/\/quintett.eu\/?post_type=product&#038;p=7390"},"modified":"2024-08-02T10:24:31","modified_gmt":"2024-08-02T08:24:31","slug":"7390","status":"publish","type":"product","link":"https:\/\/quintett.eu\/?product=7390","title":{"rendered":"Allen &#038; Heath SQ6 Mixer Digital"},"content":{"rendered":"<p>SPECIFICATII :<\/p>\n<ul class=\"prod-features\">\n<li>Cu procesare FPGA de 96 kHz<\/li>\n<li>25 Fadere \/ 6\u00a0layere<\/li>\n<li>12 mixuri stereo (perfect pentru set\u0103rile de monitorizare \u00een ureche) + LR<\/li>\n<li>3x matrice stereo<\/li>\n<li>8x FX stereo intern cu revenire stereo<\/li>\n<li>Procesarea DEEP permite integrarea plug-in-urilor direct \u00een intr\u0103rile mixerului \u0219i amestecarea canalelor<\/li>\n<li>7 &#8222;ecran tactil<\/li>\n<li>Portul S-Link pentru audio \/ expansiune la distan\u021b\u0103<\/li>\n<li>64 port I \/ O pentru re\u021bele audio<\/li>\n<li>32 x 32 interfa\u021b\u0103 audio USB<\/li>\n<li>\u00cenregistrare direct\u0103 SQ-Drive pe USB<\/li>\n<li>Ie\u0219ire AES<\/li>\n<li>Contorizarea canalului cromatic<\/li>\n<li>Iluminare LED integrat per fader<\/li>\n<li>Controale fizice dedicate<\/li>\n<li>Afi\u0219ajul canalului LCD<\/li>\n<li>Compatibil cu cardurile de re\u021bea audio ME \u0219i ME-500, precum \u0219i cu cardurile de re\u021bea audio Dante sau Waves<\/li>\n<li>Dimensiuni: 638 x 514,9 x 198 mm<\/li>\n<li>Greutate: 13,3 kg<\/li>\n<\/ul>\n","protected":false},"excerpt":{"rendered":"<p>Allen &amp; Heath SQ6 &#8211; Mixer digital cu 48 canale pentru eventime Live\/Studio, cu procesare FPGA de 96 kHz, 25 Fadere \/ 6\u00a0layere, 12 mixuri stereo (perfect pentru set\u0103rile de monitorizare \u00een ureche) + LR, 8x FX stereo intern cu revenire stereo, procesarea DEEP permite integrarea plug-in-urilor direct \u00een intr\u0103rile mixerului \u0219i amestecarea canalelor, 32 x 32 interfa\u021b\u0103 audio USB.<\/p>\n","protected":false},"featured_media":7391,"comment_status":"open","ping_status":"closed","template":"","meta":[],"product_brand":[],"product_cat":[51],"product_tag":[415,203,201,417],"class_list":{"0":"post-7390","1":"product","2":"type-product","3":"status-publish","4":"has-post-thumbnail","6":"product_cat-mixere-audio","7":"product_tag-allenheath","8":"product_tag-mixer","9":"product_tag-mixer-digital","10":"product_tag-sq6","12":"first","13":"instock","14":"purchasable","15":"product-type-simple"},"jetpack_sharing_enabled":true,"_links":{"self":[{"href":"https:\/\/quintett.eu\/index.php?rest_route=\/wp\/v2\/product\/7390","targetHints":{"allow":["GET"]}}],"collection":[{"href":"https:\/\/quintett.eu\/index.php?rest_route=\/wp\/v2\/product"}],"about":[{"href":"https:\/\/quintett.eu\/index.php?rest_route=\/wp\/v2\/types\/product"}],"replies":[{"embeddable":true,"href":"https:\/\/quintett.eu\/index.php?rest_route=%2Fwp%2Fv2%2Fcomments&post=7390"}],"wp:featuredmedia":[{"embeddable":true,"href":"https:\/\/quintett.eu\/index.php?rest_route=\/wp\/v2\/media\/7391"}],"wp:attachment":[{"href":"https:\/\/quintett.eu\/index.php?rest_route=%2Fwp%2Fv2%2Fmedia&parent=7390"}],"wp:term":[{"taxonomy":"product_brand","embeddable":true,"href":"https:\/\/quintett.eu\/index.php?rest_route=%2Fwp%2Fv2%2Fproduct_brand&post=7390"},{"taxonomy":"product_cat","embeddable":true,"href":"https:\/\/quintett.eu\/index.php?rest_route=%2Fwp%2Fv2%2Fproduct_cat&post=7390"},{"taxonomy":"product_tag","embeddable":true,"href":"https:\/\/quintett.eu\/index.php?rest_route=%2Fwp%2Fv2%2Fproduct_tag&post=7390"}],"curies":[{"name":"wp","href":"https:\/\/api.w.org\/{rel}","templated":true}]}}