{"id":7406,"date":"2022-01-28T11:05:35","date_gmt":"2022-01-28T09:05:35","guid":{"rendered":"https:\/\/quintett.eu\/?post_type=product&#038;p=7406"},"modified":"2023-03-13T10:20:30","modified_gmt":"2023-03-13T08:20:30","slug":"allen-heath-sq7-mixer-digital","status":"publish","type":"product","link":"https:\/\/quintett.eu\/?product=allen-heath-sq7-mixer-digital","title":{"rendered":"ALLEN &#038; HEATH SQ7 Mixer Digital"},"content":{"rendered":"<ul class=\"prod-features\">\n<li>Mixer digital cu procesare FPGA de 96 kHz<\/li>\n<li>33 Fadere \/ 6 straturi<\/li>\n<li>12 x amestecuri stereo (perfect pentru set\u0103rile de monitorizare \u00een ureche) + LR<\/li>\n<li>3 x matrice stereo<\/li>\n<li>8 x motoare Stereo FX + retururi dedicate<\/li>\n<li>DEEP Processing permite ca plugin-urile s\u0103 fie \u00eencorporate direct \u00een toate canalele de intrare \u0219i mixare<\/li>\n<li>7 &#8222;Ecran tactil<\/li>\n<li>Conector SLink pentru audio \/ expansiune la distan\u021b\u0103<\/li>\n<li>Conector I \/ O de 64 de canale pentru re\u021bele audio<\/li>\n<li>32 x 32 interfa\u021b\u0103 audio USB<\/li>\n<li>Unitate SQ pentru dublarea direct\u0103 pe USB<\/li>\n<li>Ie\u0219ire AES<\/li>\n<li>Determinarea canalului cromatic<\/li>\n<li>Iluminare LED integrat per fader<\/li>\n<li>Controale fizice dedicate<\/li>\n<li>16 taskuri soft Assignable<\/li>\n<li>8 rotative asignabile<\/li>\n<li>Mixer automat integrat cu 48 de canale<\/li>\n<li>Afisaj LCD<\/li>\n<li>Compatibil cu ME-1 \u0219i ME-500, card de re\u021bea audio, Dante sau valuri<\/li>\n<li>Dimensiuni: 804 x 514,9 x 198 mm<\/li>\n<li>Greutate: 17,8 kg<\/li>\n<\/ul>\n","protected":false},"excerpt":{"rendered":"<p>Allen &amp; Heath SQ7 &#8211; Mixer digital cu 48 canale si procesare FPGA de 96 kHz, 33 fadere\/6 straturi, 12 x amestecuri stereo (perfect pentru setarile de monitorizare in ureche) +LR, 3x matrice stereo, 8x motoare Stereo FX = retururi dedicate, ecran tactil de 7 inch, conector SLink, 32&#215;32 interfata USB, iesire AES, mixer integrat cu 48 de canale.<\/p>\n","protected":false},"featured_media":7407,"comment_status":"open","ping_status":"closed","template":"","meta":[],"product_brand":[],"product_cat":[51],"product_tag":[415,203,201,418],"class_list":{"0":"post-7406","1":"product","2":"type-product","3":"status-publish","4":"has-post-thumbnail","6":"product_cat-mixere-audio","7":"product_tag-allenheath","8":"product_tag-mixer","9":"product_tag-mixer-digital","10":"product_tag-sq7","12":"first","13":"instock","14":"purchasable","15":"product-type-simple"},"jetpack_sharing_enabled":true,"_links":{"self":[{"href":"https:\/\/quintett.eu\/index.php?rest_route=\/wp\/v2\/product\/7406","targetHints":{"allow":["GET"]}}],"collection":[{"href":"https:\/\/quintett.eu\/index.php?rest_route=\/wp\/v2\/product"}],"about":[{"href":"https:\/\/quintett.eu\/index.php?rest_route=\/wp\/v2\/types\/product"}],"replies":[{"embeddable":true,"href":"https:\/\/quintett.eu\/index.php?rest_route=%2Fwp%2Fv2%2Fcomments&post=7406"}],"wp:featuredmedia":[{"embeddable":true,"href":"https:\/\/quintett.eu\/index.php?rest_route=\/wp\/v2\/media\/7407"}],"wp:attachment":[{"href":"https:\/\/quintett.eu\/index.php?rest_route=%2Fwp%2Fv2%2Fmedia&parent=7406"}],"wp:term":[{"taxonomy":"product_brand","embeddable":true,"href":"https:\/\/quintett.eu\/index.php?rest_route=%2Fwp%2Fv2%2Fproduct_brand&post=7406"},{"taxonomy":"product_cat","embeddable":true,"href":"https:\/\/quintett.eu\/index.php?rest_route=%2Fwp%2Fv2%2Fproduct_cat&post=7406"},{"taxonomy":"product_tag","embeddable":true,"href":"https:\/\/quintett.eu\/index.php?rest_route=%2Fwp%2Fv2%2Fproduct_tag&post=7406"}],"curies":[{"name":"wp","href":"https:\/\/api.w.org\/{rel}","templated":true}]}}