{"id":7429,"date":"2022-01-29T17:54:19","date_gmt":"2022-01-29T15:54:19","guid":{"rendered":"https:\/\/quintett.eu\/?post_type=product&#038;p=7429"},"modified":"2022-01-29T18:11:47","modified_gmt":"2022-01-29T16:11:47","slug":"rumberger-cbm-1","status":"publish","type":"product","link":"https:\/\/quintett.eu\/?product=rumberger-cbm-1","title":{"rendered":"Rumberger CBM-1"},"content":{"rendered":"<p>Microfon pentru percutionisti \u0219i tobo\u0219ari, pe scen\u0103 sau \u00een studio !<\/p>\n<p>CBM-1-Caracteristici<\/p>\n<p>Sunet natural<br \/>\n\u00cenchidere cu velcro pentru prindere<br \/>\nSonorizarea uniform\u0103 a \u00eentregului cajon<br \/>\nSunet puternic \u00een gama de bas<br \/>\nFeedback foarte sc\u0103zut<br \/>\nDesign absolut elegant<br \/>\nEQ activ integrat<\/p>\n<p>Principiu de func\u021bionare: condensator<br \/>\nModel polar: jum\u0103tate hipercardioid<br \/>\nGama de frecvente: 40 \u2013 16000 Hz<br \/>\nImpedanta: 200 Ohm<br \/>\nAlimentare: 48V Phantom power<br \/>\nGreutate microfon: 155 g<br \/>\nGreutate transport: 255 g<\/p>\n","protected":false},"excerpt":{"rendered":"<p>Pentru percutionisti \u0219i tobo\u0219ari, pe scen\u0103 sau \u00een studio<\/p>\n<p>Indiferent cine folose\u0219te CBM-1 sau unde este folosit, rezultatul va fi conving\u0103tor \u00een fiecare aplica\u021bie. Muzicianul in concertul live este fericit c\u00e2nd toba lui suna cu kick-ul \u00a0dorit in sistemul de sonorizare PA. Inginerul de sunet din studioul de \u00eenregistr\u0103ri este \u00eenc\u00e2ntat c\u00e2nd poate sonoriza cu u\u0219urin\u021b\u0103 un Cajon \u0219i nu trebuie s\u0103 foloseasca o configura\u021bie complet\u0103 de microfoane, astfel \u00eenc\u00e2t Cajon-ul s\u0103 produc\u0103 un sunet frumos \u00een mixaj.<\/p>\n<p>Desigur, de cea mai bun\u0103 calitate, 100% Made in Germany &#8211; ca toate produsele noastre!<\/p>\n","protected":false},"featured_media":7432,"comment_status":"open","ping_status":"closed","template":"","meta":[],"product_brand":[],"product_cat":[42,177],"product_tag":[422,115,421,77,420],"class_list":{"0":"post-7429","1":"product","2":"type-product","3":"status-publish","4":"has-post-thumbnail","6":"product_cat-promotii","7":"product_cat-rumberger","8":"product_tag-cajon","9":"product_tag-microfon","10":"product_tag-microfon-cajon","11":"product_tag-rumberger","12":"product_tag-toba-mare","14":"first","15":"instock","16":"sale","17":"purchasable","18":"product-type-simple"},"jetpack_sharing_enabled":true,"_links":{"self":[{"href":"https:\/\/quintett.eu\/index.php?rest_route=\/wp\/v2\/product\/7429","targetHints":{"allow":["GET"]}}],"collection":[{"href":"https:\/\/quintett.eu\/index.php?rest_route=\/wp\/v2\/product"}],"about":[{"href":"https:\/\/quintett.eu\/index.php?rest_route=\/wp\/v2\/types\/product"}],"replies":[{"embeddable":true,"href":"https:\/\/quintett.eu\/index.php?rest_route=%2Fwp%2Fv2%2Fcomments&post=7429"}],"wp:featuredmedia":[{"embeddable":true,"href":"https:\/\/quintett.eu\/index.php?rest_route=\/wp\/v2\/media\/7432"}],"wp:attachment":[{"href":"https:\/\/quintett.eu\/index.php?rest_route=%2Fwp%2Fv2%2Fmedia&parent=7429"}],"wp:term":[{"taxonomy":"product_brand","embeddable":true,"href":"https:\/\/quintett.eu\/index.php?rest_route=%2Fwp%2Fv2%2Fproduct_brand&post=7429"},{"taxonomy":"product_cat","embeddable":true,"href":"https:\/\/quintett.eu\/index.php?rest_route=%2Fwp%2Fv2%2Fproduct_cat&post=7429"},{"taxonomy":"product_tag","embeddable":true,"href":"https:\/\/quintett.eu\/index.php?rest_route=%2Fwp%2Fv2%2Fproduct_tag&post=7429"}],"curies":[{"name":"wp","href":"https:\/\/api.w.org\/{rel}","templated":true}]}}