{"id":7433,"date":"2022-01-29T18:43:17","date_gmt":"2022-01-29T16:43:17","guid":{"rendered":"https:\/\/quintett.eu\/?post_type=product&#038;p=7433"},"modified":"2022-01-29T18:43:39","modified_gmt":"2022-01-29T16:43:39","slug":"rumberger-ep-1","status":"publish","type":"product","link":"https:\/\/quintett.eu\/?product=rumberger-ep-1","title":{"rendered":"Rumberger EP-1"},"content":{"rendered":"<p>Rumberger EP-1<\/p>\n<p>Pickup-urile noastre sunt absolut universale. Sunt discrete, mici, robuste, de \u00eenalt\u0103 calitate, echilibrate, cu feedback sc\u0103zut, absorb zgomotul \u0219i vibra\u021biile transmise de structur\u0103, ofer\u0103 multe op\u021biuni de conectare, cum ar fi conectarea printr-un amplificator de chitar\u0103, mixer sau stage-box, garanteaz\u0103 un sunet natural \u0219i pot fi folosite la instrumente cum ar fi :<br \/>\nchitara de concert (chitara clasica)<br \/>\nchitara acustica (chitara occidentala)<br \/>\nukulele<br \/>\nvioar\u0103<br \/>\nvioloncel<br \/>\nviola<br \/>\nharp\u0103<br \/>\ncitara<br \/>\nsi multe altele\u2026<\/p>\n<p>Metoda de lucru: Tehnologia Active Motion<br \/>\nModel polar: opt<br \/>\nFrecventa: 20 &#8211; 20.000 Hz<br \/>\nAlimentare Versiune P: alimentare fantom de 48 V<br \/>\nAlimentare versiunea B: baterie litiu CR2032<br \/>\nGreutate pickup: 53 g (versiunea P), 26 g (versiunea B)<br \/>\nGreutate baterie BPU-1: 72 g<br \/>\nGreutate de transport inclusiv accesorii: aproximativ 185 g (versiunea P), aproximativ 200 g (versiunea B)<\/p>\n","protected":false},"excerpt":{"rendered":"<p>Pickup-urile Rumberger pentru chitari \u0219i o varietate de alte instrumente combin\u0103 cea mai recent\u0103 tehnologie cu cea mai simpl\u0103 manevrare. Aceasta \u00eenseamn\u0103 c\u0103 captarea sunetului pentru performan\u021ba ta mare nu este doar u\u0219oar\u0103, ci \u0219i foarte profesionist\u0103.<\/p>\n","protected":false},"featured_media":7437,"comment_status":"open","ping_status":"closed","template":"","meta":[],"product_brand":[],"product_cat":[42,177],"product_tag":[426,424,425,423,115,77],"class_list":{"0":"post-7433","1":"product","2":"type-product","3":"status-publish","4":"has-post-thumbnail","6":"product_cat-promotii","7":"product_cat-rumberger","8":"product_tag-chitara","9":"product_tag-chitari","10":"product_tag-ep-1","11":"product_tag-instrumente-cu-corzi","12":"product_tag-microfon","13":"product_tag-rumberger","15":"first","16":"instock","17":"sale","18":"purchasable","19":"product-type-simple"},"jetpack_sharing_enabled":true,"_links":{"self":[{"href":"https:\/\/quintett.eu\/index.php?rest_route=\/wp\/v2\/product\/7433","targetHints":{"allow":["GET"]}}],"collection":[{"href":"https:\/\/quintett.eu\/index.php?rest_route=\/wp\/v2\/product"}],"about":[{"href":"https:\/\/quintett.eu\/index.php?rest_route=\/wp\/v2\/types\/product"}],"replies":[{"embeddable":true,"href":"https:\/\/quintett.eu\/index.php?rest_route=%2Fwp%2Fv2%2Fcomments&post=7433"}],"wp:featuredmedia":[{"embeddable":true,"href":"https:\/\/quintett.eu\/index.php?rest_route=\/wp\/v2\/media\/7437"}],"wp:attachment":[{"href":"https:\/\/quintett.eu\/index.php?rest_route=%2Fwp%2Fv2%2Fmedia&parent=7433"}],"wp:term":[{"taxonomy":"product_brand","embeddable":true,"href":"https:\/\/quintett.eu\/index.php?rest_route=%2Fwp%2Fv2%2Fproduct_brand&post=7433"},{"taxonomy":"product_cat","embeddable":true,"href":"https:\/\/quintett.eu\/index.php?rest_route=%2Fwp%2Fv2%2Fproduct_cat&post=7433"},{"taxonomy":"product_tag","embeddable":true,"href":"https:\/\/quintett.eu\/index.php?rest_route=%2Fwp%2Fv2%2Fproduct_tag&post=7433"}],"curies":[{"name":"wp","href":"https:\/\/api.w.org\/{rel}","templated":true}]}}