{"id":7476,"date":"2022-02-05T18:46:32","date_gmt":"2022-02-05T16:46:32","guid":{"rendered":"https:\/\/quintett.eu\/?post_type=product&#038;p=7476"},"modified":"2022-02-06T12:13:33","modified_gmt":"2022-02-06T10:13:33","slug":"tw-audio-vera-sys-two","status":"publish","type":"product","link":"https:\/\/quintett.eu\/?product=tw-audio-vera-sys-two","title":{"rendered":"TW AUDiO VERA-SYS-TWO"},"content":{"rendered":"<p>Sistem complet: 2x VERA10P , 2x VERA S30, cabluri, accesorii<\/p>\n<p>Sistemul complet TW AUDIO con\u021bine:<br \/>\n4 buc. VERA10P top 1x 10&#8243; \/ 2x 1&#8243;, bi-amplificat, 80 x 10 grade, comutabil bi-amplificator \/ pasiv<br \/>\n2 buc. Cadru mic VERA SF10<br \/>\n1 buc. VERA DL10 c\u0103rucior din 2 p\u0103r\u021bi cu partea superioar\u0103 \u0219i de baz\u0103<br \/>\n2 buc. Subwoofer VERA S30 2x 15&#8243; hibrid<\/p>\n","protected":false},"excerpt":{"rendered":"<p>VERA-SYS-TWO este sistemul entry-level necomplicat din lumea line array-urilor. VERA-SYS-TWO con\u021bine patru module VERA10 cu crossover-uri pasive integrate, gata de transport \u00een carucioare dolly VERA DL10. \u00cen plus, dou\u0103 sub-uri VERA S30 pe un dolly QDB30, amplificator Powersoft cu DSP \u00een SYSRACK-K, inclusiv panou de corelare \u0219i cablare, \u0219i dou\u0103 cadre SF10 cu doi suporti \u00a0(distantiere). Un sistem complet pentru a \u00eencepe SHOW-ul imediat.<\/p>\n","protected":false},"featured_media":7477,"comment_status":"open","ping_status":"closed","template":"","meta":[],"product_brand":[],"product_cat":[19],"product_tag":[442,407,437,55,441,440],"class_list":{"0":"post-7476","1":"product","2":"type-product","3":"status-publish","4":"has-post-thumbnail","6":"product_cat-tw-audio","7":"product_tag-s30","8":"product_tag-sistem-sunet","9":"product_tag-system-audio","10":"product_tag-tw-audio","11":"product_tag-vera-sys-two","12":"product_tag-vera10","14":"first","15":"onbackorder","16":"product-type-simple"},"jetpack_sharing_enabled":true,"_links":{"self":[{"href":"https:\/\/quintett.eu\/index.php?rest_route=\/wp\/v2\/product\/7476","targetHints":{"allow":["GET"]}}],"collection":[{"href":"https:\/\/quintett.eu\/index.php?rest_route=\/wp\/v2\/product"}],"about":[{"href":"https:\/\/quintett.eu\/index.php?rest_route=\/wp\/v2\/types\/product"}],"replies":[{"embeddable":true,"href":"https:\/\/quintett.eu\/index.php?rest_route=%2Fwp%2Fv2%2Fcomments&post=7476"}],"wp:featuredmedia":[{"embeddable":true,"href":"https:\/\/quintett.eu\/index.php?rest_route=\/wp\/v2\/media\/7477"}],"wp:attachment":[{"href":"https:\/\/quintett.eu\/index.php?rest_route=%2Fwp%2Fv2%2Fmedia&parent=7476"}],"wp:term":[{"taxonomy":"product_brand","embeddable":true,"href":"https:\/\/quintett.eu\/index.php?rest_route=%2Fwp%2Fv2%2Fproduct_brand&post=7476"},{"taxonomy":"product_cat","embeddable":true,"href":"https:\/\/quintett.eu\/index.php?rest_route=%2Fwp%2Fv2%2Fproduct_cat&post=7476"},{"taxonomy":"product_tag","embeddable":true,"href":"https:\/\/quintett.eu\/index.php?rest_route=%2Fwp%2Fv2%2Fproduct_tag&post=7476"}],"curies":[{"name":"wp","href":"https:\/\/api.w.org\/{rel}","templated":true}]}}