{"id":7481,"date":"2022-02-06T11:56:22","date_gmt":"2022-02-06T09:56:22","guid":{"rendered":"https:\/\/quintett.eu\/?post_type=product&#038;p=7481"},"modified":"2025-03-15T18:14:51","modified_gmt":"2025-03-15T16:14:51","slug":"tw-audio-vera-sys-one","status":"publish","type":"product","link":"https:\/\/quintett.eu\/?product=tw-audio-vera-sys-one","title":{"rendered":"TW AUDiO VERA-SYS-ONE"},"content":{"rendered":"<p>Sistem Line Array (12xVERA10,8xVERAS30, cadre de montaj, Dollys, Cabluri)<\/p>\n<p>Sistemul complet de difuzoare TW AUDIO VERA-SYS-ONE con\u021bine:<br \/>\n12 buc. VERA10 top 1x 10&#8243; \/ 2x 1&#8243;, bi-amplificat, 80 x 10 grade<br \/>\n2 buc. Cadru rigging VERA RF300<br \/>\n2 buc. VERA DL10 c\u0103rucior din 2 p\u0103r\u021bi cu partea superioar\u0103 \u0219i de baz\u0103<br \/>\n2 buc. CoverVERA10<br \/>\n8 buc. Subwoofer VERA S30 2x 15&#8243; hibrid<br \/>\n2 buc. QDB30 Quad-Dolly<br \/>\n2 buc. APL4 Panou de conectare 19&#8243; \/ 1 unitate, 8x ie\u0219ire Speakon<br \/>\n4 buc. Cablu difuzor LSK-44-100 4x 4 mm\u00b2 \u00a0cu connectori Neutrik NL4FC, lungime 10m, incl. band\u0103 velcro<br \/>\n2 buc. LSK-44-050R PIN1\/2 cablu difuzor inversat 4&#215;4 mm2 cu connectori Neutrik NL4FC, lungime 5m<br \/>\n4 buc. Cablu difuzor LSK-44-010 4x 4 mm\u00b2 cu connectori Neutrik NL4FC, lungime 1m, incl. band\u0103 velcro<br \/>\n10 buc. LSK-44-005 cablu difuzor 4x 4 mm\u00b2 \u00a0cu Neutrik connectoriNL4FC, lungime 0,5m, incl. band\u0103 velcro<br \/>\n2 buc. ZG25-5 Curea de ancorare neagr\u0103 dintr-o singur\u0103 bucat\u0103, 25 mm l\u0103\u021bime, lungime 5 m, capacitate de \u00eenc\u0103rcare nominal\u0103 400 kg<\/p>\n<p>ATENTIE : Func\u021bionarea optima este recomandat\u0103 cu preseturi TW AUDIO dedicate pe amplificatoarele Lab Gruppen , Linea Research ,Powersoft sau Dynacord seriile TGX, IPX \u0219i L .<\/p>\n","protected":false},"excerpt":{"rendered":"<p>VERA-SYS-ONE este sistemul nostru LINE ARRAY complet de \u00eenalt\u0103 performan\u021b\u0103 . Toate componentele sunt perfect adaptate \u0219i scalabile.<\/p>\n<p>Cu dou\u0103sprezece elemente VERA10 \u0219i opt subwoofere VERA\u2009\u2009S30 \u00eempreun\u0103 cu suporturile lor, dou\u0103 cadre rigging \u0219i dou\u0103 rack-uri de amplificatoare cu cablare complet\u0103, VERA-SYS-ONE este un sistem impresionant pentru evenimente de dimensiuni medii, cu sunet puternic \u0219i totu\u0219i un aspect neobstruc\u021bionat. .<\/p>\n<p>La nevoie, pute\u021bi, desigur, s\u0103 extinde\u021bi \u00eentotdeauna VERA-SYS-ONE cu extensia noastr\u0103 VERA\u2009\u2009L24 (joas\u0103-medie sau cu subwoofer-ul VERA\u2009\u2009S18 \u00eentr-o combinatie cu VERA10s), sau s\u0103 utiliza\u021bi extensia noastr\u0103 BSX pentru gama infra-sub.\u00a0Cu software-ul de simulare EASE Focus \u0219i plug-in-ul TW\u2005AUDIO v\u0103 pute\u021bi simula situa\u021bia de sunet \u0219i pute\u021bi g\u0103si set\u0103rile potrivite.<\/p>\n","protected":false},"featured_media":7482,"comment_status":"open","ping_status":"closed","template":"","meta":[],"product_brand":[],"product_cat":[19],"product_tag":[442,407,437,55,443,441,440],"class_list":{"0":"post-7481","1":"product","2":"type-product","3":"status-publish","4":"has-post-thumbnail","6":"product_cat-tw-audio","7":"product_tag-s30","8":"product_tag-sistem-sunet","9":"product_tag-system-audio","10":"product_tag-tw-audio","11":"product_tag-vera-sys-one","12":"product_tag-vera-sys-two","13":"product_tag-vera10","15":"first","16":"onbackorder","17":"product-type-simple"},"jetpack_sharing_enabled":true,"_links":{"self":[{"href":"https:\/\/quintett.eu\/index.php?rest_route=\/wp\/v2\/product\/7481","targetHints":{"allow":["GET"]}}],"collection":[{"href":"https:\/\/quintett.eu\/index.php?rest_route=\/wp\/v2\/product"}],"about":[{"href":"https:\/\/quintett.eu\/index.php?rest_route=\/wp\/v2\/types\/product"}],"replies":[{"embeddable":true,"href":"https:\/\/quintett.eu\/index.php?rest_route=%2Fwp%2Fv2%2Fcomments&post=7481"}],"wp:featuredmedia":[{"embeddable":true,"href":"https:\/\/quintett.eu\/index.php?rest_route=\/wp\/v2\/media\/7482"}],"wp:attachment":[{"href":"https:\/\/quintett.eu\/index.php?rest_route=%2Fwp%2Fv2%2Fmedia&parent=7481"}],"wp:term":[{"taxonomy":"product_brand","embeddable":true,"href":"https:\/\/quintett.eu\/index.php?rest_route=%2Fwp%2Fv2%2Fproduct_brand&post=7481"},{"taxonomy":"product_cat","embeddable":true,"href":"https:\/\/quintett.eu\/index.php?rest_route=%2Fwp%2Fv2%2Fproduct_cat&post=7481"},{"taxonomy":"product_tag","embeddable":true,"href":"https:\/\/quintett.eu\/index.php?rest_route=%2Fwp%2Fv2%2Fproduct_tag&post=7481"}],"curies":[{"name":"wp","href":"https:\/\/api.w.org\/{rel}","templated":true}]}}