{"id":7509,"date":"2022-02-25T10:49:50","date_gmt":"2022-02-25T08:49:50","guid":{"rendered":"https:\/\/quintett.eu\/?post_type=product&#038;p=7509"},"modified":"2024-03-07T14:10:08","modified_gmt":"2024-03-07T12:10:08","slug":"mixer-digital-midas-m32-live","status":"publish","type":"product","link":"https:\/\/quintett.eu\/?product=mixer-digital-midas-m32-live","title":{"rendered":"MIDAS M32 LIVE &#8211; Mixer digital"},"content":{"rendered":"<p>Mixer Digital Midas M32 Live<\/p>\n<p>M32 Live &#8211; Mixer digital cu 32 intr\u0103ri de microfon \/ 16 ie\u0219iri, 25 fadere motorizate, 8 x DCA \u0219i 6 grupe de mu\u021bire.<\/p>\n<ul>\n<li>Preamplificatoare Midas<\/li>\n<li>8 efecte stereo<\/li>\n<li>Display color de 7&#8243;<\/li>\n<li>Re\u021beaua AES50 permite p\u00e2n\u0103 la 96 de intr\u0103ri \u0219i ie\u0219iri<\/li>\n<li>interfa\u021b\u0103 audio 32&#215;32 pe USB<\/li>\n<li>25 de bus-uri pentru mix<\/li>\n<li>Control remote pentru DAW<\/li>\n<li>DSP cu 40-bit floating point<\/li>\n<li>Control remote wireless prin aplica\u021bia iOs<\/li>\n<li>2x ie\u0219iri c\u0103\u0219ti cu conector jack de 6.3 mm<\/li>\n<li>Include card DN32-Live pentru inregistrare si redare<\/li>\n<li>Intrare\/Iesiri MIDI<\/li>\n<li>Dimensiuni: 891 x 607 x 256 mm<\/li>\n<li>Greutate: 24,5 Kg<\/li>\n<\/ul>\n","protected":false},"excerpt":{"rendered":"<p>MIXER DIGITAL MIDAS M32 LIVE<\/p>\n<ul>\n<li>Preamplificatoare Midas<\/li>\n<li>8 efecte stereo<\/li>\n<li>Display color de 7&#8243;<\/li>\n<li>Re\u021beaua AES50 permite p\u00e2n\u0103 la 96 de intr\u0103ri \u0219i ie\u0219iri<\/li>\n<li>interfa\u021b\u0103 audio 32&#215;32 pe USB<\/li>\n<\/ul>\n","protected":false},"featured_media":7510,"comment_status":"open","ping_status":"closed","template":"","meta":[],"product_brand":[],"product_cat":[447],"product_tag":[453,451,449,452,448,201,450],"class_list":{"0":"post-7509","1":"product","2":"type-product","3":"status-publish","4":"has-post-thumbnail","6":"product_cat-midas","7":"product_tag-m32-live","8":"product_tag-m32r","9":"product_tag-midas","10":"product_tag-midas-m32-live","11":"product_tag-midas-m32r","12":"product_tag-mixer-digital","13":"product_tag-mixer-digital-midas-m32r","15":"first","16":"instock","17":"sale","18":"purchasable","19":"product-type-simple"},"jetpack_sharing_enabled":true,"_links":{"self":[{"href":"https:\/\/quintett.eu\/index.php?rest_route=\/wp\/v2\/product\/7509","targetHints":{"allow":["GET"]}}],"collection":[{"href":"https:\/\/quintett.eu\/index.php?rest_route=\/wp\/v2\/product"}],"about":[{"href":"https:\/\/quintett.eu\/index.php?rest_route=\/wp\/v2\/types\/product"}],"replies":[{"embeddable":true,"href":"https:\/\/quintett.eu\/index.php?rest_route=%2Fwp%2Fv2%2Fcomments&post=7509"}],"wp:featuredmedia":[{"embeddable":true,"href":"https:\/\/quintett.eu\/index.php?rest_route=\/wp\/v2\/media\/7510"}],"wp:attachment":[{"href":"https:\/\/quintett.eu\/index.php?rest_route=%2Fwp%2Fv2%2Fmedia&parent=7509"}],"wp:term":[{"taxonomy":"product_brand","embeddable":true,"href":"https:\/\/quintett.eu\/index.php?rest_route=%2Fwp%2Fv2%2Fproduct_brand&post=7509"},{"taxonomy":"product_cat","embeddable":true,"href":"https:\/\/quintett.eu\/index.php?rest_route=%2Fwp%2Fv2%2Fproduct_cat&post=7509"},{"taxonomy":"product_tag","embeddable":true,"href":"https:\/\/quintett.eu\/index.php?rest_route=%2Fwp%2Fv2%2Fproduct_tag&post=7509"}],"curies":[{"name":"wp","href":"https:\/\/api.w.org\/{rel}","templated":true}]}}