{"id":7522,"date":"2022-02-25T11:01:33","date_gmt":"2022-02-25T09:01:33","guid":{"rendered":"https:\/\/quintett.eu\/?post_type=product&#038;p=7522"},"modified":"2025-01-10T17:55:34","modified_gmt":"2025-01-10T15:55:34","slug":"stage-box-midas-dl32","status":"publish","type":"product","link":"https:\/\/quintett.eu\/?product=stage-box-midas-dl32","title":{"rendered":"Stage box MIDAS DL32"},"content":{"rendered":"<p><strong>Specificatii:<\/strong><\/p>\n<ul>\n<li>32 Intrari<\/li>\n<li>16 Iesiri<\/li>\n<li>Microfon Input: 32 XLR male 3-pini, Neutrik<\/li>\n<li>+ 48 V phantom power<\/li>\n<li>Output (Analog) 16 XLR mama 3-pin, Neutrik<\/li>\n<li>Dual ADAT<\/li>\n<li>Preamps 32 Midas PRO<\/li>\n<li>MIDI I\/O pentru comunicare directionala<\/li>\n<li>Monitorizare Sistem de monitorizare personal cu Ultranet<\/li>\n<li>Casti 1 x 1\/4&#8243; (6.3 mm) TRS<\/li>\n<li>Porturi AES cu tehnologie Klark Teknik SuperMAC<\/li>\n<li>CAT5\/5e pana la 100 m<\/li>\n<li>USB<\/li>\n<li>Format: 19&#8243; \/ 3 U<\/li>\n<\/ul>\n","protected":false},"excerpt":{"rendered":"<p><strong>Stage Box Midas DL32<\/strong><\/p>\n<p>DL32 este solu\u021bia perfect\u0103 pentru scena. DL32 ofer\u0103 32 preamplificatoare de microfon MIDAS PRO Series controlate de la distan\u021b\u0103, plus 16 intr\u0103ri XLR analogice echilibrate la sf\u00e2r\u0219itul etapei &#8211; \u0219i tot ce este necesar este un singur cablu Cat 5e (p\u00e2n\u0103 la 100 m \/ 328&#8242;).<\/p>\n","protected":false},"featured_media":7531,"comment_status":"open","ping_status":"closed","template":"","meta":[],"product_brand":[],"product_cat":[447,42],"product_tag":[455,451,449,456,448,201,450,454],"class_list":{"0":"post-7522","1":"product","2":"type-product","3":"status-publish","4":"has-post-thumbnail","6":"product_cat-midas","7":"product_cat-promotii","8":"product_tag-dl-32","9":"product_tag-m32r","10":"product_tag-midas","11":"product_tag-midas-dl32","12":"product_tag-midas-m32r","13":"product_tag-mixer-digital","14":"product_tag-mixer-digital-midas-m32r","15":"product_tag-stage-box","17":"first","18":"instock","19":"sale","20":"purchasable","21":"product-type-simple"},"jetpack_sharing_enabled":true,"_links":{"self":[{"href":"https:\/\/quintett.eu\/index.php?rest_route=\/wp\/v2\/product\/7522","targetHints":{"allow":["GET"]}}],"collection":[{"href":"https:\/\/quintett.eu\/index.php?rest_route=\/wp\/v2\/product"}],"about":[{"href":"https:\/\/quintett.eu\/index.php?rest_route=\/wp\/v2\/types\/product"}],"replies":[{"embeddable":true,"href":"https:\/\/quintett.eu\/index.php?rest_route=%2Fwp%2Fv2%2Fcomments&post=7522"}],"wp:featuredmedia":[{"embeddable":true,"href":"https:\/\/quintett.eu\/index.php?rest_route=\/wp\/v2\/media\/7531"}],"wp:attachment":[{"href":"https:\/\/quintett.eu\/index.php?rest_route=%2Fwp%2Fv2%2Fmedia&parent=7522"}],"wp:term":[{"taxonomy":"product_brand","embeddable":true,"href":"https:\/\/quintett.eu\/index.php?rest_route=%2Fwp%2Fv2%2Fproduct_brand&post=7522"},{"taxonomy":"product_cat","embeddable":true,"href":"https:\/\/quintett.eu\/index.php?rest_route=%2Fwp%2Fv2%2Fproduct_cat&post=7522"},{"taxonomy":"product_tag","embeddable":true,"href":"https:\/\/quintett.eu\/index.php?rest_route=%2Fwp%2Fv2%2Fproduct_tag&post=7522"}],"curies":[{"name":"wp","href":"https:\/\/api.w.org\/{rel}","templated":true}]}}