{"id":7675,"date":"2022-03-09T19:24:57","date_gmt":"2022-03-09T17:24:57","guid":{"rendered":"https:\/\/quintett.eu\/?post_type=product&#038;p=7675"},"modified":"2022-03-14T09:14:17","modified_gmt":"2022-03-14T07:14:17","slug":"sennheiser-e835-3pack","status":"publish","type":"product","link":"https:\/\/quintett.eu\/?product=sennheiser-e835-3pack","title":{"rendered":"Sennheiser E835 3Pack"},"content":{"rendered":"<div>\n<p>Caracteristici :<\/p>\n<ul>\n<li>caracteristic\u0103 cardioid\u0103<\/li>\n<li>reproducere clar\u0103, calitate consistent\u0103 a sunetului \u0219i la distan\u021be variabile<\/li>\n<li>suport\u0103 nivele mari de presiune sonor\u0103<\/li>\n<li>izoleaz\u0103 bine zgomotul de manevrare, bobin\u0103 de compensare hum<\/li>\n<li>carcas\u0103 metalic\u0103 solid\u0103<\/li>\n<li>plaja de frecven\u021be: 40Hz &#8211; 16kHz<\/li>\n<li>sensibilitate in spatiu deschis, fara incarcare (1kHz): 2,7 mV\/Pa<\/li>\n<li>dimensiuni: \u00d8 48 x 180 mm(fiecare)<\/li>\n<li>greutate: 330g(fiecare)<\/li>\n<li>include nuc\u0103 de microfon si hus\u0103 de transport<\/li>\n<\/ul>\n<\/div>\n","protected":false},"excerpt":{"rendered":"<p><strong>Sennheiser E835 3Pack &#8211;<\/strong> set de 3 microfoane dinamice, cardioid pentru voce ce reprezint\u0103 un standard pentru s\u0103lile de exerci\u021bii, studiouri de cas\u0103, scene de club sau perezent\u0103ri datorita versatilit\u0103\u021bii, imunit\u0103\u021bii la feedback \u0219i a calit\u0103\u021bii excep\u021bionale de captare a sunetului chiar \u0219i la distan\u021be variabile.<\/p>\n","protected":false},"featured_media":7679,"comment_status":"open","ping_status":"closed","template":"","meta":[],"product_brand":[],"product_cat":[129],"product_tag":[459,460,142,463,461],"class_list":{"0":"post-7675","1":"product","2":"type-product","3":"status-publish","4":"has-post-thumbnail","6":"product_cat-casti-in-ear","7":"product_tag-e835","8":"product_tag-microfon-sennheiser","9":"product_tag-sennheiser","10":"product_tag-sennheiser-e835-3pack","11":"product_tag-sennheiser-e835-s","13":"first","14":"instock","15":"sale","16":"purchasable","17":"product-type-simple"},"jetpack_sharing_enabled":true,"_links":{"self":[{"href":"https:\/\/quintett.eu\/index.php?rest_route=\/wp\/v2\/product\/7675","targetHints":{"allow":["GET"]}}],"collection":[{"href":"https:\/\/quintett.eu\/index.php?rest_route=\/wp\/v2\/product"}],"about":[{"href":"https:\/\/quintett.eu\/index.php?rest_route=\/wp\/v2\/types\/product"}],"replies":[{"embeddable":true,"href":"https:\/\/quintett.eu\/index.php?rest_route=%2Fwp%2Fv2%2Fcomments&post=7675"}],"wp:featuredmedia":[{"embeddable":true,"href":"https:\/\/quintett.eu\/index.php?rest_route=\/wp\/v2\/media\/7679"}],"wp:attachment":[{"href":"https:\/\/quintett.eu\/index.php?rest_route=%2Fwp%2Fv2%2Fmedia&parent=7675"}],"wp:term":[{"taxonomy":"product_brand","embeddable":true,"href":"https:\/\/quintett.eu\/index.php?rest_route=%2Fwp%2Fv2%2Fproduct_brand&post=7675"},{"taxonomy":"product_cat","embeddable":true,"href":"https:\/\/quintett.eu\/index.php?rest_route=%2Fwp%2Fv2%2Fproduct_cat&post=7675"},{"taxonomy":"product_tag","embeddable":true,"href":"https:\/\/quintett.eu\/index.php?rest_route=%2Fwp%2Fv2%2Fproduct_tag&post=7675"}],"curies":[{"name":"wp","href":"https:\/\/api.w.org\/{rel}","templated":true}]}}