{"id":7701,"date":"2022-03-09T19:34:17","date_gmt":"2022-03-09T17:34:17","guid":{"rendered":"https:\/\/quintett.eu\/?post_type=product&#038;p=7701"},"modified":"2022-03-10T10:54:39","modified_gmt":"2022-03-10T08:54:39","slug":"sennheiser-e906","status":"publish","type":"product","link":"https:\/\/quintett.eu\/?product=sennheiser-e906","title":{"rendered":"Sennheiser E906"},"content":{"rendered":"<p>Caracteristici:<\/p>\n<ul>\n<li>caracteristic\u0103 polar\u0103: supercardioid<\/li>\n<li>filtru de prezen\u021b\u0103 comutabil\u0103 \u00een 3 pa\u0219i<\/li>\n<li>poate fi pozi\u021bionat \u00een fa\u021ba difuzorului doar at\u00e2rnand de cablu (f\u0103r\u0103 stativ)<\/li>\n<li>capsula cu montur\u0103 anti-\u0219oc incorporat<\/li>\n<li>carcas\u0103 metalic\u0103 robust\u0103<\/li>\n<li>55 x 34 x 134mm<\/li>\n<li>greutate: 140g<\/li>\n<li>sensibilitate: 2.2mV\/Pa<\/li>\n<\/ul>\n","protected":false},"excerpt":{"rendered":"<p><strong>Sennheiser E 906<\/strong> este un microfon dinamic supercardioid de instrumente creat special pentru tobe si percutii cat si pentru amplificatoare de chitara si al\u0103muri si este prevazut cu un 3 moduri de prezenta.<\/p>\n","protected":false},"featured_media":7703,"comment_status":"open","ping_status":"closed","template":"","meta":[],"product_brand":[],"product_cat":[129],"product_tag":[467,460,142,468],"class_list":{"0":"post-7701","1":"product","2":"type-product","3":"status-publish","4":"has-post-thumbnail","6":"product_cat-casti-in-ear","7":"product_tag-e906","8":"product_tag-microfon-sennheiser","9":"product_tag-sennheiser","10":"product_tag-sennheiser-e906","12":"first","13":"instock","14":"sale","15":"purchasable","16":"product-type-simple"},"jetpack_sharing_enabled":true,"_links":{"self":[{"href":"https:\/\/quintett.eu\/index.php?rest_route=\/wp\/v2\/product\/7701","targetHints":{"allow":["GET"]}}],"collection":[{"href":"https:\/\/quintett.eu\/index.php?rest_route=\/wp\/v2\/product"}],"about":[{"href":"https:\/\/quintett.eu\/index.php?rest_route=\/wp\/v2\/types\/product"}],"replies":[{"embeddable":true,"href":"https:\/\/quintett.eu\/index.php?rest_route=%2Fwp%2Fv2%2Fcomments&post=7701"}],"wp:featuredmedia":[{"embeddable":true,"href":"https:\/\/quintett.eu\/index.php?rest_route=\/wp\/v2\/media\/7703"}],"wp:attachment":[{"href":"https:\/\/quintett.eu\/index.php?rest_route=%2Fwp%2Fv2%2Fmedia&parent=7701"}],"wp:term":[{"taxonomy":"product_brand","embeddable":true,"href":"https:\/\/quintett.eu\/index.php?rest_route=%2Fwp%2Fv2%2Fproduct_brand&post=7701"},{"taxonomy":"product_cat","embeddable":true,"href":"https:\/\/quintett.eu\/index.php?rest_route=%2Fwp%2Fv2%2Fproduct_cat&post=7701"},{"taxonomy":"product_tag","embeddable":true,"href":"https:\/\/quintett.eu\/index.php?rest_route=%2Fwp%2Fv2%2Fproduct_tag&post=7701"}],"curies":[{"name":"wp","href":"https:\/\/api.w.org\/{rel}","templated":true}]}}