{"id":7725,"date":"2022-03-10T11:34:09","date_gmt":"2022-03-10T09:34:09","guid":{"rendered":"https:\/\/quintett.eu\/?post_type=product&#038;p=7725"},"modified":"2022-07-16T01:42:09","modified_gmt":"2022-07-15T23:42:09","slug":"lynx-wcx-8","status":"publish","type":"product","link":"https:\/\/quintett.eu\/?product=lynx-wcx-8","title":{"rendered":"Lynx WCX-8"},"content":{"rendered":"<div class=\"page\" title=\"Page 1\">\n<div class=\"section\">\n<div class=\"layoutArea\">\n<div class=\"column\">\n<p>Caracteristici:<\/p>\n<p>Compus din :1 x 8\u201d difuzor coaxial cu LF 2.5\u201d si bobina HF 1.75\u201d<\/p>\n<p>Raspuns in frecventa -10dB \u00a0:70 Hz &#8211; 17 KHz (-10dB)<\/p>\n<p>Raspuns in frecventa \u00b1 3dB\u00a0:100 Hz &#8211; 18 KHz (\u00b1 3dB)<\/p>\n<p>Senzitivitate:95 dB (1W@1m)<\/p>\n<p>SPL maxim :120 dB \/ 126 dB peak<\/p>\n<p>Puteere :300 W AES (600 W program, 1200 W peak)<\/p>\n<p>Mod de operare:8 \u03a9 \/ Optional 100 V: 200 W \/ 100 W \/ 50 W selectable<\/p>\n<p>Impedanta :8\u03a9<\/p>\n<p>Conectori : Intrare : Euroblock terminal,<\/p>\n<p>Iesire: \u00a0Cable gland<\/p>\n<p>Vopsea :Polyurea coating<\/p>\n<p>Material :15 mm premium birch plywood<\/p>\n<p>Dimensiuni : 265 x 265 x 265 mm (H x W x D)<\/p>\n<p>Kilograme :10 Kg (22 lbs)<\/p>\n<\/div>\n<\/div>\n<\/div>\n<\/div>\n","protected":false},"excerpt":{"rendered":"<pre id=\"tw-target-text\" class=\"tw-data-text tw-text-large tw-ta\" dir=\"ltr\" data-placeholder=\"Traducere\"><span class=\"Y2IQFc\" lang=\"ro\">WCX-8 este o boxa coaxial\u0103 cu dou\u0103 c\u0103i, parte din seria WCX.WCX-8 este un cabinet compact, modular \u0219i puternic conceput pentru aplica\u021bii \u00een aer liber. Transformatorul de linie este op\u021bional.\r\nAceasta este o boxa rezistenta la intemperii, conceputa pentru a rezista la conditii meteorologice foarte dure,unde incintele sunt expuse la intemperii.\r\nWCX-8 folose\u0219te un difuzor coaxial de 8\u201d (bobin\u0103 LF de 2,5\u201d \u0219i bobin\u0103 HF de 1,75\u201d) care ofer\u0103 o acoperire de dispersie conic\u0103 de 70o \u0219i 123 dB SPL (program de 600 W).\r\n\r\n<\/span><\/pre>\n","protected":false},"featured_media":7727,"comment_status":"open","ping_status":"closed","template":"","meta":[],"product_brand":[],"product_cat":[178],"product_tag":[475,472,476,473,471,474],"class_list":{"0":"post-7725","1":"product","2":"type-product","3":"status-publish","4":"has-post-thumbnail","6":"product_cat-boxe-systeme-audio","7":"product_tag-100v","8":"product_tag-box-outdoor","9":"product_tag-boxa-300w","10":"product_tag-boxe-pentru-instalatii","11":"product_tag-lynx","12":"product_tag-wcx-8","14":"first","15":"instock","16":"product-type-simple"},"jetpack_sharing_enabled":true,"_links":{"self":[{"href":"https:\/\/quintett.eu\/index.php?rest_route=\/wp\/v2\/product\/7725","targetHints":{"allow":["GET"]}}],"collection":[{"href":"https:\/\/quintett.eu\/index.php?rest_route=\/wp\/v2\/product"}],"about":[{"href":"https:\/\/quintett.eu\/index.php?rest_route=\/wp\/v2\/types\/product"}],"replies":[{"embeddable":true,"href":"https:\/\/quintett.eu\/index.php?rest_route=%2Fwp%2Fv2%2Fcomments&post=7725"}],"wp:featuredmedia":[{"embeddable":true,"href":"https:\/\/quintett.eu\/index.php?rest_route=\/wp\/v2\/media\/7727"}],"wp:attachment":[{"href":"https:\/\/quintett.eu\/index.php?rest_route=%2Fwp%2Fv2%2Fmedia&parent=7725"}],"wp:term":[{"taxonomy":"product_brand","embeddable":true,"href":"https:\/\/quintett.eu\/index.php?rest_route=%2Fwp%2Fv2%2Fproduct_brand&post=7725"},{"taxonomy":"product_cat","embeddable":true,"href":"https:\/\/quintett.eu\/index.php?rest_route=%2Fwp%2Fv2%2Fproduct_cat&post=7725"},{"taxonomy":"product_tag","embeddable":true,"href":"https:\/\/quintett.eu\/index.php?rest_route=%2Fwp%2Fv2%2Fproduct_tag&post=7725"}],"curies":[{"name":"wp","href":"https:\/\/api.w.org\/{rel}","templated":true}]}}