{"id":7736,"date":"2022-03-10T16:15:36","date_gmt":"2022-03-10T14:15:36","guid":{"rendered":"https:\/\/quintett.eu\/?post_type=product&#038;p=7736"},"modified":"2022-03-10T16:24:18","modified_gmt":"2022-03-10T14:24:18","slug":"score-8","status":"publish","type":"product","link":"https:\/\/quintett.eu\/?product=score-8","title":{"rendered":"Score 8"},"content":{"rendered":"<div class=\"page\" title=\"Page 1\">\n<div class=\"layoutArea\">\n<div class=\"column\">\n<p>Frequency range:<\/p>\n<p>65 Hz &#8211; 19 kHz (- 10 dB)<br \/>\n78 Hz &#8211; 17,3 kHz (+\/- 3 dB)<\/p>\n<p>Coverage range \u00a0 :<\/p>\n<p>90\u00b0 x 40\u00b0 sau 60\u00b0 x 40\u00b0<\/p>\n<p>Powerhandling 12 \u03a9 :500 W AES \/ 1.000 W program \/ 2.000 W peak<\/p>\n<p>Sound pressure :130 dB SPL AES \/ 133 dB SPL program \/ 136 dB SPL peak<\/p>\n<p>Components :<\/p>\n<p>2 x 8&#8243; Neodym LF with 2,5&#8243; voice coil<br \/>\n1 x 1,4&#8243; Neodym compression driver with 2,4&#8243; voice coil<\/p>\n<p>Connectors:2 x Neutrik NL4 Speakon IN\/OUT (loop through), con guration: 1+\/1-<\/p>\n<p>Mounting:<\/p>\n<p>1 x Easy y mechanism for vertical Mounting<br \/>\n1 x Camlock for tilt and swivel multifunctional brackets<br \/>\n1 x single-stud mount in the metal connection panel for safety rope 2 x M6 threaded points for rear, adjustable wall brackets<br \/>\n1 x M8 thread point for mounting a rear crosspiece clamp<br \/>\n6 x M10 threaded points for eye bolt and bracket mounting<br \/>\n1 x tilting pole socket +\/- 18\u00b0, tilt for a stand or mounting pole<\/p>\n<p>Dimensions\/Weight :625 (h) x 262 (w) x 337 mm (d) \/ 19,6 kg<\/p>\n<\/div>\n<\/div>\n<\/div>\n","protected":false},"excerpt":{"rendered":"<p>Voice-Acoustic Score-8 este o boxa pasiva cu dou\u0103 c\u0103i echipata cu dou\u0103 difuzoare driver de 8&#8243; \u00een aranjament D&#8217;Appolito \u0219i un driver de compresie de 1,4&#8243; cuplat la un horn rotativ pentru CD, \u00a0cu dispersie 60\u00b0 x 40\u00b0, fie 90\u00b0 x 40 \u00b0 . Cu aspectul s\u0103u elegant, Score-8 arat\u0103 grozav \u00een toate aplica\u021biile mobile \u0219i instala\u021biile fixe. Acesta stabile\u0219te noi standarde pentru difuzoarele compacte de \u00eenalt\u0103 performan\u021b\u0103. Performan\u021ba peste medie este ob\u021binut\u0103 \u0219i prin designul sau Score-8 atinge \u00a0o sensibilitate de 105 dB 1W\/1m \u00een intervalul joas\u0103\/medie. \u00cen intervalul de frecven\u021b\u0103 \u00eenalt\u0103, un 1,4 Se foloseste hornul, care este foarte mare in raport cu dimensiunile incintei. Acest lucru asigur\u0103 o eficien\u021b\u0103 \u0219i mai mare \u0219i o directivitate perfect\u0103 \u00een domeniul de frecven\u021b\u0103 superioara.<\/p>\n","protected":false},"featured_media":7760,"comment_status":"open","ping_status":"closed","template":"","meta":[],"product_brand":[],"product_cat":[479],"product_tag":[482,411,481,480],"class_list":{"0":"post-7736","1":"product","2":"type-product","3":"status-publish","4":"has-post-thumbnail","6":"product_cat-voice-acoustic","7":"product_tag-boxe-instalatii","8":"product_tag-boxe-pasive","9":"product_tag-score-8","10":"product_tag-voice-acoustic","12":"first","13":"onbackorder","14":"product-type-simple"},"jetpack_sharing_enabled":true,"_links":{"self":[{"href":"https:\/\/quintett.eu\/index.php?rest_route=\/wp\/v2\/product\/7736","targetHints":{"allow":["GET"]}}],"collection":[{"href":"https:\/\/quintett.eu\/index.php?rest_route=\/wp\/v2\/product"}],"about":[{"href":"https:\/\/quintett.eu\/index.php?rest_route=\/wp\/v2\/types\/product"}],"replies":[{"embeddable":true,"href":"https:\/\/quintett.eu\/index.php?rest_route=%2Fwp%2Fv2%2Fcomments&post=7736"}],"wp:featuredmedia":[{"embeddable":true,"href":"https:\/\/quintett.eu\/index.php?rest_route=\/wp\/v2\/media\/7760"}],"wp:attachment":[{"href":"https:\/\/quintett.eu\/index.php?rest_route=%2Fwp%2Fv2%2Fmedia&parent=7736"}],"wp:term":[{"taxonomy":"product_brand","embeddable":true,"href":"https:\/\/quintett.eu\/index.php?rest_route=%2Fwp%2Fv2%2Fproduct_brand&post=7736"},{"taxonomy":"product_cat","embeddable":true,"href":"https:\/\/quintett.eu\/index.php?rest_route=%2Fwp%2Fv2%2Fproduct_cat&post=7736"},{"taxonomy":"product_tag","embeddable":true,"href":"https:\/\/quintett.eu\/index.php?rest_route=%2Fwp%2Fv2%2Fproduct_tag&post=7736"}],"curies":[{"name":"wp","href":"https:\/\/api.w.org\/{rel}","templated":true}]}}