{"id":7860,"date":"2022-05-26T13:39:26","date_gmt":"2022-05-26T11:39:26","guid":{"rendered":"https:\/\/quintett.eu\/?post_type=product&#038;p=7860"},"modified":"2025-04-17T17:37:30","modified_gmt":"2025-04-17T15:37:30","slug":"evolite-diamond-plus","status":"publish","type":"product","link":"https:\/\/quintett.eu\/?product=evolite-diamond-plus","title":{"rendered":"Evolite &#8211; DIAMOND 19x40Z"},"content":{"rendered":"<p>Specificatii :<\/p>\n<p>Evolite Diamond 19x40z<br \/>\nLED Lir\u0103 tip Wash cu efect multi-faz<br \/>\nRota\u021bie TILT 90\u00b0 \/ 180\u00b0 \/ 270\u00b0<br \/>\nEchipat cu 19 LED-uri Osram 40W RGBW<br \/>\n4 \u00een 1 Moduri de control: DMX, automat, detectare sunet.<br \/>\n7 moduri DMX: 21 \/ 23 \/ 35 \/ 78 \/ 92 \/ 97 sau 99 canale<br \/>\nUnghi de fascicul reglabil de la 3,5\u00b0 la 50\u00b0<br \/>\nZoom motorizat foarte rapid<br \/>\nOptic\u0103 ultra-luminoas\u0103<br \/>\nFunc\u021bionare extrem de silen\u021bioas\u0103<br \/>\nModuri automate foarte dinamice \u0219i variate<br \/>\nControl independent al fiec\u0103rei culori LED<br \/>\nEfecte: rota\u021bie a ecranului LED cu efect de diamant,<br \/>\nluminozitate 1m -142400 lx 8 m: 14.400 lx<br \/>\nSe livreaz\u0103 cu elemente de fixare tip c\u00e2rlig fixate direct pe baz\u0103 R\u0103cire cu ventila\u021bie for\u021bat\u0103, termoreglat\u0103 extrem de silentioas\u0103 Consum de energie: 600 W<br \/>\nLivrat \u00een carcas\u0103 de 1 unitate<br \/>\nConector True One pentru alimentare<br \/>\nConectori DMX cu 3 pini \u0219i 5 pini<br \/>\nDimensiuni unitate: 376 x 2 820 kg<br \/>\nGreutate: 18 kg<\/p>\n","protected":false},"excerpt":{"rendered":"<p>Evolite &#8211; Lyre Wash cu zoom \u0219i efect multi-faz LED Quad RGBW 19x 40 W evolite Diamond 19x40z, o performan\u021b\u0103 tehnic\u0103 la un nivel de pre\u021b de neegalat! Livrat \u00eentr-o singur\u0103 unitate flight case pe ro\u021bi.<\/p>\n","protected":false},"featured_media":12588,"comment_status":"open","ping_status":"closed","template":"","meta":[],"product_brand":[],"product_cat":[493],"product_tag":[500,498,501,190,499],"class_list":{"0":"post-7860","1":"product","2":"type-product","3":"status-publish","4":"has-post-thumbnail","6":"product_cat-msc","7":"product_tag-19x40w","8":"product_tag-evolite","9":"product_tag-lumini-inteligente","10":"product_tag-moving-head","11":"product_tag-wash-rugby","13":"first","14":"instock","15":"sale","16":"purchasable","17":"product-type-simple"},"jetpack_sharing_enabled":true,"_links":{"self":[{"href":"https:\/\/quintett.eu\/index.php?rest_route=\/wp\/v2\/product\/7860","targetHints":{"allow":["GET"]}}],"collection":[{"href":"https:\/\/quintett.eu\/index.php?rest_route=\/wp\/v2\/product"}],"about":[{"href":"https:\/\/quintett.eu\/index.php?rest_route=\/wp\/v2\/types\/product"}],"replies":[{"embeddable":true,"href":"https:\/\/quintett.eu\/index.php?rest_route=%2Fwp%2Fv2%2Fcomments&post=7860"}],"wp:featuredmedia":[{"embeddable":true,"href":"https:\/\/quintett.eu\/index.php?rest_route=\/wp\/v2\/media\/12588"}],"wp:attachment":[{"href":"https:\/\/quintett.eu\/index.php?rest_route=%2Fwp%2Fv2%2Fmedia&parent=7860"}],"wp:term":[{"taxonomy":"product_brand","embeddable":true,"href":"https:\/\/quintett.eu\/index.php?rest_route=%2Fwp%2Fv2%2Fproduct_brand&post=7860"},{"taxonomy":"product_cat","embeddable":true,"href":"https:\/\/quintett.eu\/index.php?rest_route=%2Fwp%2Fv2%2Fproduct_cat&post=7860"},{"taxonomy":"product_tag","embeddable":true,"href":"https:\/\/quintett.eu\/index.php?rest_route=%2Fwp%2Fv2%2Fproduct_tag&post=7860"}],"curies":[{"name":"wp","href":"https:\/\/api.w.org\/{rel}","templated":true}]}}