{"id":7862,"date":"2022-05-26T13:49:34","date_gmt":"2022-05-26T11:49:34","guid":{"rendered":"https:\/\/quintett.eu\/?post_type=product&#038;p=7862"},"modified":"2025-04-11T08:57:07","modified_gmt":"2025-04-11T06:57:07","slug":"evolite-evo-wash-730z-pix","status":"publish","type":"product","link":"https:\/\/quintett.eu\/?product=evolite-evo-wash-730z-pix","title":{"rendered":"Evolite &#8211; Evo Wash 1240z-R Set"},"content":{"rendered":"<p>Specifica\u021bii :<\/p>\n<p>Set evolite Evo Wash 1240z-R<br \/>\n12 LED-uri RGBL 4-\u00een-1 de 40 W (30.000 h)<br \/>\nZoom motorizat de 7,55\u00b0<br \/>\nFlux luminos: 45514 lux @ 3 m<br \/>\nOptic\u0103 ultra-clar\u0103 cu amestecare omogen\u0103 a culorilor RGBL<br \/>\nLED-uri de control \u00een grupuri de 3<br \/>\nReglarea temperaturii culorii de la 2200 la 8000 K<br \/>\nMacro-uri de culoare cu efecte dinamice<br \/>\nEfect de rota\u021bie infinit a lentilelor<br \/>\nRota\u021bii PAN 540\u00b0 (2.11\u00b0) \u0219i TILT 270\u00b0 (1.05\u00b0) Ecran TFT de 1.77 inchi Moduri de control: DMX (26 \/ 38 canale),<br \/>\nRDM Strobe 0,5 25 Hz<br \/>\nConsum de energie: 500 W<br \/>\nAlimentare: 100-240 VAC IP20<br \/>\nC\u0103r\u021bi \u00een flightcase, 2 per pachet<br \/>\nDimensiuni flight case: 720 x 500 x 660 mm<br \/>\nGreutate unitar\u0103: 14 kg<br \/>\nGreutatea setului cu flight case: 62 kg<\/p>\n","protected":false},"excerpt":{"rendered":"<p>Moving heads wash\u00a012x40W cu Evolite Evo Wash 1240z-R Set Pix, Ideal pentru furnizorii de servicii, controlabil \u00een moduri DMX, muzic\u0103 sau master\/slave, receptor W-DMX DMX de la Wireless Solution inclus.<\/p>\n<p>3 Ani Garantie !!!<\/p>\n","protected":false},"featured_media":12058,"comment_status":"open","ping_status":"closed","template":"","meta":[],"product_brand":[],"product_cat":[493,42],"product_tag":[502,498,501,1380,196,1379],"class_list":{"0":"post-7862","1":"product","2":"type-product","3":"status-publish","4":"has-post-thumbnail","6":"product_cat-msc","7":"product_cat-promotii","8":"product_tag-7-x-30w","9":"product_tag-evolite","10":"product_tag-lumini-inteligente","11":"product_tag-lumini-wash-led","12":"product_tag-wash","13":"product_tag-wash-12x40","15":"first","16":"instock","17":"sale","18":"purchasable","19":"product-type-simple"},"jetpack_sharing_enabled":true,"_links":{"self":[{"href":"https:\/\/quintett.eu\/index.php?rest_route=\/wp\/v2\/product\/7862","targetHints":{"allow":["GET"]}}],"collection":[{"href":"https:\/\/quintett.eu\/index.php?rest_route=\/wp\/v2\/product"}],"about":[{"href":"https:\/\/quintett.eu\/index.php?rest_route=\/wp\/v2\/types\/product"}],"replies":[{"embeddable":true,"href":"https:\/\/quintett.eu\/index.php?rest_route=%2Fwp%2Fv2%2Fcomments&post=7862"}],"wp:featuredmedia":[{"embeddable":true,"href":"https:\/\/quintett.eu\/index.php?rest_route=\/wp\/v2\/media\/12058"}],"wp:attachment":[{"href":"https:\/\/quintett.eu\/index.php?rest_route=%2Fwp%2Fv2%2Fmedia&parent=7862"}],"wp:term":[{"taxonomy":"product_brand","embeddable":true,"href":"https:\/\/quintett.eu\/index.php?rest_route=%2Fwp%2Fv2%2Fproduct_brand&post=7862"},{"taxonomy":"product_cat","embeddable":true,"href":"https:\/\/quintett.eu\/index.php?rest_route=%2Fwp%2Fv2%2Fproduct_cat&post=7862"},{"taxonomy":"product_tag","embeddable":true,"href":"https:\/\/quintett.eu\/index.php?rest_route=%2Fwp%2Fv2%2Fproduct_tag&post=7862"}],"curies":[{"name":"wp","href":"https:\/\/api.w.org\/{rel}","templated":true}]}}