{"id":7877,"date":"2022-05-26T14:41:09","date_gmt":"2022-05-26T12:41:09","guid":{"rendered":"https:\/\/quintett.eu\/?post_type=product&#038;p=7877"},"modified":"2024-11-26T12:21:19","modified_gmt":"2024-11-26T10:21:19","slug":"mac-spot-100-fc-mac-mah","status":"publish","type":"product","link":"https:\/\/quintett.eu\/?product=mac-spot-100-fc-mac-mah","title":{"rendered":"MAC SPOT 100-FC &#8211; Mac Mah"},"content":{"rendered":"<p>Caracteristici:<br \/>\n&#8211; LED alb 100W 9500K<br \/>\n&#8211; 14 canale DMX &#8211; Moduri de operare: DMX, activat prin sunet, master-slave \u0219i automat<br \/>\n&#8211; 1 roat\u0103 din 7 gobo fixe + deschis, shake gobo \u0219i efect curcubeu<br \/>\n&#8211; 1 roata din 6 gobo de sticla rotativa + deschis, curcubeu si shake<br \/>\n&#8211; 1 roata de 7 culori + alb, jumatate de culori si efect curcubeu<br \/>\n&#8211; Prism\u0103 rotativ\u0103 cu 6 fa\u021bete, viteze variabile bidirec\u021bionale<br \/>\n&#8211; Focalizare motor &#8211; Dimmer 0 &#8211; 100% &#8211; Strobe<br \/>\n&#8211; Rotire pan\/tilt cu viteza reglabila &#8211; unghiul fasciculului 15\u00b0<br \/>\n&#8211; Iluminare: 3420 lux la 5 metri &#8211; Clip Omga<br \/>\n&#8211; Ecran LCD &#8211; Powercon in \/ out<br \/>\n&#8211; Racire prin ventilatie fortata, termoregulata<br \/>\n&#8211; Plic: material compozit cu fibre retardante ranforsate<br \/>\n&#8211; Factor de protectie: IP20 &#8211; Pozitionare: numai in interior, trebuie fixat pe o suprafata sau structura<br \/>\n&#8211; Consum de energie: 150W max &#8211; Alimentare AC: AC100-240 V, 50\/60 Hz<\/p>\n<p>&#8211; Flightcase pentru 2 capete mobile incluse cu placaj de 9 mm<br \/>\n&#8211; Tava de depozitare pentru accesorii<br \/>\n&#8211; Livrat cu 4 rotile premontate (3&#8220;)<\/p>\n","protected":false},"excerpt":{"rendered":"<p>Set de dou\u0103 capete mobile LED Spot de 100 W MAC MAH MACSPOT 100 lbs per 2\/bc \u00eentr-un case pe ro\u021bi. Capete mobile, fiecare echipat cu 7 gobo-uri fixe + deschise, 1 roat\u0103 de 6 sticl\u0103 rotativ\u0103 + gobo-uri deschise, 1 roat\u0103 de 7 culori + alb, o prism\u0103 rotativ\u0103 cu 6 fa\u021bete, viteze variabile bidirec\u021bionale \u0219i un Focus Motorizat. Ideal pentru antreprenori \u0219i instalatii. Controlabil \u00een modurile DMX, Auto, muzical sau master\/slave.<\/p>\n<p>https:\/\/www.youtube.com\/watch?v=RRZX_8Ngpxs<\/p>\n","protected":false},"featured_media":7878,"comment_status":"open","ping_status":"closed","template":"","meta":[],"product_brand":[],"product_cat":[496],"product_tag":[513,195,514],"class_list":{"0":"post-7877","1":"product","2":"type-product","3":"status-publish","4":"has-post-thumbnail","6":"product_cat-msc-lumini-si-scene","7":"product_tag-mac-mah","8":"product_tag-spot","9":"product_tag-spot100w","11":"first","12":"instock","13":"sale","14":"purchasable","15":"product-type-simple"},"jetpack_sharing_enabled":true,"_links":{"self":[{"href":"https:\/\/quintett.eu\/index.php?rest_route=\/wp\/v2\/product\/7877","targetHints":{"allow":["GET"]}}],"collection":[{"href":"https:\/\/quintett.eu\/index.php?rest_route=\/wp\/v2\/product"}],"about":[{"href":"https:\/\/quintett.eu\/index.php?rest_route=\/wp\/v2\/types\/product"}],"replies":[{"embeddable":true,"href":"https:\/\/quintett.eu\/index.php?rest_route=%2Fwp%2Fv2%2Fcomments&post=7877"}],"wp:featuredmedia":[{"embeddable":true,"href":"https:\/\/quintett.eu\/index.php?rest_route=\/wp\/v2\/media\/7878"}],"wp:attachment":[{"href":"https:\/\/quintett.eu\/index.php?rest_route=%2Fwp%2Fv2%2Fmedia&parent=7877"}],"wp:term":[{"taxonomy":"product_brand","embeddable":true,"href":"https:\/\/quintett.eu\/index.php?rest_route=%2Fwp%2Fv2%2Fproduct_brand&post=7877"},{"taxonomy":"product_cat","embeddable":true,"href":"https:\/\/quintett.eu\/index.php?rest_route=%2Fwp%2Fv2%2Fproduct_cat&post=7877"},{"taxonomy":"product_tag","embeddable":true,"href":"https:\/\/quintett.eu\/index.php?rest_route=%2Fwp%2Fv2%2Fproduct_tag&post=7877"}],"curies":[{"name":"wp","href":"https:\/\/api.w.org\/{rel}","templated":true}]}}