{"id":7888,"date":"2022-05-26T15:07:39","date_gmt":"2022-05-26T13:07:39","guid":{"rendered":"https:\/\/quintett.eu\/?post_type=product&#038;p=7888"},"modified":"2024-10-29T12:37:13","modified_gmt":"2024-10-29T10:37:13","slug":"ls500-30rgbw-boomtone-dj","status":"publish","type":"product","link":"https:\/\/quintett.eu\/?product=ls500-30rgbw-boomtone-dj","title":{"rendered":"LS500-30RGBW &#8211; Boomtone DJ"},"content":{"rendered":"<p>Specifica\u021bii :<br \/>\n&#8211; banda adeziva de 5 metri<br \/>\n&#8211; Fundal de panglic\u0103 alb\u0103<br \/>\n&#8211; Programe integrate de estompare, bli\u021b \u0219i schimbare a culorii<br \/>\n&#8211; Banda rezistenta la stropii de apa<br \/>\n&#8211; Latime 10mm &#8211; 30 SMD 5050 RGB + W LED pe metru<br \/>\n&#8211; Controler RGBW cu control IR inclus<br \/>\n&#8211; Telecomanda IR cu 24 de butoane<br \/>\n&#8211; Func\u021bioneaz\u0103 cu adaptor de alimentare DC12V \/ 2A<br \/>\n&#8211; Livrat \u00een blister<\/p>\n","protected":false},"excerpt":{"rendered":"<p>Set de lumini LED flexibile Boomtone DJ LS500-30RGBW de 5 metri. Aceast\u0103 panglic\u0103 creeaz\u0103 o atmosfer\u0103 luminoas\u0103 datorit\u0103 LED-ului s\u0103u \u0219i amestecurilor de 4 culori diferite Ro\u0219u, Verde, Albastru \u0219i Alb. Controlerul integrat, precum \u0219i telecomanda permite selectarea diferitelor programe pentru a fi integrate \u00eentr-un bar, un magazin, un restaurant sau acas\u0103.<\/p>\n<p>&nbsp;<\/p>\n","protected":false},"featured_media":11412,"comment_status":"open","ping_status":"closed","template":"","meta":[],"product_brand":[],"product_cat":[517,42],"product_tag":[518,1265,1266,520,519],"class_list":{"0":"post-7888","1":"product","2":"type-product","3":"status-publish","4":"has-post-thumbnail","6":"product_cat-boomtone","7":"product_cat-promotii","8":"product_tag-banda-led","9":"product_tag-banda-led-5m","10":"product_tag-banda-led-rgbw","11":"product_tag-banda-rgbw","12":"product_tag-boomtone","14":"first","15":"instock","16":"purchasable","17":"product-type-simple"},"jetpack_sharing_enabled":true,"_links":{"self":[{"href":"https:\/\/quintett.eu\/index.php?rest_route=\/wp\/v2\/product\/7888","targetHints":{"allow":["GET"]}}],"collection":[{"href":"https:\/\/quintett.eu\/index.php?rest_route=\/wp\/v2\/product"}],"about":[{"href":"https:\/\/quintett.eu\/index.php?rest_route=\/wp\/v2\/types\/product"}],"replies":[{"embeddable":true,"href":"https:\/\/quintett.eu\/index.php?rest_route=%2Fwp%2Fv2%2Fcomments&post=7888"}],"wp:featuredmedia":[{"embeddable":true,"href":"https:\/\/quintett.eu\/index.php?rest_route=\/wp\/v2\/media\/11412"}],"wp:attachment":[{"href":"https:\/\/quintett.eu\/index.php?rest_route=%2Fwp%2Fv2%2Fmedia&parent=7888"}],"wp:term":[{"taxonomy":"product_brand","embeddable":true,"href":"https:\/\/quintett.eu\/index.php?rest_route=%2Fwp%2Fv2%2Fproduct_brand&post=7888"},{"taxonomy":"product_cat","embeddable":true,"href":"https:\/\/quintett.eu\/index.php?rest_route=%2Fwp%2Fv2%2Fproduct_cat&post=7888"},{"taxonomy":"product_tag","embeddable":true,"href":"https:\/\/quintett.eu\/index.php?rest_route=%2Fwp%2Fv2%2Fproduct_tag&post=7888"}],"curies":[{"name":"wp","href":"https:\/\/api.w.org\/{rel}","templated":true}]}}