{"id":7894,"date":"2022-05-26T15:30:16","date_gmt":"2022-05-26T13:30:16","guid":{"rendered":"https:\/\/quintett.eu\/?post_type=product&#038;p=7894"},"modified":"2022-07-16T01:50:22","modified_gmt":"2022-07-15T23:50:22","slug":"lamp-20col-mac-mah","status":"publish","type":"product","link":"https:\/\/quintett.eu\/?product=lamp-20col-mac-mah","title":{"rendered":"LAMP-20COL &#8211; Mac Mah"},"content":{"rendered":"<p>Becurile LED Mac Mah LAMP-20COL garanteaza functionare eficienta, durata de viata mai lunga si fara incalzire, ideale pentru ghirlandele luminoase Mac Mah. Aceste becuri LED consum\u0103 mult mai pu\u021bin\u0103 energie dec\u00e2t becurile conven\u021bionale \u0219i ofer\u0103 o longevitate sporit\u0103. Pachetul este compus din 20 de lampi LED colorate: 3x verde, 3x albastru, 3x galben, 3x roz, 3x portocaliu si 5 alb cu o putere de 1,5 Watt. Odat\u0103 instalate pe o ghirland\u0103 de lumin\u0103 de \u00a0Mac Mah SL20-10M IP, aceste becuri vor difuza o atmosfer\u0103 cald\u0103 colorat\u0103, care \u00ee\u021bi va transforma gr\u0103dina sau terasa \u00eentr-un spa\u021biu prietenos pentru distrac\u021bia prietenilor t\u0103i.<\/p>\n<p>Caracteristici:<br \/>\n&#8211; 20 inci<br \/>\n&#8211; LED-uri de 1,5W<br \/>\n&#8211; priza E27<br \/>\n&#8211; Culori: verde, albastru, galben, roz, alb, portocaliu<br \/>\n&#8211; Alimentare: 220-240VAC<\/p>\n","protected":false},"excerpt":{"rendered":"<p>Pachet de 20 becuri de 1,5W in 6 culori (Verde, albastru, galben, roz, alb, portocaliu) LAMP-20COL de la Mac Mah cu soclu E27. Compatibil cu ghirlanda MAC MAH SL20-10M IP.<\/p>\n","protected":false},"featured_media":7895,"comment_status":"open","ping_status":"closed","template":"","meta":[],"product_brand":[],"product_cat":[496],"product_tag":[525,526,524,513],"class_list":{"0":"post-7894","1":"product","2":"type-product","3":"status-publish","4":"has-post-thumbnail","6":"product_cat-msc-lumini-si-scene","7":"product_tag-becuri-1-5w","8":"product_tag-becuri-e27","9":"product_tag-ghirlanda-luminoasa","10":"product_tag-mac-mah","12":"first","13":"instock","14":"purchasable","15":"product-type-simple"},"jetpack_sharing_enabled":true,"_links":{"self":[{"href":"https:\/\/quintett.eu\/index.php?rest_route=\/wp\/v2\/product\/7894","targetHints":{"allow":["GET"]}}],"collection":[{"href":"https:\/\/quintett.eu\/index.php?rest_route=\/wp\/v2\/product"}],"about":[{"href":"https:\/\/quintett.eu\/index.php?rest_route=\/wp\/v2\/types\/product"}],"replies":[{"embeddable":true,"href":"https:\/\/quintett.eu\/index.php?rest_route=%2Fwp%2Fv2%2Fcomments&post=7894"}],"wp:featuredmedia":[{"embeddable":true,"href":"https:\/\/quintett.eu\/index.php?rest_route=\/wp\/v2\/media\/7895"}],"wp:attachment":[{"href":"https:\/\/quintett.eu\/index.php?rest_route=%2Fwp%2Fv2%2Fmedia&parent=7894"}],"wp:term":[{"taxonomy":"product_brand","embeddable":true,"href":"https:\/\/quintett.eu\/index.php?rest_route=%2Fwp%2Fv2%2Fproduct_brand&post=7894"},{"taxonomy":"product_cat","embeddable":true,"href":"https:\/\/quintett.eu\/index.php?rest_route=%2Fwp%2Fv2%2Fproduct_cat&post=7894"},{"taxonomy":"product_tag","embeddable":true,"href":"https:\/\/quintett.eu\/index.php?rest_route=%2Fwp%2Fv2%2Fproduct_tag&post=7894"}],"curies":[{"name":"wp","href":"https:\/\/api.w.org\/{rel}","templated":true}]}}