{"id":7898,"date":"2022-05-26T15:32:19","date_gmt":"2022-05-26T13:32:19","guid":{"rendered":"https:\/\/quintett.eu\/?post_type=product&#038;p=7898"},"modified":"2022-07-16T01:21:40","modified_gmt":"2022-07-15T23:21:40","slug":"lamp-20ww-mac-mah","status":"publish","type":"product","link":"https:\/\/quintett.eu\/?product=lamp-20ww-mac-mah","title":{"rendered":"LAMP-20WW &#8211; Mac Mah"},"content":{"rendered":"<p>Daca vrei sa-ti iluminezi terasa sau gradina cu lumini frumoase, nimic mai bun decat o ghirlanda luminoasa impodobita cu acest set de 20 de becuri LED alb cald, de 1,5 Watt. Proiectate pentru a func\u021biona \u00een interior \u0219i \u00een exterior pe ghirlanda Mac Mah SL20-10M IP (op\u021bional), aceste becuri LED cu baz\u0103 E27 sunt rezistente la intemperii \u0219i la stropirea cu ap\u0103. Aceast\u0103 lumin\u0103 alb\u0103 moale va fi perfect\u0103 pentru a-\u021bi crea propriul paradis \u00een aer liber.<\/p>\n<p>Caracteristici:<br \/>\n&#8211; 20 inci<br \/>\n&#8211; LED-uri de 1,5W<br \/>\n&#8211; priza E27<br \/>\n&#8211; Alimentare: 220-240VAC<\/p>\n","protected":false},"excerpt":{"rendered":"<p>Pachet de 20 becuri de 1,5W in 6 culori (Verde, albastru, galben, roz, alb, portocaliu) LAMP-20COL de la Mac Mah cu soclu E27. Compatibil cu ghirlanda MAC MAH SL20-10M IP.<\/p>\n","protected":false},"featured_media":7899,"comment_status":"open","ping_status":"closed","template":"","meta":[],"product_brand":[],"product_cat":[496],"product_tag":[525,526,524,513],"class_list":{"0":"post-7898","1":"product","2":"type-product","3":"status-publish","4":"has-post-thumbnail","6":"product_cat-msc-lumini-si-scene","7":"product_tag-becuri-1-5w","8":"product_tag-becuri-e27","9":"product_tag-ghirlanda-luminoasa","10":"product_tag-mac-mah","12":"first","13":"instock","14":"purchasable","15":"product-type-simple"},"jetpack_sharing_enabled":true,"_links":{"self":[{"href":"https:\/\/quintett.eu\/index.php?rest_route=\/wp\/v2\/product\/7898","targetHints":{"allow":["GET"]}}],"collection":[{"href":"https:\/\/quintett.eu\/index.php?rest_route=\/wp\/v2\/product"}],"about":[{"href":"https:\/\/quintett.eu\/index.php?rest_route=\/wp\/v2\/types\/product"}],"replies":[{"embeddable":true,"href":"https:\/\/quintett.eu\/index.php?rest_route=%2Fwp%2Fv2%2Fcomments&post=7898"}],"wp:featuredmedia":[{"embeddable":true,"href":"https:\/\/quintett.eu\/index.php?rest_route=\/wp\/v2\/media\/7899"}],"wp:attachment":[{"href":"https:\/\/quintett.eu\/index.php?rest_route=%2Fwp%2Fv2%2Fmedia&parent=7898"}],"wp:term":[{"taxonomy":"product_brand","embeddable":true,"href":"https:\/\/quintett.eu\/index.php?rest_route=%2Fwp%2Fv2%2Fproduct_brand&post=7898"},{"taxonomy":"product_cat","embeddable":true,"href":"https:\/\/quintett.eu\/index.php?rest_route=%2Fwp%2Fv2%2Fproduct_cat&post=7898"},{"taxonomy":"product_tag","embeddable":true,"href":"https:\/\/quintett.eu\/index.php?rest_route=%2Fwp%2Fv2%2Fproduct_tag&post=7898"}],"curies":[{"name":"wp","href":"https:\/\/api.w.org\/{rel}","templated":true}]}}