{"id":7900,"date":"2022-05-26T15:35:03","date_gmt":"2022-05-26T13:35:03","guid":{"rendered":"https:\/\/quintett.eu\/?post_type=product&#038;p=7900"},"modified":"2022-07-16T01:21:20","modified_gmt":"2022-07-15T23:21:20","slug":"guinguette-col-mac-ma","status":"publish","type":"product","link":"https:\/\/quintett.eu\/?product=guinguette-col-mac-ma","title":{"rendered":"GUINGUETTE-COL &#8211; Mac Mah"},"content":{"rendered":"<p>Mac Mah GUINGUETTE-COL<br \/>\n&#8211; Ghirlanda luminoasa<br \/>\n&#8211; Utilizare \u00een interior sau exterior<br \/>\n&#8211; 10 metri &#8211; Livrat cu 20 de becuri LED cu surub (tip E27)<br \/>\n&#8211; Putere 1,5W<br \/>\n&#8211; Culori: verde, albastru, galben, roz, alb, portocaliu<br \/>\n&#8211; Alimentare: 220-240VAC 50\/60Hz<br \/>\n&#8211; Intrare \u0219i ie\u0219ire curent\u0103 pentru a \u00eenl\u0103n\u021bui mai multe ghirlande<br \/>\n&#8211; Posibilitatea de a conecta p\u00e2n\u0103 la 40 de ghirlande de guinguette \u00een cascad\u0103<br \/>\n&#8211; Indice de protectie: IP44 (rezistent la stropirea cu apa)<br \/>\n&#8211; Cablu: 2 x 1,5 mm\u00b2 VDE<br \/>\n&#8211; Culoare neagr\u0103<br \/>\n&#8211; Dimensiuni cutie: 120 x 360 x 260mm<br \/>\n&#8211; Greutate neta: 2 kg<\/p>\n","protected":false},"excerpt":{"rendered":"<p>Set format dintr-o ghirland\u0103 cu 20 dulii E27 MAC SL20-10MIP \u0219i 20 l\u0103mpi LED color LAMP-20COL. Ideal pentru bile, guinguete sau pur \u0219i simplu ca decor u\u0219or.<\/p>\n<p>&nbsp;<\/p>\n","protected":false},"featured_media":7901,"comment_status":"open","ping_status":"closed","template":"","meta":[],"product_brand":[],"product_cat":[496],"product_tag":[525,526,524,513],"class_list":{"0":"post-7900","1":"product","2":"type-product","3":"status-publish","4":"has-post-thumbnail","6":"product_cat-msc-lumini-si-scene","7":"product_tag-becuri-1-5w","8":"product_tag-becuri-e27","9":"product_tag-ghirlanda-luminoasa","10":"product_tag-mac-mah","12":"first","13":"instock","14":"purchasable","15":"product-type-simple"},"jetpack_sharing_enabled":true,"_links":{"self":[{"href":"https:\/\/quintett.eu\/index.php?rest_route=\/wp\/v2\/product\/7900","targetHints":{"allow":["GET"]}}],"collection":[{"href":"https:\/\/quintett.eu\/index.php?rest_route=\/wp\/v2\/product"}],"about":[{"href":"https:\/\/quintett.eu\/index.php?rest_route=\/wp\/v2\/types\/product"}],"replies":[{"embeddable":true,"href":"https:\/\/quintett.eu\/index.php?rest_route=%2Fwp%2Fv2%2Fcomments&post=7900"}],"wp:featuredmedia":[{"embeddable":true,"href":"https:\/\/quintett.eu\/index.php?rest_route=\/wp\/v2\/media\/7901"}],"wp:attachment":[{"href":"https:\/\/quintett.eu\/index.php?rest_route=%2Fwp%2Fv2%2Fmedia&parent=7900"}],"wp:term":[{"taxonomy":"product_brand","embeddable":true,"href":"https:\/\/quintett.eu\/index.php?rest_route=%2Fwp%2Fv2%2Fproduct_brand&post=7900"},{"taxonomy":"product_cat","embeddable":true,"href":"https:\/\/quintett.eu\/index.php?rest_route=%2Fwp%2Fv2%2Fproduct_cat&post=7900"},{"taxonomy":"product_tag","embeddable":true,"href":"https:\/\/quintett.eu\/index.php?rest_route=%2Fwp%2Fv2%2Fproduct_tag&post=7900"}],"curies":[{"name":"wp","href":"https:\/\/api.w.org\/{rel}","templated":true}]}}