{"id":7902,"date":"2022-05-26T15:40:51","date_gmt":"2022-05-26T13:40:51","guid":{"rendered":"https:\/\/quintett.eu\/?post_type=product&#038;p=7902"},"modified":"2022-07-16T01:21:02","modified_gmt":"2022-07-15T23:21:02","slug":"sl20-10m-ip-mac-mah","status":"publish","type":"product","link":"https:\/\/quintett.eu\/?product=sl20-10m-ip-mac-mah","title":{"rendered":"SL20-10M IP &#8211; MAac Mah"},"content":{"rendered":"<p>Caracteristici<br \/>\n&#8211; Mac Mah SL20-10M<br \/>\n&#8211; Ghirland\u0103 u\u0219oar\u0103 tip Guinguette<br \/>\n&#8211; 10 metri<br \/>\n&#8211; 20 dulii E27 (livrate fara becuri)<br \/>\n&#8211; Intrare \u0219i ie\u0219ire curent<br \/>\n&#8211; Posibilitatea de a conecta p\u00e2n\u0103 la 40 de ghirlande de guinguette \u00een cascad\u0103<br \/>\n&#8211; Alimentare: 220-240VAC 50\/60Hz<br \/>\n&#8211; Indice de protectie: IP44 (rezistent la stropirea cu apa)<br \/>\n&#8211; Cablu: 2 x 1,5 mm\u00b2 VDE<br \/>\n&#8211; Culoare neagr\u0103<br \/>\n&#8211; Dimensiuni cutie: 120 x 360 x 260mm<br \/>\n&#8211; Greutate neta: 2 Kg<br \/>\n&#8211; LIVRARE FARA BECURI<br \/>\n&#8211; Compatibil cu orice bec cu soclu E27 sau LAMP-20WW \/ LAMP-20COL<\/p>\n","protected":false},"excerpt":{"rendered":"<p>Set format dintr-o ghirland\u0103 cu 20 dulii E27 MAC SL20-10MIP \u0219i 20 l\u0103mpi LED color LAMP-20COL. Ideal pentru bile, guinguete sau pur \u0219i simplu ca decor u\u0219or.<\/p>\n<p>&nbsp;<\/p>\n","protected":false},"featured_media":7903,"comment_status":"open","ping_status":"closed","template":"","meta":[],"product_brand":[],"product_cat":[496],"product_tag":[525,526,524,513],"class_list":{"0":"post-7902","1":"product","2":"type-product","3":"status-publish","4":"has-post-thumbnail","6":"product_cat-msc-lumini-si-scene","7":"product_tag-becuri-1-5w","8":"product_tag-becuri-e27","9":"product_tag-ghirlanda-luminoasa","10":"product_tag-mac-mah","12":"first","13":"instock","14":"purchasable","15":"product-type-simple"},"jetpack_sharing_enabled":true,"_links":{"self":[{"href":"https:\/\/quintett.eu\/index.php?rest_route=\/wp\/v2\/product\/7902","targetHints":{"allow":["GET"]}}],"collection":[{"href":"https:\/\/quintett.eu\/index.php?rest_route=\/wp\/v2\/product"}],"about":[{"href":"https:\/\/quintett.eu\/index.php?rest_route=\/wp\/v2\/types\/product"}],"replies":[{"embeddable":true,"href":"https:\/\/quintett.eu\/index.php?rest_route=%2Fwp%2Fv2%2Fcomments&post=7902"}],"wp:featuredmedia":[{"embeddable":true,"href":"https:\/\/quintett.eu\/index.php?rest_route=\/wp\/v2\/media\/7903"}],"wp:attachment":[{"href":"https:\/\/quintett.eu\/index.php?rest_route=%2Fwp%2Fv2%2Fmedia&parent=7902"}],"wp:term":[{"taxonomy":"product_brand","embeddable":true,"href":"https:\/\/quintett.eu\/index.php?rest_route=%2Fwp%2Fv2%2Fproduct_brand&post=7902"},{"taxonomy":"product_cat","embeddable":true,"href":"https:\/\/quintett.eu\/index.php?rest_route=%2Fwp%2Fv2%2Fproduct_cat&post=7902"},{"taxonomy":"product_tag","embeddable":true,"href":"https:\/\/quintett.eu\/index.php?rest_route=%2Fwp%2Fv2%2Fproduct_tag&post=7902"}],"curies":[{"name":"wp","href":"https:\/\/api.w.org\/{rel}","templated":true}]}}