{"id":7906,"date":"2022-05-26T17:01:13","date_gmt":"2022-05-26T15:01:13","guid":{"rendered":"https:\/\/quintett.eu\/?post_type=product&#038;p=7906"},"modified":"2022-07-16T01:20:20","modified_gmt":"2022-07-15T23:20:20","slug":"flat-par-12x12w-6in1-mac-mah","status":"publish","type":"product","link":"https:\/\/quintett.eu\/?product=flat-par-12x12w-6in1-mac-mah","title":{"rendered":"Flat Par 12X12W 6IN1 &#8211; MAC MAH"},"content":{"rendered":"<p>Mac Mah FlatPAR 12X12w 6-in-1 RGBWA-UV este un proiector de lumina foarte compact, conceput pentru a ilumina suprafete verticale, pereti sau pe scena. Este alimentat de 12 LED-uri RGBWA-UV (ro\u0219u \/ verde \/ albastru \/ alb \/ chihlimbar \/ UV) de 12 W. Acest FlatPAR 12X12w ofer\u0103 o combina\u021bie fluid\u0103 de culori RGBWA+UV, f\u0103r\u0103 umbre. Carcasa sa din plastic subtire si discreta este dotata cu o dubla prindere pentru a o pune pe pamant sau a o suspenda pe o b\u00e2rn\u0103. Acest proiector poate fi controlat prin tehnologia DMX, \u00een mod automat sau muzical sau prin telecomanda IR inclus\u0103. Conectorul s\u0103u de intrare \u0219i ie\u0219ire v\u0103 permite s\u0103 conecta\u021bi mai multe dispozitive similare \u00een cascad\u0103, de la o singur\u0103 priz\u0103.<\/p>\n<p>Caracteristici:<br \/>\n&#8211; Prin led &#8211; Surse de lumina: 12 LED-uri de 12W RGBWA-UV 6 in 1<br \/>\n&#8211; Unghi de aruncare 25\u00b0<br \/>\n&#8211; Canale DMX: 4 sau 10 canale<br \/>\n&#8211; Controlabil prin telecomand\u0103 DMX, Auto, Muzic\u0103, IR<br \/>\n&#8211; Cutie de plastic<br \/>\n&#8211; Alimentare prin conector IEC tat\u0103<\/p>\n<p>-Conectare posibil\u0103 prin cablu de alimentare IEC femel\u0103<br \/>\n&#8211; Prindere dubla de instalare sau fixare<br \/>\n&#8211; Alimentare: AC100-240V 50\/60Hz<br \/>\n&#8211; Siguran\u021b\u0103: T1A &#8211; 250VAC<\/p>\n","protected":false},"excerpt":{"rendered":"<p>Mac Mah Flat PAR 12X12w 6-\u00een-1 RGBWA-UV, proiector plat LED cu luminozitate ridicat\u0103. Ideal pentru anima\u021bie, iluminat de perete sau de suprafa\u021b\u0103.<\/p>\n","protected":false},"featured_media":7907,"comment_status":"open","ping_status":"closed","template":"","meta":[],"product_brand":[],"product_cat":[496],"product_tag":[531,530,532,533],"class_list":{"0":"post-7906","1":"product","2":"type-product","3":"status-publish","4":"has-post-thumbnail","6":"product_cat-msc-lumini-si-scene","7":"product_tag-12x12w","8":"product_tag-led-par","9":"product_tag-led-par-6in1","10":"product_tag-rgbwa-uv","12":"first","13":"instock","14":"purchasable","15":"product-type-simple"},"jetpack_sharing_enabled":true,"_links":{"self":[{"href":"https:\/\/quintett.eu\/index.php?rest_route=\/wp\/v2\/product\/7906","targetHints":{"allow":["GET"]}}],"collection":[{"href":"https:\/\/quintett.eu\/index.php?rest_route=\/wp\/v2\/product"}],"about":[{"href":"https:\/\/quintett.eu\/index.php?rest_route=\/wp\/v2\/types\/product"}],"replies":[{"embeddable":true,"href":"https:\/\/quintett.eu\/index.php?rest_route=%2Fwp%2Fv2%2Fcomments&post=7906"}],"wp:featuredmedia":[{"embeddable":true,"href":"https:\/\/quintett.eu\/index.php?rest_route=\/wp\/v2\/media\/7907"}],"wp:attachment":[{"href":"https:\/\/quintett.eu\/index.php?rest_route=%2Fwp%2Fv2%2Fmedia&parent=7906"}],"wp:term":[{"taxonomy":"product_brand","embeddable":true,"href":"https:\/\/quintett.eu\/index.php?rest_route=%2Fwp%2Fv2%2Fproduct_brand&post=7906"},{"taxonomy":"product_cat","embeddable":true,"href":"https:\/\/quintett.eu\/index.php?rest_route=%2Fwp%2Fv2%2Fproduct_cat&post=7906"},{"taxonomy":"product_tag","embeddable":true,"href":"https:\/\/quintett.eu\/index.php?rest_route=%2Fwp%2Fv2%2Fproduct_tag&post=7906"}],"curies":[{"name":"wp","href":"https:\/\/api.w.org\/{rel}","templated":true}]}}