{"id":7908,"date":"2022-05-26T17:07:51","date_gmt":"2022-05-26T15:07:51","guid":{"rendered":"https:\/\/quintett.eu\/?post_type=product&#038;p=7908"},"modified":"2022-07-16T01:20:00","modified_gmt":"2022-07-15T23:20:00","slug":"flat-par-7x12w-6in1-mac-mah","status":"publish","type":"product","link":"https:\/\/quintett.eu\/?product=flat-par-7x12w-6in1-mac-mah","title":{"rendered":"Flat Par 7X12W 6IN1 &#8211; MAC MAH"},"content":{"rendered":"<p>Mac Mah FlatPAR 7X12w 6-in-1 RGBWA-UV este o lumin\u0103 PAR LED 6-\u00een-1 special conceput\u0103 pentru a face fa\u021b\u0103 rigorilor vie\u021bii pe drum, indiferent dac\u0103 sunte\u021bi un DJ mobil, o trup\u0103 sau doar dori\u021bi un iluminat de calitate pentru o instalatie fixa. FlatPAR 7X12w dispune de \u0219apte LED-uri RGBWA-UV de 12 W de mare putere (ro\u0219u &#8211; verde &#8211; albastru &#8211; alb &#8211; chihlimbar \u0219i UV), \u00eentr-o carcas\u0103 compozit\u0103 robust\u0103, pu\u021bin ad\u00e2nc\u0103, cu montare triunghiular\u0103 dubl\u0103 pentru o pozi\u021bionare flexibil\u0103. Poate fi folosit \u00een modul automat, modul Sound Active sau ca master\/slave. Este posibil s\u0103 ob\u021bine\u021bi o amestecare complet\u0103 a culorilor RGBWA-UV cu Mac Mah FlatPAR 7X12w \u00een DMX, datorit\u0103 telecomenzii IR furnizate, sau pur \u0219i simplu s\u0103 fie controlat prin intermediul panoului LED cu 4 butoane u\u0219or de utilizat. Mac Mah FlatPAR 7X12w este echipat \u0219i cu o intrare + ie\u0219ire de putere, care v\u0103 permite s\u0103 conecta\u021bi mai multe seturi de lumini similare \u00een cascad\u0103, de la o singur\u0103 priz\u0103.<\/p>\n<p>Caracteristici:<br \/>\n&#8211; PAR led<br \/>\n&#8211; Surse de lumina: 7 LED-uri de 12W RGBWA-UV 6 in 1<br \/>\n&#8211; Unghi de aruncare 25\u00b0<br \/>\n&#8211; Controlabil \u00een DMX, Auto, Muzic\u0103, Master\/slave, telecomand\u0103 IR<br \/>\n&#8211; Cutie de plastic<br \/>\n&#8211; Alimentare prin conector IEC tat\u0103<br \/>\n&#8211; Conectare posibil\u0103 prin cablu de alimentare IEC mam\u0103<br \/>\n&#8211; Sortare dubla de instalare sau fixare<br \/>\n&#8211; Alimentare: AC100-240V 50\/60Hz<br \/>\n&#8211; Siguranta T1A &#8211; 250VAC<\/p>\n","protected":false},"excerpt":{"rendered":"<p>Mac Mah FlatPAR 7X12w 6-\u00een-1 RGBWA-UV este un proiector LED compact de \u00eenalt\u0103 luminozitate. Ideal pentru iluminarea vertical\u0103 a pere\u021bilor sau a scenelor.<\/p>\n","protected":false},"featured_media":7909,"comment_status":"open","ping_status":"closed","template":"","meta":[],"product_brand":[],"product_cat":[496,42],"product_tag":[530,532,534],"class_list":{"0":"post-7908","1":"product","2":"type-product","3":"status-publish","4":"has-post-thumbnail","6":"product_cat-msc-lumini-si-scene","7":"product_cat-promotii","8":"product_tag-led-par","9":"product_tag-led-par-6in1","10":"product_tag-led-par-7x12w","12":"first","13":"instock","14":"purchasable","15":"product-type-simple"},"jetpack_sharing_enabled":true,"_links":{"self":[{"href":"https:\/\/quintett.eu\/index.php?rest_route=\/wp\/v2\/product\/7908","targetHints":{"allow":["GET"]}}],"collection":[{"href":"https:\/\/quintett.eu\/index.php?rest_route=\/wp\/v2\/product"}],"about":[{"href":"https:\/\/quintett.eu\/index.php?rest_route=\/wp\/v2\/types\/product"}],"replies":[{"embeddable":true,"href":"https:\/\/quintett.eu\/index.php?rest_route=%2Fwp%2Fv2%2Fcomments&post=7908"}],"wp:featuredmedia":[{"embeddable":true,"href":"https:\/\/quintett.eu\/index.php?rest_route=\/wp\/v2\/media\/7909"}],"wp:attachment":[{"href":"https:\/\/quintett.eu\/index.php?rest_route=%2Fwp%2Fv2%2Fmedia&parent=7908"}],"wp:term":[{"taxonomy":"product_brand","embeddable":true,"href":"https:\/\/quintett.eu\/index.php?rest_route=%2Fwp%2Fv2%2Fproduct_brand&post=7908"},{"taxonomy":"product_cat","embeddable":true,"href":"https:\/\/quintett.eu\/index.php?rest_route=%2Fwp%2Fv2%2Fproduct_cat&post=7908"},{"taxonomy":"product_tag","embeddable":true,"href":"https:\/\/quintett.eu\/index.php?rest_route=%2Fwp%2Fv2%2Fproduct_tag&post=7908"}],"curies":[{"name":"wp","href":"https:\/\/api.w.org\/{rel}","templated":true}]}}