{"id":7926,"date":"2022-06-09T08:03:28","date_gmt":"2022-06-09T06:03:28","guid":{"rendered":"https:\/\/quintett.eu\/?post_type=product&#038;p=7926"},"modified":"2023-09-29T16:07:42","modified_gmt":"2023-09-29T14:07:42","slug":"evolite-maxbar-180","status":"publish","type":"product","link":"https:\/\/quintett.eu\/?product=evolite-maxbar-180","title":{"rendered":"Evolite &#8211; MAXBAR 180"},"content":{"rendered":"<p>Specifica\u021bii:<br \/>\n&#8211; Bara LED Evolite MaxBar180 pentru iluminat interior<br \/>\n&#8211; Ideal pentru iluminarea peretelui<\/p>\n<p>&#8211; Controlabil \u00een DMX512: 3, 4, 5, 6, 9 canale.<br \/>\n&#8211; Efect stroboscopic cu viteza variabila<br \/>\n&#8211; Dimmer (0-100%) cu diferite curbe<br \/>\n&#8211; panou de control cu display<br \/>\n&#8211; Op\u021biune de resetare cu preset\u0103ri din fabric\u0103.<br \/>\n&#8211; Efecte automate: 5 tipuri de schimb\u0103ri de culoare<br \/>\n&#8211; 36 LED-uri 5W RGB<br \/>\n&#8211; 9 curbe dimmer<br \/>\n&#8211; Unghiul fasciculului de 60 \u00b0<br \/>\n&#8211; R\u0103cire for\u021bat\u0103 cu ventilator<br \/>\n&#8211; Conector de alimentare Powercon IN &amp; OUT<br \/>\n&#8211; Alimentare: 110V-250V \/ 50-60Hz<br \/>\n&#8211; Consum de energie: 180W max<br \/>\n&#8211; Dimensiuni: 480x104x147 mm<br \/>\n&#8211; Greutate neta: 3,2 kg<\/p>\n","protected":false},"excerpt":{"rendered":"<p>Bar\u0103 LED 36x5W pentru a ilumina o zon\u0103 mare. Datorit\u0103 LED-urilor sale RGB, ve\u021bi ob\u021bine un amestec perfect de culori.<\/p>\n<p>https:\/\/www.youtube.com\/watch?v=9kNHDdTVmJQ&amp;t=20s<\/p>\n<p>&nbsp;<\/p>\n","protected":false},"featured_media":9448,"comment_status":"open","ping_status":"closed","template":"","meta":[],"product_brand":[],"product_cat":[493],"product_tag":[540,498,538,539,537],"class_list":{"0":"post-7926","1":"product","2":"type-product","3":"status-publish","4":"has-post-thumbnail","6":"product_cat-msc","7":"product_tag-bara-led","8":"product_tag-evolite","9":"product_tag-iluminat-arhitectural","10":"product_tag-maxbar-180","11":"product_tag-proiector-arhitectural","13":"first","14":"instock","15":"purchasable","16":"product-type-simple"},"jetpack_sharing_enabled":true,"_links":{"self":[{"href":"https:\/\/quintett.eu\/index.php?rest_route=\/wp\/v2\/product\/7926","targetHints":{"allow":["GET"]}}],"collection":[{"href":"https:\/\/quintett.eu\/index.php?rest_route=\/wp\/v2\/product"}],"about":[{"href":"https:\/\/quintett.eu\/index.php?rest_route=\/wp\/v2\/types\/product"}],"replies":[{"embeddable":true,"href":"https:\/\/quintett.eu\/index.php?rest_route=%2Fwp%2Fv2%2Fcomments&post=7926"}],"wp:featuredmedia":[{"embeddable":true,"href":"https:\/\/quintett.eu\/index.php?rest_route=\/wp\/v2\/media\/9448"}],"wp:attachment":[{"href":"https:\/\/quintett.eu\/index.php?rest_route=%2Fwp%2Fv2%2Fmedia&parent=7926"}],"wp:term":[{"taxonomy":"product_brand","embeddable":true,"href":"https:\/\/quintett.eu\/index.php?rest_route=%2Fwp%2Fv2%2Fproduct_brand&post=7926"},{"taxonomy":"product_cat","embeddable":true,"href":"https:\/\/quintett.eu\/index.php?rest_route=%2Fwp%2Fv2%2Fproduct_cat&post=7926"},{"taxonomy":"product_tag","embeddable":true,"href":"https:\/\/quintett.eu\/index.php?rest_route=%2Fwp%2Fv2%2Fproduct_tag&post=7926"}],"curies":[{"name":"wp","href":"https:\/\/api.w.org\/{rel}","templated":true}]}}