{"id":7928,"date":"2022-06-09T08:10:58","date_gmt":"2022-06-09T06:10:58","guid":{"rendered":"https:\/\/quintett.eu\/?post_type=product&#038;p=7928"},"modified":"2023-09-29T16:00:19","modified_gmt":"2023-09-29T14:00:19","slug":"evolite-architech-600","status":"publish","type":"product","link":"https:\/\/quintett.eu\/?product=evolite-architech-600","title":{"rendered":"Evolite &#8211; ARCHITECH 600"},"content":{"rendered":"<p>Specifica\u021bii:<br \/>\n&#8211; Proiector LED pentru iluminat interior si exterior<br \/>\n&#8211; Controlabil prin DMX512: 3, 6, 4, 8, 11 canale<br \/>\n&#8211; Efect de stroboscop cu vitez\u0103 variabil\u0103<br \/>\n&#8211; Dimmer (0-100%) cu diferite curbe<br \/>\n&#8211; Panou de control cu display<br \/>\n&#8211; Op\u021biune de resetare cu preset\u0103ri din fabric\u0103.<br \/>\n&#8211; Efecte automate: 5 tipuri de schimb\u0103ri de culoare<br \/>\n&#8211; 60 LED-uri de 10W RGBW 4in1, 700mA<br \/>\n&#8211; CTT: 2500-10000K<br \/>\n&#8211; 9 curbe dimmer<br \/>\n&#8211; Unghiul fasciculului de 40 \u00b0<br \/>\n&#8211; Utilizare temporar\u0103 \u00een exterior (IP65)<br \/>\n&#8211; Temperaturi de func\u021bionare: -20 \u00b0 C \/ + 40 \u00b0 C<br \/>\n&#8211; Alimentare pe conector impermeabil furnizat<br \/>\n&#8211; Alimentare: 110V- 250V \/ 50-60Hz<br \/>\n&#8211; Consum de energie: 600W max<br \/>\n&#8211; Dimensiuni: 557,5 x 125 x 379,5mm<br \/>\n&#8211; Greutate neta: 15,3 kg<\/p>\n","protected":false},"excerpt":{"rendered":"<p>PROIECTOR ARHITECTURAL LED<br \/>\nEvolite Architech 600 este un proiector arhitectural profesional, echipat cu 60 LED-uri RGBW de 10W, cu un unghi de deschidere de 40 de grade. Certificat IP65, este rezistent la ap\u0103 \u0219i praf, f\u0103c\u00e2ndu-l perfect pentru iluminarea cl\u0103dirilor mari sau teatrelor, chiar \u0219i \u00een condi\u021bii meteorologice extreme. \u00cen plus, ofer\u0103 mai multe efecte \u00eencorporate, cum ar fi stroboscopul \u0219i diferite efecte automate.\u00a0Ideal pentru iluminarea fa\u021badei foarte largi \u00een exterior sau \u00een interior.<\/p>\n","protected":false},"featured_media":9425,"comment_status":"open","ping_status":"closed","template":"","meta":[],"product_brand":[],"product_cat":[493],"product_tag":[541,540,538,840,501,537],"class_list":{"0":"post-7928","1":"product","2":"type-product","3":"status-publish","4":"has-post-thumbnail","6":"product_cat-msc","7":"product_tag-arhitech-600","8":"product_tag-bara-led","9":"product_tag-iluminat-arhitectural","10":"product_tag-ip65","11":"product_tag-lumini-inteligente","12":"product_tag-proiector-arhitectural","14":"first","15":"instock","16":"purchasable","17":"product-type-simple"},"jetpack_sharing_enabled":true,"_links":{"self":[{"href":"https:\/\/quintett.eu\/index.php?rest_route=\/wp\/v2\/product\/7928","targetHints":{"allow":["GET"]}}],"collection":[{"href":"https:\/\/quintett.eu\/index.php?rest_route=\/wp\/v2\/product"}],"about":[{"href":"https:\/\/quintett.eu\/index.php?rest_route=\/wp\/v2\/types\/product"}],"replies":[{"embeddable":true,"href":"https:\/\/quintett.eu\/index.php?rest_route=%2Fwp%2Fv2%2Fcomments&post=7928"}],"wp:featuredmedia":[{"embeddable":true,"href":"https:\/\/quintett.eu\/index.php?rest_route=\/wp\/v2\/media\/9425"}],"wp:attachment":[{"href":"https:\/\/quintett.eu\/index.php?rest_route=%2Fwp%2Fv2%2Fmedia&parent=7928"}],"wp:term":[{"taxonomy":"product_brand","embeddable":true,"href":"https:\/\/quintett.eu\/index.php?rest_route=%2Fwp%2Fv2%2Fproduct_brand&post=7928"},{"taxonomy":"product_cat","embeddable":true,"href":"https:\/\/quintett.eu\/index.php?rest_route=%2Fwp%2Fv2%2Fproduct_cat&post=7928"},{"taxonomy":"product_tag","embeddable":true,"href":"https:\/\/quintett.eu\/index.php?rest_route=%2Fwp%2Fv2%2Fproduct_tag&post=7928"}],"curies":[{"name":"wp","href":"https:\/\/api.w.org\/{rel}","templated":true}]}}