{"id":7932,"date":"2022-06-09T08:40:34","date_gmt":"2022-06-09T06:40:34","guid":{"rendered":"https:\/\/quintett.eu\/?post_type=product&#038;p=7932"},"modified":"2022-07-16T01:18:19","modified_gmt":"2022-07-15T23:18:19","slug":"evolite-evo-beam-60-cr","status":"publish","type":"product","link":"https:\/\/quintett.eu\/?product=evolite-evo-beam-60-cr","title":{"rendered":"Evolite &#8211; EVO BEAM 60-CR"},"content":{"rendered":"<p>Evolite prezint\u0103 gama sa compact\u0103 lumini, o gam\u0103 complet\u0103 de LED-uri puternice \u0219i eficiente. Seria Compact Range este conceput\u0103 pentru a r\u0103spunde nevoilor specifice ale DJ-ilor care doresc un produs fiabil, performant \u0219i compact pentru transport.<\/p>\n<p>Specifica\u021bii:<br \/>\n&#8211; LED Beam din seria EVOLITE Compact Range<br \/>\n&#8211; Rotire PAN 360\u00b0\/540\u00b0\/630\u00b0 \u0219i TILT 90\u00b0\/180\u00b0\/270\u00b0 rota\u021bie<br \/>\n&#8211; Echipat cu un LED alb 7500K de 60W<br \/>\n&#8211; Moduri de control: cablu DMX, automat, automat cu detectie sunet.<br \/>\n&#8211; 2 moduri DMX: 9 sau 11 canale<br \/>\n&#8211; Unghiul fasciculului: 2\u00b0.<br \/>\n&#8211; Optic\u0103 ultra clar\u0103<br \/>\n&#8211; Moduri automate foarte dinamice \u0219i variate<br \/>\n&#8211; \u00a014 culori + alb &#8211; \u00a017 Gobo<br \/>\n&#8211; Prism\u0103 rotativ\u0103 pe 8 fe\u021be &#8211; Afi\u0219aj color TFT de 1,2 inchi<br \/>\n&#8211; Flux luminos: 59728 lx @ 2,5m<br \/>\n&#8211; Vine cu suporturi de montare omega<br \/>\n&#8211; Racire cu ventilatie fortata &#8211; Consum de energie: 105W max<br \/>\n&#8211; Dimensiuni aparat: 243 x 151 x 305 mm<br \/>\n&#8211; Dimensiuni cutie: 345 x 235 x 390 mm<br \/>\n&#8211; Greutate bruta: 5,88 kg<br \/>\n&#8211; Greutate neta: 4,38 kg<\/p>\n","protected":false},"excerpt":{"rendered":"<p>CAP MOBIL BEAM<\/p>\n<p>Evolite Evo Beam LED Evo Beam 60-CR, din seria Compact Range, o ram\u0103 de \u00eenalt\u0103 performan\u021b\u0103 cu LED de 60W \u00eentr-o carcas\u0103 ultra-compact\u0103! Ideal pentru DJ, Disco, Cluburi, Baruri, Restaurante, Sala de Receptii&#8230;<\/p>\n","protected":false},"featured_media":7933,"comment_status":"open","ping_status":"closed","template":"","meta":[],"product_brand":[],"product_cat":[493],"product_tag":[543,544,498,501,190],"class_list":{"0":"post-7932","1":"product","2":"type-product","3":"status-publish","4":"has-post-thumbnail","6":"product_cat-msc","7":"product_tag-beam-evo-60","8":"product_tag-dmx","9":"product_tag-evolite","10":"product_tag-lumini-inteligente","11":"product_tag-moving-head","13":"first","14":"instock","15":"purchasable","16":"product-type-simple"},"jetpack_sharing_enabled":true,"_links":{"self":[{"href":"https:\/\/quintett.eu\/index.php?rest_route=\/wp\/v2\/product\/7932","targetHints":{"allow":["GET"]}}],"collection":[{"href":"https:\/\/quintett.eu\/index.php?rest_route=\/wp\/v2\/product"}],"about":[{"href":"https:\/\/quintett.eu\/index.php?rest_route=\/wp\/v2\/types\/product"}],"replies":[{"embeddable":true,"href":"https:\/\/quintett.eu\/index.php?rest_route=%2Fwp%2Fv2%2Fcomments&post=7932"}],"wp:featuredmedia":[{"embeddable":true,"href":"https:\/\/quintett.eu\/index.php?rest_route=\/wp\/v2\/media\/7933"}],"wp:attachment":[{"href":"https:\/\/quintett.eu\/index.php?rest_route=%2Fwp%2Fv2%2Fmedia&parent=7932"}],"wp:term":[{"taxonomy":"product_brand","embeddable":true,"href":"https:\/\/quintett.eu\/index.php?rest_route=%2Fwp%2Fv2%2Fproduct_brand&post=7932"},{"taxonomy":"product_cat","embeddable":true,"href":"https:\/\/quintett.eu\/index.php?rest_route=%2Fwp%2Fv2%2Fproduct_cat&post=7932"},{"taxonomy":"product_tag","embeddable":true,"href":"https:\/\/quintett.eu\/index.php?rest_route=%2Fwp%2Fv2%2Fproduct_tag&post=7932"}],"curies":[{"name":"wp","href":"https:\/\/api.w.org\/{rel}","templated":true}]}}