{"id":7934,"date":"2022-06-09T08:46:03","date_gmt":"2022-06-09T06:46:03","guid":{"rendered":"https:\/\/quintett.eu\/?post_type=product&#038;p=7934"},"modified":"2022-07-15T23:04:06","modified_gmt":"2022-07-15T21:04:06","slug":"evolite-evo-spot-60-cr","status":"publish","type":"product","link":"https:\/\/quintett.eu\/?product=evolite-evo-spot-60-cr","title":{"rendered":"Evolite &#8211; EVO SPOT 60-CR"},"content":{"rendered":"<p>Specifica\u021bii:<br \/>\n&#8211; Cadrul tip spot cu LED din seria EVOLITE Compact Range<br \/>\n&#8211; Rotire PAN 360\u00b0\/540\u00b0\/630\u00b0 \u0219i TILT 90\u00b0\/180\u00b0\/270\u00b0 rota\u021bie<br \/>\n&#8211; Echipat cu un LED alb 7500K de 60W<br \/>\n&#8211; Moduri de control: cablu DMX, automat, automat cu detectie sunet.<br \/>\n&#8211; 2 moduri DMX: 10 sau 12 canale<br \/>\n&#8211; Unghiul fasciculului: 14\u00b0. &#8211; Focus motorizat<br \/>\n&#8211; Optic\u0103 ultra clar\u0103<br \/>\n&#8211; Moduri automate foarte dinamice \u0219i variate<br \/>\n&#8211; Moduri totem (180\u00b0)<br \/>\n&#8211; Roata 8 culori + alb &#8211; Roata cu 6 Gobo rotative<br \/>\n&#8211; prism\u0103 rotativ\u0103 cu 3 fa\u021bete<br \/>\n&#8211; Afi\u0219aj color TFT de 1,2 inchi<br \/>\n&#8211; Flux luminos: 13072 lx @ 2,5m<br \/>\n&#8211; Vine cu suporturi de montare omega<br \/>\n&#8211; Racire cu ventilatie fortata<br \/>\n&#8211; Consum de energie: 100W max<br \/>\n&#8211; Dimensiuni aparat: 243 x 151 x 301 mm<br \/>\n&#8211; Dimensiuni cutie: 345 x 235 x 390 mm<br \/>\n&#8211; Greutate bruta: 6,28 kg<br \/>\n&#8211; Greutate de livrare 4,78 kg<\/p>\n","protected":false},"excerpt":{"rendered":"<p>EVO SPOT 60-CR &#8211; EVOLITE<br \/>\nCAP MOBIL SPOT<br \/>\nEvo Spot &#8211; LED Evolite Evo Spot 60-CR, din seria Compact Range, o gam\u0103 de \u00eenalt\u0103 performan\u021b\u0103 cu un LED de 60W \u00eentr-o carcas\u0103 ultra-compact\u0103! Ideal pentru DJ, Disco-Mobile, Cluburi, Baruri, Restaurante, Sala de Receptii..<\/p>\n","protected":false},"featured_media":7935,"comment_status":"open","ping_status":"closed","template":"","meta":[],"product_brand":[],"product_cat":[493],"product_tag":[498,501,190,195],"class_list":{"0":"post-7934","1":"product","2":"type-product","3":"status-publish","4":"has-post-thumbnail","6":"product_cat-msc","7":"product_tag-evolite","8":"product_tag-lumini-inteligente","9":"product_tag-moving-head","10":"product_tag-spot","12":"first","13":"instock","14":"purchasable","15":"product-type-simple"},"jetpack_sharing_enabled":true,"_links":{"self":[{"href":"https:\/\/quintett.eu\/index.php?rest_route=\/wp\/v2\/product\/7934","targetHints":{"allow":["GET"]}}],"collection":[{"href":"https:\/\/quintett.eu\/index.php?rest_route=\/wp\/v2\/product"}],"about":[{"href":"https:\/\/quintett.eu\/index.php?rest_route=\/wp\/v2\/types\/product"}],"replies":[{"embeddable":true,"href":"https:\/\/quintett.eu\/index.php?rest_route=%2Fwp%2Fv2%2Fcomments&post=7934"}],"wp:featuredmedia":[{"embeddable":true,"href":"https:\/\/quintett.eu\/index.php?rest_route=\/wp\/v2\/media\/7935"}],"wp:attachment":[{"href":"https:\/\/quintett.eu\/index.php?rest_route=%2Fwp%2Fv2%2Fmedia&parent=7934"}],"wp:term":[{"taxonomy":"product_brand","embeddable":true,"href":"https:\/\/quintett.eu\/index.php?rest_route=%2Fwp%2Fv2%2Fproduct_brand&post=7934"},{"taxonomy":"product_cat","embeddable":true,"href":"https:\/\/quintett.eu\/index.php?rest_route=%2Fwp%2Fv2%2Fproduct_cat&post=7934"},{"taxonomy":"product_tag","embeddable":true,"href":"https:\/\/quintett.eu\/index.php?rest_route=%2Fwp%2Fv2%2Fproduct_tag&post=7934"}],"curies":[{"name":"wp","href":"https:\/\/api.w.org\/{rel}","templated":true}]}}