{"id":7936,"date":"2022-06-09T08:51:03","date_gmt":"2022-06-09T06:51:03","guid":{"rendered":"https:\/\/quintett.eu\/?post_type=product&#038;p=7936"},"modified":"2022-07-15T23:03:27","modified_gmt":"2022-07-15T21:03:27","slug":"evolite-v-evo-wash-610-cr-z","status":"publish","type":"product","link":"https:\/\/quintett.eu\/?product=evolite-v-evo-wash-610-cr-z","title":{"rendered":"Evolite V- EVO Wash 610-CR Z"},"content":{"rendered":"<p>Specifica\u021bii:<br \/>\n&#8211; LED Wash Lyre din gama EVOLITE Compact<br \/>\n&#8211; Rotire PAN 360\u00b0\/540\u00b0\/630\u00b0 \u0219i TILT 90\u00b0\/180\u00b0\/270\u00b0 rota\u021bie<br \/>\n&#8211; Echipat cu 6 LED-uri de 10W RGBW 4in1<br \/>\n&#8211; CTB \/ CTO 2700K-8000K<br \/>\n&#8211; Moduri de control: cablu DMX, automat, automat cu detectie sunet.<br \/>\n&#8211; 2 moduri DMX: 13 sau 15 canale<br \/>\n&#8211; Unghiul fasciculului: 6\u00b0-60\u00b0.<br \/>\n&#8211; Optic\u0103 ultra clar\u0103<br \/>\n&#8211; Moduri automate foarte dinamice \u0219i variate<br \/>\n&#8211; Moduri totem (180\u00b0)<br \/>\n&#8211; Zoom motorizat<br \/>\n&#8211; Afi\u0219aj color TFT de 1,2 inchi<br \/>\n&#8211; Flux luminos la 6\u00b0: 45540 lx @ 1m<br \/>\n&#8211; Vine cu suporturi de montare omega<br \/>\n&#8211; Racire cu ventilatie fortata &#8211; Consum de energie: 120W max<br \/>\n&#8211; Dimensiuni aparat: 243 x 151 x 278 mm<br \/>\n&#8211; Dimensiuni cutie: 345 x 225 x 365 mm<br \/>\n&#8211; Greutate bruta: 5,38 kg<br \/>\n&#8211; Greutate neta: 3,88 kg<\/p>\n","protected":false},"excerpt":{"rendered":"<p>CAP MOBIL WASH<br \/>\nCAP MOBIL WASH \u00a0LED Evolite Evo Spot 610-CRz cu zoom, din seria Compact Range, un suport de \u00eenalt\u0103 performan\u021b\u0103 cu 6 x 10W RGBW Quad LED-uri \u00eentr-o carcas\u0103 ultra-compact\u0103! Ideal pentru DJ, Disco-Mobile, Cluburi, Baruri, Restaurante, Sala de Receptii..<\/p>\n","protected":false},"featured_media":7937,"comment_status":"open","ping_status":"closed","template":"","meta":[],"product_brand":[],"product_cat":[493,42],"product_tag":[498,501,190,196],"class_list":{"0":"post-7936","1":"product","2":"type-product","3":"status-publish","4":"has-post-thumbnail","6":"product_cat-msc","7":"product_cat-promotii","8":"product_tag-evolite","9":"product_tag-lumini-inteligente","10":"product_tag-moving-head","11":"product_tag-wash","13":"first","14":"instock","15":"purchasable","16":"product-type-simple"},"jetpack_sharing_enabled":true,"_links":{"self":[{"href":"https:\/\/quintett.eu\/index.php?rest_route=\/wp\/v2\/product\/7936","targetHints":{"allow":["GET"]}}],"collection":[{"href":"https:\/\/quintett.eu\/index.php?rest_route=\/wp\/v2\/product"}],"about":[{"href":"https:\/\/quintett.eu\/index.php?rest_route=\/wp\/v2\/types\/product"}],"replies":[{"embeddable":true,"href":"https:\/\/quintett.eu\/index.php?rest_route=%2Fwp%2Fv2%2Fcomments&post=7936"}],"wp:featuredmedia":[{"embeddable":true,"href":"https:\/\/quintett.eu\/index.php?rest_route=\/wp\/v2\/media\/7937"}],"wp:attachment":[{"href":"https:\/\/quintett.eu\/index.php?rest_route=%2Fwp%2Fv2%2Fmedia&parent=7936"}],"wp:term":[{"taxonomy":"product_brand","embeddable":true,"href":"https:\/\/quintett.eu\/index.php?rest_route=%2Fwp%2Fv2%2Fproduct_brand&post=7936"},{"taxonomy":"product_cat","embeddable":true,"href":"https:\/\/quintett.eu\/index.php?rest_route=%2Fwp%2Fv2%2Fproduct_cat&post=7936"},{"taxonomy":"product_tag","embeddable":true,"href":"https:\/\/quintett.eu\/index.php?rest_route=%2Fwp%2Fv2%2Fproduct_tag&post=7936"}],"curies":[{"name":"wp","href":"https:\/\/api.w.org\/{rel}","templated":true}]}}