{"id":8036,"date":"2022-10-03T19:24:49","date_gmt":"2022-10-03T17:24:49","guid":{"rendered":"https:\/\/quintett.eu\/?post_type=product&#038;p=8036"},"modified":"2025-01-16T11:07:06","modified_gmt":"2025-01-16T09:07:06","slug":"ketron-event","status":"publish","type":"product","link":"https:\/\/quintett.eu\/?product=ketron-event","title":{"rendered":"KETRON EVENT"},"content":{"rendered":"<p>Ketron Event Entertainer-Keyboard<\/p>\n<p>76 de taste semi-ponderate cu aftertouch, 464 de voci cu 3 sunete independente fiecare, 62 de seturi de tobe + 580 de tobe live, dual\/layer, split, peste 400 de stiluri, 4 bancuri cu \u00eenregistr\u0103ri nelimitate, polifonie: 216 voci, ecran tactil de 7 inchi, 15 glisoare cu indicator LED, 8 poti, pitch bend \u0219i roat\u0103 de modula\u021bie, \u00eenregistrare audio \u0219i midi, player audio cu 5+1 multitrack, 2 unit\u0103\u021bi de player separate, efecte: DSP (reverb, chorus, flanger, overdrive, distorsion, tremolo, autopan, egalizator \u0219i multe altele), armonie vocal\u0103 cu 3 voci, 240 GB SSD (80 GB pentru sistem), slot pentru card SD (p\u00e2n\u0103 la 512 GB), 1 GB spa\u021biu de stocare pentru mostre de utilizator, sunet bluetooth (intrare), \u00a0conectare WiFi prin aplica\u021bia Ketron, conexiuni: ie\u0219ire stereo principal\u0103 (2x muf\u0103 de 6,3 mm, L\/R + R), aux 1 \u0219i aux 2 (L\/R), c\u0103\u0219ti muf\u0103 stereo de 6,3 mm, sustain pedal\u0103, pedal\u0103 de volum, comutator de picior, Midi In1\/In2\/Out\/Thru, line in L\/R (2x jack mono de 6,3 mm), intrare microfon 1 (XLR), intrare microfon 2 (jack 6,3 mm), 2x USB , \u00a0ie\u0219ire HDMI, dimensiuni (L x A x H) \u00een mm: 1140 x 365 x 125, greutate: 14,8 kg, culoare: negru<\/p>\n","protected":false},"excerpt":{"rendered":"<p>Noul aranjator de ultim\u0103 genera\u021bie !<br \/>\nLa Ketron avem un vis. Dorim s\u0103 cre\u0103m cele mai inovatoare, inspiratoare \u0219i originale tastaturi muzicale<br \/>\ncare pot fi produse vreodat\u0103 ast\u0103zi cu tehnologia de m\u00e2ine.<\/p>\n<p>Nu ne-am oprit p\u00e2n\u0103 nu am atins cele mai \u00eenalte standarde de calitate, astfel \u00eenc\u00e2t s\u0103 poat\u0103 \u0219i tehnologia de ultim\u0103 or\u0103<br \/>\ngenera cele mai realiste sunete.<\/p>\n<p>@ketron<\/p>\n","protected":false},"featured_media":8090,"comment_status":"open","ping_status":"closed","template":"","meta":[],"product_brand":[],"product_cat":[25,42],"product_tag":[576,578,573,729,575,579,400],"class_list":{"0":"post-8036","1":"product","2":"type-product","3":"status-publish","4":"has-post-thumbnail","6":"product_cat-sintetizatoare","7":"product_cat-promotii","8":"product_tag-aranjor","9":"product_tag-event","10":"product_tag-ketron","11":"product_tag-ketron-event","12":"product_tag-keyboard","13":"product_tag-live-sound","14":"product_tag-orga","16":"first","17":"outofstock","18":"sale","19":"purchasable","20":"product-type-simple"},"jetpack_sharing_enabled":true,"_links":{"self":[{"href":"https:\/\/quintett.eu\/index.php?rest_route=\/wp\/v2\/product\/8036","targetHints":{"allow":["GET"]}}],"collection":[{"href":"https:\/\/quintett.eu\/index.php?rest_route=\/wp\/v2\/product"}],"about":[{"href":"https:\/\/quintett.eu\/index.php?rest_route=\/wp\/v2\/types\/product"}],"replies":[{"embeddable":true,"href":"https:\/\/quintett.eu\/index.php?rest_route=%2Fwp%2Fv2%2Fcomments&post=8036"}],"wp:featuredmedia":[{"embeddable":true,"href":"https:\/\/quintett.eu\/index.php?rest_route=\/wp\/v2\/media\/8090"}],"wp:attachment":[{"href":"https:\/\/quintett.eu\/index.php?rest_route=%2Fwp%2Fv2%2Fmedia&parent=8036"}],"wp:term":[{"taxonomy":"product_brand","embeddable":true,"href":"https:\/\/quintett.eu\/index.php?rest_route=%2Fwp%2Fv2%2Fproduct_brand&post=8036"},{"taxonomy":"product_cat","embeddable":true,"href":"https:\/\/quintett.eu\/index.php?rest_route=%2Fwp%2Fv2%2Fproduct_cat&post=8036"},{"taxonomy":"product_tag","embeddable":true,"href":"https:\/\/quintett.eu\/index.php?rest_route=%2Fwp%2Fv2%2Fproduct_tag&post=8036"}],"curies":[{"name":"wp","href":"https:\/\/api.w.org\/{rel}","templated":true}]}}