{"id":8044,"date":"2022-10-06T10:57:56","date_gmt":"2022-10-06T08:57:56","guid":{"rendered":"https:\/\/quintett.eu\/?post_type=product&#038;p=8044"},"modified":"2022-10-06T11:32:12","modified_gmt":"2022-10-06T09:32:12","slug":"osram-sirius-hri-230w-beam-7r","status":"publish","type":"product","link":"https:\/\/quintett.eu\/?product=osram-sirius-hri-230w-beam-7r","title":{"rendered":"Osram SIRIUS HRI 230W Beam 7R"},"content":{"rendered":"<p>OSRAM SIRIUS HRI 230W Beam 7R<\/p>\n<div>\n<table>\n<tbody>\n<tr>\n<td>Putere<\/td>\n<td>230W<\/td>\n<\/tr>\n<tr>\n<td>Tensiune<\/td>\n<td>70V<\/td>\n<\/tr>\n<tr>\n<td>Intensitate curent<\/td>\n<td>3,3A<\/td>\n<\/tr>\n<tr>\n<td>Flux luminos<\/td>\n<td>9500\u00a0 lm<\/td>\n<\/tr>\n<tr>\n<td>Temperatura\u00a0de culoare<\/td>\n<td>8000K<\/td>\n<\/tr>\n<tr>\n<td>Indicele de redare a culorilor\u00a0R<sub>a<\/sub><\/td>\n<td>75<\/td>\n<\/tr>\n<tr>\n<td>Diametru<\/td>\n<td>51 mm<\/td>\n<\/tr>\n<tr>\n<td>Lungime<\/td>\n<td>54,5 mm<\/td>\n<\/tr>\n<tr>\n<td>Durata de functionare<\/td>\n<td>2500 ore<\/td>\n<\/tr>\n<\/tbody>\n<\/table>\n<\/div>\n","protected":false},"excerpt":{"rendered":"<h2 class=\"h2\">Osram SIRIUS HRI 230W Beam 7R<\/h2>\n<p>Osram HRI 230W este destinat echipamentelor de lumini de scena, TV, opera, productie film, teatru, expo, club.<\/p>\n<p>Tensiune de lucru: 70 V Putere nominal\u0103: 230 W Baza: Speciala Tip lamp\u0103: Lamp\u0103 metalic\u0103 cu vapori Forma: reflector Pozi\u021bie de ardere: S180 (universal) Durata de viata a lampii: 2500 h Flux luminos: 9500 lm Dimensiuni (LxD): 58&#215;51 mm Greutate: 70 g<\/p>\n<p>EAN 4008321810311<\/p>\n","protected":false},"featured_media":8049,"comment_status":"open","ping_status":"closed","template":"","meta":[],"product_brand":[],"product_cat":[580,581,42],"product_tag":[504,598,588,585,587,190,590,584],"class_list":{"0":"post-8044","1":"product","2":"type-product","3":"status-publish","4":"has-post-thumbnail","6":"product_cat-lampi","7":"product_cat-osram","8":"product_cat-promotii","9":"product_tag-7r","10":"product_tag-bec-hri-230w","11":"product_tag-ean-4008321810311","12":"product_tag-hri","13":"product_tag-lampa-7r","14":"product_tag-moving-head","15":"product_tag-osram","16":"product_tag-osram-sirius-hri-230w","18":"first","19":"instock","20":"purchasable","21":"product-type-simple"},"jetpack_sharing_enabled":true,"_links":{"self":[{"href":"https:\/\/quintett.eu\/index.php?rest_route=\/wp\/v2\/product\/8044","targetHints":{"allow":["GET"]}}],"collection":[{"href":"https:\/\/quintett.eu\/index.php?rest_route=\/wp\/v2\/product"}],"about":[{"href":"https:\/\/quintett.eu\/index.php?rest_route=\/wp\/v2\/types\/product"}],"replies":[{"embeddable":true,"href":"https:\/\/quintett.eu\/index.php?rest_route=%2Fwp%2Fv2%2Fcomments&post=8044"}],"wp:featuredmedia":[{"embeddable":true,"href":"https:\/\/quintett.eu\/index.php?rest_route=\/wp\/v2\/media\/8049"}],"wp:attachment":[{"href":"https:\/\/quintett.eu\/index.php?rest_route=%2Fwp%2Fv2%2Fmedia&parent=8044"}],"wp:term":[{"taxonomy":"product_brand","embeddable":true,"href":"https:\/\/quintett.eu\/index.php?rest_route=%2Fwp%2Fv2%2Fproduct_brand&post=8044"},{"taxonomy":"product_cat","embeddable":true,"href":"https:\/\/quintett.eu\/index.php?rest_route=%2Fwp%2Fv2%2Fproduct_cat&post=8044"},{"taxonomy":"product_tag","embeddable":true,"href":"https:\/\/quintett.eu\/index.php?rest_route=%2Fwp%2Fv2%2Fproduct_tag&post=8044"}],"curies":[{"name":"wp","href":"https:\/\/api.w.org\/{rel}","templated":true}]}}