{"id":8052,"date":"2022-10-06T11:06:34","date_gmt":"2022-10-06T09:06:34","guid":{"rendered":"https:\/\/quintett.eu\/?post_type=product&#038;p=8052"},"modified":"2022-10-06T11:46:52","modified_gmt":"2022-10-06T09:46:52","slug":"osram-sirius-hri-280w","status":"publish","type":"product","link":"https:\/\/quintett.eu\/?product=osram-sirius-hri-280w","title":{"rendered":"Osram SIRIUS HRI 330W Beam 15R"},"content":{"rendered":"<p>OSRAM SIRIUS HRI 330W<\/p>\n<table>\n<tbody>\n<tr>\n<td>Specificatii<\/td>\n<td><\/td>\n<\/tr>\n<tr>\n<td>Putere<\/td>\n<td>330W<\/td>\n<\/tr>\n<tr>\n<td>Tensiune<\/td>\n<td>65V<\/td>\n<\/tr>\n<tr>\n<td>Intensitate curent<\/td>\n<td>5A<\/td>\n<\/tr>\n<tr>\n<td>Flux luminos<\/td>\n<td>12000\u00a0 lm<\/td>\n<\/tr>\n<tr>\n<td>Temperatura\u00a0de culoare<\/td>\n<td>7400K<\/td>\n<\/tr>\n<tr>\n<td>Indicele de redare a culorilor\u00a0R<sub>a<\/sub><\/td>\n<td>86<\/td>\n<\/tr>\n<tr>\n<td>Diametru<\/td>\n<td>56 mm<\/td>\n<\/tr>\n<tr>\n<td>Lungime<\/td>\n<td>63 mm<\/td>\n<\/tr>\n<tr>\n<td>Durata de functionare<\/td>\n<td>1500 ore<\/td>\n<\/tr>\n<\/tbody>\n<\/table>\n","protected":false},"excerpt":{"rendered":"<h2 class=\"h2\">Osram SIRIUS HRI 330W Beam 15R<\/h2>\n<p>Osram HRI 330W este destinat echipamentelor de lumini de scena, TV, opera, productie film, teatru, expo, club.<\/p>\n<p>Tensiune de lucru: 65 V Putere nominal\u0103: 330 W Baza: Speciala Tip lamp\u0103: Lamp\u0103 metalic\u0103 cu vapori Forma: reflector Pozi\u021bie de ardere: S180 (universal) Durata de viata a lampii: 1500 h Flux luminos: 12000 lm Dimensiuni (LxD): 56&#215;63 mm Greutate: 70 g<\/p>\n<p>EAN 4008321810373<\/p>\n","protected":false},"featured_media":8060,"comment_status":"open","ping_status":"closed","template":"","meta":[],"product_brand":[],"product_cat":[580,581,42],"product_tag":[602,600,599,585,190,590,601],"class_list":{"0":"post-8052","1":"product","2":"type-product","3":"status-publish","4":"has-post-thumbnail","6":"product_cat-lampi","7":"product_cat-osram","8":"product_cat-promotii","9":"product_tag-15r","10":"product_tag-bec-hri-330w","11":"product_tag-ean-4008321810373","12":"product_tag-hri","13":"product_tag-moving-head","14":"product_tag-osram","15":"product_tag-osram-hri-330w","17":"first","18":"instock","19":"purchasable","20":"product-type-simple"},"jetpack_sharing_enabled":true,"_links":{"self":[{"href":"https:\/\/quintett.eu\/index.php?rest_route=\/wp\/v2\/product\/8052","targetHints":{"allow":["GET"]}}],"collection":[{"href":"https:\/\/quintett.eu\/index.php?rest_route=\/wp\/v2\/product"}],"about":[{"href":"https:\/\/quintett.eu\/index.php?rest_route=\/wp\/v2\/types\/product"}],"replies":[{"embeddable":true,"href":"https:\/\/quintett.eu\/index.php?rest_route=%2Fwp%2Fv2%2Fcomments&post=8052"}],"wp:featuredmedia":[{"embeddable":true,"href":"https:\/\/quintett.eu\/index.php?rest_route=\/wp\/v2\/media\/8060"}],"wp:attachment":[{"href":"https:\/\/quintett.eu\/index.php?rest_route=%2Fwp%2Fv2%2Fmedia&parent=8052"}],"wp:term":[{"taxonomy":"product_brand","embeddable":true,"href":"https:\/\/quintett.eu\/index.php?rest_route=%2Fwp%2Fv2%2Fproduct_brand&post=8052"},{"taxonomy":"product_cat","embeddable":true,"href":"https:\/\/quintett.eu\/index.php?rest_route=%2Fwp%2Fv2%2Fproduct_cat&post=8052"},{"taxonomy":"product_tag","embeddable":true,"href":"https:\/\/quintett.eu\/index.php?rest_route=%2Fwp%2Fv2%2Fproduct_tag&post=8052"}],"curies":[{"name":"wp","href":"https:\/\/api.w.org\/{rel}","templated":true}]}}