{"id":8065,"date":"2022-10-06T11:47:59","date_gmt":"2022-10-06T09:47:59","guid":{"rendered":"https:\/\/quintett.eu\/?post_type=product&#038;p=8065"},"modified":"2025-02-24T16:26:00","modified_gmt":"2025-02-24T14:26:00","slug":"osram-sirius-hri-280w-beam","status":"publish","type":"product","link":"https:\/\/quintett.eu\/?product=osram-sirius-hri-280w-beam","title":{"rendered":"Osram SIRIUS HRI 280W Beam"},"content":{"rendered":"<p>OSRAM SIRIUS HRI 280W<\/p>\n<table>\n<tbody>\n<tr>\n<td>Specificatii<\/td>\n<td><\/td>\n<\/tr>\n<tr>\n<td>Putere<\/td>\n<td>280W<\/td>\n<\/tr>\n<tr>\n<td>Tensiune<\/td>\n<td>70V<\/td>\n<\/tr>\n<tr>\n<td>Intensitate curent<\/td>\n<td>4A<\/td>\n<\/tr>\n<tr>\n<td>Flux luminos<\/td>\n<td>11500 lm<\/td>\n<\/tr>\n<tr>\n<td>Temperatura\u00a0de culoare<\/td>\n<td>7800K<\/td>\n<\/tr>\n<tr>\n<td>Indicele de redare a culorilor\u00a0R<sub>a<\/sub><\/td>\n<td>78<\/td>\n<\/tr>\n<tr>\n<td>Diametru<\/td>\n<td>51 mm<\/td>\n<\/tr>\n<tr>\n<td>Lungime<\/td>\n<td>54,5 mm<\/td>\n<\/tr>\n<tr>\n<td>Durata de functionare<\/td>\n<td>2000 ore<\/td>\n<\/tr>\n<\/tbody>\n<\/table>\n<div><\/div>\n","protected":false},"excerpt":{"rendered":"<h2 class=\"h2\">Osram SIRIUS HRI 280W Beam<\/h2>\n<p>Osram HRI 280W este destinat echipamentelor de lumini de scena, TV, opera, productie film, teatru, expo, club.<\/p>\n<p>Tensiune de lucru: 70 V Putere nominal\u0103: 280 W Baza: Speciala Tip lamp\u0103: Lamp\u0103 metalic\u0103 cu vapori Forma: reflector Pozi\u021bie de ardere: S180 (universal) Durata de viata a lampii: 2000 h Flux luminos:11500 lm Dimensiuni (LxD): 54,5&#215;51 mm Greutate: 70 g<\/p>\n<p>EAN 4008321810342<\/p>\n","protected":false},"featured_media":8047,"comment_status":"open","ping_status":"closed","template":"","meta":[],"product_brand":[],"product_cat":[580,581,42],"product_tag":[592,585,604,190,590,603],"class_list":{"0":"post-8065","1":"product","2":"type-product","3":"status-publish","4":"has-post-thumbnail","6":"product_cat-lampi","7":"product_cat-osram","8":"product_cat-promotii","9":"product_tag-ean-4008321810342","10":"product_tag-hri","11":"product_tag-hri-280w","12":"product_tag-moving-head","13":"product_tag-osram","14":"product_tag-osram-sirius-hri-280w","16":"first","17":"instock","18":"purchasable","19":"product-type-simple"},"jetpack_sharing_enabled":true,"_links":{"self":[{"href":"https:\/\/quintett.eu\/index.php?rest_route=\/wp\/v2\/product\/8065","targetHints":{"allow":["GET"]}}],"collection":[{"href":"https:\/\/quintett.eu\/index.php?rest_route=\/wp\/v2\/product"}],"about":[{"href":"https:\/\/quintett.eu\/index.php?rest_route=\/wp\/v2\/types\/product"}],"replies":[{"embeddable":true,"href":"https:\/\/quintett.eu\/index.php?rest_route=%2Fwp%2Fv2%2Fcomments&post=8065"}],"wp:featuredmedia":[{"embeddable":true,"href":"https:\/\/quintett.eu\/index.php?rest_route=\/wp\/v2\/media\/8047"}],"wp:attachment":[{"href":"https:\/\/quintett.eu\/index.php?rest_route=%2Fwp%2Fv2%2Fmedia&parent=8065"}],"wp:term":[{"taxonomy":"product_brand","embeddable":true,"href":"https:\/\/quintett.eu\/index.php?rest_route=%2Fwp%2Fv2%2Fproduct_brand&post=8065"},{"taxonomy":"product_cat","embeddable":true,"href":"https:\/\/quintett.eu\/index.php?rest_route=%2Fwp%2Fv2%2Fproduct_cat&post=8065"},{"taxonomy":"product_tag","embeddable":true,"href":"https:\/\/quintett.eu\/index.php?rest_route=%2Fwp%2Fv2%2Fproduct_tag&post=8065"}],"curies":[{"name":"wp","href":"https:\/\/api.w.org\/{rel}","templated":true}]}}