{"id":8066,"date":"2022-10-06T12:23:50","date_gmt":"2022-10-06T10:23:50","guid":{"rendered":"https:\/\/quintett.eu\/?post_type=product&#038;p=8066"},"modified":"2022-10-06T12:31:27","modified_gmt":"2022-10-06T10:31:27","slug":"osram-sirius-hri-440w-beam-17r","status":"publish","type":"product","link":"https:\/\/quintett.eu\/?product=osram-sirius-hri-440w-beam-17r","title":{"rendered":"Osram SIRIUS HRI 440W Beam 17R"},"content":{"rendered":"<p>OSRAM SIRIUS HRI 440W S<\/p>\n<table>\n<tbody>\n<tr>\n<td>Specificatii<\/td>\n<td><\/td>\n<\/tr>\n<tr>\n<td>Putere<\/td>\n<td>440W<\/td>\n<\/tr>\n<tr>\n<td>Tensiune<\/td>\n<td>75V<\/td>\n<\/tr>\n<tr>\n<td>Intensitate curent<\/td>\n<td>4,4A<\/td>\n<\/tr>\n<tr>\n<td>Flux luminos<\/td>\n<td>22800\u00a0 lm<\/td>\n<\/tr>\n<tr>\n<td>Temperatura\u00a0de culoare<\/td>\n<td>7000K<\/td>\n<\/tr>\n<tr>\n<td>Indicele de redare a culorilor\u00a0R<sub>a<\/sub><\/td>\n<td>80<\/td>\n<\/tr>\n<tr>\n<td>Diametru<\/td>\n<td>11,8 mm<\/td>\n<\/tr>\n<tr>\n<td>Lungime<\/td>\n<td>71 mm<\/td>\n<\/tr>\n<tr>\n<td>Durata de functionare<\/td>\n<td>1500 ore<\/td>\n<\/tr>\n<\/tbody>\n<\/table>\n","protected":false},"excerpt":{"rendered":"<h2 class=\"h2\">Osram SIRIUS HRI 440W Beam 17R<\/h2>\n<p>Osram HRI 440W este destinat echipamentelor de lumini de scena, TV, opera, productie film, teatru, expo, club.<\/p>\n<p>Tensiune de lucru: 65 V Putere nominal\u0103: 440 W Baza: Speciala Tip lamp\u0103: Lamp\u0103 metalic\u0103 cu vapori Forma: reflector Pozi\u021bie de ardere: S180 (universal) Durata de viata a lampii: 2500 h Flux luminos: 20000 lm Dimensiuni (LxD): 56&#215;65 mm Greutate: 70 g<\/p>\n<p>Potrivit pentru urm\u0103toarele produse :<\/p>\n<p>EVA 440BS, A-2470, A-2470BSW,\u00a0 Maverick MK1 Hybrid (Chauvet), PRO-20R, Eagle-470,Fine 440 BSW-ENHA, FINE 440 BEAM &#8211; ENHA, GTI-1 (GLP), 440 II Beam, Armor 440W,\u00a0 X-5 Coupe, X-5 GT, X-Beam440, Super Beam 440W, Super Hero 440W, IP3000, 440 FS, AcquaBeam, ML-1506, ML-1508, RPG 9M, SEER 800, XR 440 Beam, XR 440 BSW..<\/p>\n","protected":false},"featured_media":8070,"comment_status":"open","ping_status":"closed","template":"","meta":[],"product_brand":[],"product_cat":[580,581,42],"product_tag":[599,585,190,590,606,605,607],"class_list":{"0":"post-8066","1":"product","2":"type-product","3":"status-publish","4":"has-post-thumbnail","6":"product_cat-lampi","7":"product_cat-osram","8":"product_cat-promotii","9":"product_tag-ean-4008321810373","10":"product_tag-hri","11":"product_tag-moving-head","12":"product_tag-osram","13":"product_tag-osram-17r","14":"product_tag-osram-hri-440w","15":"product_tag-sirius-hri-440w","17":"first","18":"instock","19":"purchasable","20":"product-type-simple"},"jetpack_sharing_enabled":true,"_links":{"self":[{"href":"https:\/\/quintett.eu\/index.php?rest_route=\/wp\/v2\/product\/8066","targetHints":{"allow":["GET"]}}],"collection":[{"href":"https:\/\/quintett.eu\/index.php?rest_route=\/wp\/v2\/product"}],"about":[{"href":"https:\/\/quintett.eu\/index.php?rest_route=\/wp\/v2\/types\/product"}],"replies":[{"embeddable":true,"href":"https:\/\/quintett.eu\/index.php?rest_route=%2Fwp%2Fv2%2Fcomments&post=8066"}],"wp:featuredmedia":[{"embeddable":true,"href":"https:\/\/quintett.eu\/index.php?rest_route=\/wp\/v2\/media\/8070"}],"wp:attachment":[{"href":"https:\/\/quintett.eu\/index.php?rest_route=%2Fwp%2Fv2%2Fmedia&parent=8066"}],"wp:term":[{"taxonomy":"product_brand","embeddable":true,"href":"https:\/\/quintett.eu\/index.php?rest_route=%2Fwp%2Fv2%2Fproduct_brand&post=8066"},{"taxonomy":"product_cat","embeddable":true,"href":"https:\/\/quintett.eu\/index.php?rest_route=%2Fwp%2Fv2%2Fproduct_cat&post=8066"},{"taxonomy":"product_tag","embeddable":true,"href":"https:\/\/quintett.eu\/index.php?rest_route=%2Fwp%2Fv2%2Fproduct_tag&post=8066"}],"curies":[{"name":"wp","href":"https:\/\/api.w.org\/{rel}","templated":true}]}}