{"id":8101,"date":"2022-11-05T18:15:24","date_gmt":"2022-11-05T16:15:24","guid":{"rendered":"https:\/\/quintett.eu\/?post_type=product&#038;p=8101"},"modified":"2022-11-05T18:20:48","modified_gmt":"2022-11-05T16:20:48","slug":"klark-teknik-di-22p-box","status":"publish","type":"product","link":"https:\/\/quintett.eu\/?product=klark-teknik-di-22p-box","title":{"rendered":"Klark Teknik DI 22P box"},"content":{"rendered":"<div id=\"moreInfo\" class=\"descriere\">\n<p><strong>Specificatii:<\/strong><\/p>\n<ul>\n<li>Connectori: 2 x 1\/4&#8243; TS, 1\/8&#8243; TRS, RCA\u00a0nebalansat<\/li>\n<li>Impedanta 30 k\u03a9<\/li>\n<li>Max. input level 30 dBu @ 1 kHz<\/li>\n<li>Connectori iesire 2 x XLR, balansat<\/li>\n<li>Impedanta 600 \u03a9<\/li>\n<li>Max. output level 8.5 dBu @ 1 kHz<\/li>\n<li>Frecventa raspuns: 20 Hz\u00a0&#8211; 30 kHz (\u00b1 1 dB)<\/li>\n<li>THD + N (distortion) 0.01% @ 1 kHz, 0 dBU<\/li>\n<li>Signal-to-noise ratio 105 dBu<\/li>\n<li>Input pad -15 dB<\/li>\n<li>Fara alimentare<\/li>\n<li>Dimensiuni:\u00a0118 x 112 x 64 mm<\/li>\n<li>Greutate:\u00a00.53 kg<\/li>\n<\/ul>\n<\/div>\n<p>&nbsp;<\/p>\n","protected":false},"excerpt":{"rendered":"<p><strong>DI BOX KLARK TEKNIK DI22P<\/strong><\/p>\n<p>Baz\u00e2ndu-se pe mo\u0219tenirea dispozitivelor de cea mai bun\u0103 calitate, DI 22P PRO DI AV 2 ofer\u0103 aceeasi calitate, r\u0103spuns dinamic \u0219i claritate sonic\u0103 pe care v-a\u021bi a\u0219teptat. DI 22P combin\u0103 multe dintre caracteristicile deosebite ale DI 20P \u0219i DI 10P \u00eentr-un singur instrument puternic care ar trebui s\u0103 fie\u00a0in geanta oricarui inginer audio. Echipat cu transformatoare MIDAS personalizate \u0219i pl\u0103cu\u021be de intrare comutate, DI 22P este alegerea perfect\u0103 pentru aplica\u021biile profesionale audio \u0219i multimedia premium.<\/p>\n","protected":false},"featured_media":8103,"comment_status":"open","ping_status":"closed","template":"","meta":[],"product_brand":[],"product_cat":[447],"product_tag":[318,615,319,612,616],"class_list":{"0":"post-8101","1":"product","2":"type-product","3":"status-publish","4":"has-post-thumbnail","6":"product_cat-midas","7":"product_tag-di","8":"product_tag-di-22p","9":"product_tag-di-box","10":"product_tag-klark-teknik","11":"product_tag-klark-teknik-di-22p-box","13":"first","14":"instock","15":"purchasable","16":"product-type-simple"},"jetpack_sharing_enabled":true,"_links":{"self":[{"href":"https:\/\/quintett.eu\/index.php?rest_route=\/wp\/v2\/product\/8101","targetHints":{"allow":["GET"]}}],"collection":[{"href":"https:\/\/quintett.eu\/index.php?rest_route=\/wp\/v2\/product"}],"about":[{"href":"https:\/\/quintett.eu\/index.php?rest_route=\/wp\/v2\/types\/product"}],"replies":[{"embeddable":true,"href":"https:\/\/quintett.eu\/index.php?rest_route=%2Fwp%2Fv2%2Fcomments&post=8101"}],"wp:featuredmedia":[{"embeddable":true,"href":"https:\/\/quintett.eu\/index.php?rest_route=\/wp\/v2\/media\/8103"}],"wp:attachment":[{"href":"https:\/\/quintett.eu\/index.php?rest_route=%2Fwp%2Fv2%2Fmedia&parent=8101"}],"wp:term":[{"taxonomy":"product_brand","embeddable":true,"href":"https:\/\/quintett.eu\/index.php?rest_route=%2Fwp%2Fv2%2Fproduct_brand&post=8101"},{"taxonomy":"product_cat","embeddable":true,"href":"https:\/\/quintett.eu\/index.php?rest_route=%2Fwp%2Fv2%2Fproduct_cat&post=8101"},{"taxonomy":"product_tag","embeddable":true,"href":"https:\/\/quintett.eu\/index.php?rest_route=%2Fwp%2Fv2%2Fproduct_tag&post=8101"}],"curies":[{"name":"wp","href":"https:\/\/api.w.org\/{rel}","templated":true}]}}