{"id":8140,"date":"2022-11-11T17:45:14","date_gmt":"2022-11-11T15:45:14","guid":{"rendered":"https:\/\/quintett.eu\/?post_type=product&#038;p=8140"},"modified":"2022-11-12T10:53:00","modified_gmt":"2022-11-12T08:53:00","slug":"conector-pce-0521-sr-taurus2","status":"publish","type":"product","link":"https:\/\/quintett.eu\/?product=conector-pce-0521-sr-taurus2","title":{"rendered":"CONECTOR PCE 0521-sr Taurus2"},"content":{"rendered":"<p>Conector alimentare PCE 0521-sr Taurus2 Plug<\/p>\n<ul>\n<li>Conector priza din cauciuc<\/li>\n<li>Cu inser\u021bie din poliamid\u0103 \u0219i inel ro\u0219u de codare a culorii<\/li>\n<li>Protec\u021bie: IP54, rezistent la praf \u0219i stropire<\/li>\n<li>Sigur \u0219i robust<\/li>\n<li>Design anti-alunecare \u0219i elegant<\/li>\n<li>Sec\u021biuni transversale ale conectorului de p\u00e2n\u0103 la 3G 2,5 mm\u00b2<\/li>\n<li>Tensiune nominal\u0103: 250 ~<\/li>\n<li>Curent nominal: 16 A<\/li>\n<li>Potrivit pentru intervale de temperatur\u0103 de la -40 \u00b0C p\u00e2n\u0103 la +120 \u00b0C<\/li>\n<li>Culoare: neagra<\/li>\n<\/ul>\n","protected":false},"excerpt":{"rendered":"<p>Conector &#8211; PCE Taurus2 0521-sr EU \/ B \/ F Bk, cauciuc negru &#8211; Conector alimentare AC \u00a0cu inser\u021bie din poliamid\u0103 \u0219i inel de marcare ro\u0219u; \u00a0cu sistem dublu de \u00eemp\u0103m\u00e2ntare, IP54, sigur, robust, design la \u00eendem\u00e2n\u0103 \u0219i design sub\u021bire, pentru sec\u021biuni transversale de conectare de p\u00e2n\u0103 la 3 G 2,5 mm\u00b2, tensiune nominal\u0103: 250 V ~, curent nominal: 16 A, interval de temperatur\u0103: -40 \u00b0 C p\u00e2n\u0103 la +120 \u00b0 C.<\/p>\n","protected":false},"featured_media":8143,"comment_status":"open","ping_status":"closed","template":"","meta":[],"product_brand":[],"product_cat":[391],"product_tag":[628,624,625,626,627],"class_list":{"0":"post-8140","1":"product","2":"type-product","3":"status-publish","4":"has-post-thumbnail","6":"product_cat-thomann","7":"product_tag-conector-16a","8":"product_tag-conector-alimentare-ac","9":"product_tag-pce-0521","10":"product_tag-pce-0521-taurus","11":"product_tag-stecher-curent","13":"first","14":"outofstock","15":"purchasable","16":"product-type-simple"},"jetpack_sharing_enabled":true,"_links":{"self":[{"href":"https:\/\/quintett.eu\/index.php?rest_route=\/wp\/v2\/product\/8140","targetHints":{"allow":["GET"]}}],"collection":[{"href":"https:\/\/quintett.eu\/index.php?rest_route=\/wp\/v2\/product"}],"about":[{"href":"https:\/\/quintett.eu\/index.php?rest_route=\/wp\/v2\/types\/product"}],"replies":[{"embeddable":true,"href":"https:\/\/quintett.eu\/index.php?rest_route=%2Fwp%2Fv2%2Fcomments&post=8140"}],"wp:featuredmedia":[{"embeddable":true,"href":"https:\/\/quintett.eu\/index.php?rest_route=\/wp\/v2\/media\/8143"}],"wp:attachment":[{"href":"https:\/\/quintett.eu\/index.php?rest_route=%2Fwp%2Fv2%2Fmedia&parent=8140"}],"wp:term":[{"taxonomy":"product_brand","embeddable":true,"href":"https:\/\/quintett.eu\/index.php?rest_route=%2Fwp%2Fv2%2Fproduct_brand&post=8140"},{"taxonomy":"product_cat","embeddable":true,"href":"https:\/\/quintett.eu\/index.php?rest_route=%2Fwp%2Fv2%2Fproduct_cat&post=8140"},{"taxonomy":"product_tag","embeddable":true,"href":"https:\/\/quintett.eu\/index.php?rest_route=%2Fwp%2Fv2%2Fproduct_tag&post=8140"}],"curies":[{"name":"wp","href":"https:\/\/api.w.org\/{rel}","templated":true}]}}