{"id":8167,"date":"2022-11-12T15:18:30","date_gmt":"2022-11-12T13:18:30","guid":{"rendered":"https:\/\/quintett.eu\/?post_type=product&#038;p=8167"},"modified":"2024-07-09T09:52:10","modified_gmt":"2024-07-09T07:52:10","slug":"novastar-mctrl-300-sender-box","status":"publish","type":"product","link":"https:\/\/quintett.eu\/?product=novastar-mctrl-300-sender-box","title":{"rendered":"NOVASTAR MCTRL-300 SENDER BOX"},"content":{"rendered":"<p>NOVASTAR MCTRL-300<\/p>\n<ul>\n<li>2 x port de ie\u0219ire Ethernet<\/li>\n<li>Portul de intrare video DVI<\/li>\n<li>Portul de interfa\u021b\u0103 Lensensor<\/li>\n<li>Intrare audio<\/li>\n<li>DVI Single Link 1<\/li>\n<li>L\u0103\u021bimea \u0219i \u00een\u0103l\u021bimea maxim\u0103 a rezolu\u021biei de intrare pot fi definite de utilizatori<\/li>\n<li>Capacitate maxim\u0103 de \u00eenc\u0103rcare 1300000 px<\/li>\n<li>Sistem de control Novastar<\/li>\n<li>Conector de date ie\u0219it RJ45<\/li>\n<li>Alimentare 100-240VAC 50-60Hz<\/li>\n<li>Consum de energie 16 W<\/li>\n<li>Conector de alimentare \u00een IEC C13 mam\u0103<\/li>\n<li>Carcas\u0103 aluminiu, metal<\/li>\n<li>Culoare Negru<\/li>\n<li>Greutate 1 kg<\/li>\n<li>\u00cen\u0103l\u021bime (f\u0103r\u0103 m\u00e2nere) 48 mm<\/li>\n<li>L\u0103\u021bime (f\u0103r\u0103 m\u00e2nere) 204 mm<\/li>\n<li>Ad\u00e2ncime (f\u0103r\u0103 m\u00e2nere) 160 mm<\/li>\n<li>Temperatura ambiental\u0103 minim\u0103 -20 \u00b0 C<\/li>\n<li>Temperatura ambiental\u0103 maxim\u0103 60 \u00b0 C<\/li>\n<li>Umiditate de func\u021bionare 0-95<\/li>\n<\/ul>\n","protected":false},"excerpt":{"rendered":"<p>Novastar MCTRL-300 este un card compact de trimitere de baz\u0103, care face configurarea ecranului cu LED echipat cu Novastar u\u0219or \u0219i simplu.Incastrat \u00eentr-o carcas\u0103 robust\u0103, Novastar MCTRL-300 \u00eencorporeaz\u0103 nu numai o intrare DVI \u0219i audio, ci \u0219i o intrare senzor de lumin\u0103 integrat\u0103.Acesta poate fi utilizat pentru a conecta un senzor de lumin\u0103 Novastar (101612) direct la cardul de expediere pentru reglarea automat\u0103 a luminozit\u0103\u021bii atunci c\u00e2nd se schimb\u0103 iluminarea ambiental\u0103.Prin ad\u0103ugarea MCTRL-300 la configurarea ecranului cu LED-uri, ve\u021bi avea posibilitatea instantaneu de a reda orice con\u021binut al computerului dvs. direct pe ecranul cu LED-uri.<\/p>\n","protected":false},"featured_media":8173,"comment_status":"open","ping_status":"closed","template":"","meta":[],"product_brand":[],"product_cat":[381],"product_tag":[631,388,632],"class_list":{"0":"post-8167","1":"product","2":"type-product","3":"status-publish","4":"has-post-thumbnail","6":"product_cat-chipshow","7":"product_tag-mctrl-300","8":"product_tag-novastar","9":"product_tag-sender-box","11":"first","12":"outofstock","13":"purchasable","14":"product-type-simple"},"jetpack_sharing_enabled":true,"_links":{"self":[{"href":"https:\/\/quintett.eu\/index.php?rest_route=\/wp\/v2\/product\/8167","targetHints":{"allow":["GET"]}}],"collection":[{"href":"https:\/\/quintett.eu\/index.php?rest_route=\/wp\/v2\/product"}],"about":[{"href":"https:\/\/quintett.eu\/index.php?rest_route=\/wp\/v2\/types\/product"}],"replies":[{"embeddable":true,"href":"https:\/\/quintett.eu\/index.php?rest_route=%2Fwp%2Fv2%2Fcomments&post=8167"}],"wp:featuredmedia":[{"embeddable":true,"href":"https:\/\/quintett.eu\/index.php?rest_route=\/wp\/v2\/media\/8173"}],"wp:attachment":[{"href":"https:\/\/quintett.eu\/index.php?rest_route=%2Fwp%2Fv2%2Fmedia&parent=8167"}],"wp:term":[{"taxonomy":"product_brand","embeddable":true,"href":"https:\/\/quintett.eu\/index.php?rest_route=%2Fwp%2Fv2%2Fproduct_brand&post=8167"},{"taxonomy":"product_cat","embeddable":true,"href":"https:\/\/quintett.eu\/index.php?rest_route=%2Fwp%2Fv2%2Fproduct_cat&post=8167"},{"taxonomy":"product_tag","embeddable":true,"href":"https:\/\/quintett.eu\/index.php?rest_route=%2Fwp%2Fv2%2Fproduct_tag&post=8167"}],"curies":[{"name":"wp","href":"https:\/\/api.w.org\/{rel}","templated":true}]}}