{"id":8225,"date":"2022-12-17T13:32:54","date_gmt":"2022-12-17T11:32:54","guid":{"rendered":"https:\/\/quintett.eu\/?post_type=product&#038;p=8225"},"modified":"2025-11-11T00:00:16","modified_gmt":"2025-11-10T22:00:16","slug":"fog-spray-3000-rgb","status":"publish","type":"product","link":"https:\/\/quintett.eu\/?product=fog-spray-3000-rgb","title":{"rendered":"Fog Spray 3000 RGB"},"content":{"rendered":"<p>Caracteristici Mac Mah Fog Spray 3000 RGB<\/p>\n<p>Ma\u0219in\u0103 de fum vertical\u0103<\/p>\n<p>Tensiune aplicabil\u0103: AC220V 240V<\/p>\n<p>Putere: 3000W<\/p>\n<p>Siguran\u021b\u0103: 10A<\/p>\n<p>Timp de \u00eenc\u0103lzire: 5-6mins<\/p>\n<p>\u00cen\u0103l\u021bime maxim\u0103 de pulverizare: aproximativ 6-8m<\/p>\n<p>Ie\u0219ire fum: aproximativ 32000CFM<\/p>\n<p>Putere LED: 3W x 24pcs<\/p>\n<p>Culoare LED : RGB<\/p>\n<p>Func\u021bie: telecomand\u0103 + DMX 512 Canal: 7<\/p>\n<p>Capacitate recipient ulei: 2.5L<\/p>\n<p>Greutate net\u0103: 8.8kg<\/p>\n<p>Greutate brut\u0103: 9.6kg<\/p>\n<p>Dimensiune produs: 430 x 210 x 380mm<\/p>\n<p>Dimensiune pachet: 460 x 270 x 450mm<\/p>\n","protected":false},"excerpt":{"rendered":"<p>Mac Mah Fog Spray 3000 RGB este o ma\u0219in\u0103 de fum RGB vertical\u0103 cu LED-uri integrate \u00eentr-un singur dispozitiv, pentru o redare foarte colorat\u0103! Pur \u0219i simplu magic!<\/p>\n","protected":false},"featured_media":13298,"comment_status":"open","ping_status":"closed","template":"","meta":[],"product_brand":[],"product_cat":[1472,496],"product_tag":[646,513,507,645,647],"class_list":{"0":"post-8225","1":"product","2":"type-product","3":"status-publish","4":"has-post-thumbnail","6":"product_cat-black-friday-najlepsie-ceny","7":"product_cat-msc-lumini-si-scene","8":"product_tag-led-3w-x-24","9":"product_tag-mac-mah","10":"product_tag-masina-de-fum","11":"product_tag-masina-de-fum-verticala","12":"product_tag-masina-fum-rgb","14":"first","15":"instock","16":"purchasable","17":"product-type-simple"},"jetpack_sharing_enabled":true,"_links":{"self":[{"href":"https:\/\/quintett.eu\/index.php?rest_route=\/wp\/v2\/product\/8225","targetHints":{"allow":["GET"]}}],"collection":[{"href":"https:\/\/quintett.eu\/index.php?rest_route=\/wp\/v2\/product"}],"about":[{"href":"https:\/\/quintett.eu\/index.php?rest_route=\/wp\/v2\/types\/product"}],"replies":[{"embeddable":true,"href":"https:\/\/quintett.eu\/index.php?rest_route=%2Fwp%2Fv2%2Fcomments&post=8225"}],"wp:featuredmedia":[{"embeddable":true,"href":"https:\/\/quintett.eu\/index.php?rest_route=\/wp\/v2\/media\/13298"}],"wp:attachment":[{"href":"https:\/\/quintett.eu\/index.php?rest_route=%2Fwp%2Fv2%2Fmedia&parent=8225"}],"wp:term":[{"taxonomy":"product_brand","embeddable":true,"href":"https:\/\/quintett.eu\/index.php?rest_route=%2Fwp%2Fv2%2Fproduct_brand&post=8225"},{"taxonomy":"product_cat","embeddable":true,"href":"https:\/\/quintett.eu\/index.php?rest_route=%2Fwp%2Fv2%2Fproduct_cat&post=8225"},{"taxonomy":"product_tag","embeddable":true,"href":"https:\/\/quintett.eu\/index.php?rest_route=%2Fwp%2Fv2%2Fproduct_tag&post=8225"}],"curies":[{"name":"wp","href":"https:\/\/api.w.org\/{rel}","templated":true}]}}