{"id":8264,"date":"2022-12-17T15:57:21","date_gmt":"2022-12-17T13:57:21","guid":{"rendered":"https:\/\/quintett.eu\/?post_type=product&#038;p=8264"},"modified":"2025-03-14T17:10:51","modified_gmt":"2025-03-14T15:10:51","slug":"mac-mah-mega-ufo-lzr","status":"publish","type":"product","link":"https:\/\/quintett.eu\/?product=mac-mah-mega-ufo-lzr","title":{"rendered":"Mac Mah &#8211; MEGA UFO-LZR"},"content":{"rendered":"<p>Caracteristici :<\/p>\n<p>Lumini \u00a0multicolore motorizate si rotative<\/p>\n<p>Culori : rosu, verde, albastru si alb Efect de fagure &#8222;Bee&#8220;<\/p>\n<p>LASER rosu si verde produc sute de fascicule<\/p>\n<p>Moduri de operare: DMX, master slave, sunet activat, automat<\/p>\n<p>22 canale DMX<\/p>\n<p>Alimentare: AC110 240Vac 50 \/ 60Hz<\/p>\n<p>Alimentare consum: 150W<\/p>\n<p>Surse de lumin\u0103: Efect de fascicul cu 6 LED-uri RGBW de luminozitate ultra-\u00eenalt\u0103 de 10W<\/p>\n<p>Surse de lumin\u0103: fagure \u201eBee\u201d: 4 LED-uri RGBW de 10W LASER: 532nm \/ 50mW Dioda LASER (verde), dioda LASER 638nm \/ 100 mW (ro\u0219u) )<\/p>\n<p>Dimensiuni: 300 x 300 x 250mm<\/p>\n<p>Greutate net\u0103: 4kg<\/p>\n","protected":false},"excerpt":{"rendered":"<p>Set de lumini cu 3 efecte LED MAC MAH MEGA-OZN LZR: fascicul, fagure &#8222;Bee&#8220; si LASER multipunct! Ideal pentru cluburi, DJ mobili, petreceri house, sali de bal, discoteci etc.<\/p>\n<p>&nbsp;<\/p>\n<p>https:\/\/www.youtube.com\/watch?v=IezUFUwL0og<\/p>\n<p>&nbsp;<\/p>\n","protected":false},"featured_media":8265,"comment_status":"open","ping_status":"closed","template":"","meta":[],"product_brand":[],"product_cat":[768,496],"product_tag":[197,651,501,513,650],"class_list":{"0":"post-8264","1":"product","2":"type-product","3":"status-publish","4":"has-post-thumbnail","6":"product_cat-20-years","7":"product_cat-msc-lumini-si-scene","8":"product_tag-beam","9":"product_tag-laser","10":"product_tag-lumini-inteligente","11":"product_tag-mac-mah","12":"product_tag-ufo","14":"first","15":"outofstock","16":"purchasable","17":"product-type-simple"},"jetpack_sharing_enabled":true,"_links":{"self":[{"href":"https:\/\/quintett.eu\/index.php?rest_route=\/wp\/v2\/product\/8264","targetHints":{"allow":["GET"]}}],"collection":[{"href":"https:\/\/quintett.eu\/index.php?rest_route=\/wp\/v2\/product"}],"about":[{"href":"https:\/\/quintett.eu\/index.php?rest_route=\/wp\/v2\/types\/product"}],"replies":[{"embeddable":true,"href":"https:\/\/quintett.eu\/index.php?rest_route=%2Fwp%2Fv2%2Fcomments&post=8264"}],"wp:featuredmedia":[{"embeddable":true,"href":"https:\/\/quintett.eu\/index.php?rest_route=\/wp\/v2\/media\/8265"}],"wp:attachment":[{"href":"https:\/\/quintett.eu\/index.php?rest_route=%2Fwp%2Fv2%2Fmedia&parent=8264"}],"wp:term":[{"taxonomy":"product_brand","embeddable":true,"href":"https:\/\/quintett.eu\/index.php?rest_route=%2Fwp%2Fv2%2Fproduct_brand&post=8264"},{"taxonomy":"product_cat","embeddable":true,"href":"https:\/\/quintett.eu\/index.php?rest_route=%2Fwp%2Fv2%2Fproduct_cat&post=8264"},{"taxonomy":"product_tag","embeddable":true,"href":"https:\/\/quintett.eu\/index.php?rest_route=%2Fwp%2Fv2%2Fproduct_tag&post=8264"}],"curies":[{"name":"wp","href":"https:\/\/api.w.org\/{rel}","templated":true}]}}