{"id":8303,"date":"2022-12-17T16:29:07","date_gmt":"2022-12-17T14:29:07","guid":{"rendered":"https:\/\/quintett.eu\/?post_type=product&#038;p=8303"},"modified":"2024-11-11T00:00:19","modified_gmt":"2024-11-10T22:00:19","slug":"boomtone-dj-cirrus-1000","status":"publish","type":"product","link":"https:\/\/quintett.eu\/?product=boomtone-dj-cirrus-1000","title":{"rendered":"BoomTone DJ &#8211; Cirrus 1000"},"content":{"rendered":"<p>Aparat de fum pe baz\u0103 de ap\u0103 BoomTone DJ Cirrus 1000 Ecran LCD<\/p>\n<p>Canale DMX: 2CH<\/p>\n<p>Moduri de operare: DMX512, control f\u0103r\u0103 fir (comand\u0103 de la distan\u021b\u0103 inclus\u0103)<\/p>\n<p>Timp de \u00eenc\u0103lzire: 3 minute<\/p>\n<p>Capacitate rezervor de lichid afumat: 1,2 L<\/p>\n<p>Utilizati lichid de fum greu tip BoomTone DJ HeavyFog Fluid sau Evolite HeavyFog Fluid Pro<\/p>\n<p>Capacitate rezervor de ap\u0103: 5L<\/p>\n<p>Ie\u0219ire de fum: 3200cuft\/min<\/p>\n<p>Suprafa\u021b\u0103 de acoperire: 40 p\u00e2n\u0103 la 70 de metri p\u0103tra\u021bi<\/p>\n<p>Ie\u0219ire continu\u0103 de fum<\/p>\n<p>Indicatoare de nivel de ap\u0103 \u0219i nivel de fum lichid<\/p>\n<p>Carcas\u0103: o\u021bel inoxidabil de culoare neagr\u0103, caset\u0103 de zbor op\u021bional\u0103<\/p>\n<p>Utiliza\u021bi numai ap\u0103 distilat\u0103 sau ap\u0103 pur\u0103 \u00een rezervorul de ap\u0103<\/p>\n<p>Utiliza\u021bi numai lichid afumat greu.<\/p>\n<p>Tensiune de intrare: AC240V, 50 \/ 60Hz<\/p>\n<p>Consum de energie: 1000W<\/p>\n<p>Dimensiuni: 530 x 330 x 420mm<\/p>\n<p>Greutate: 10kg<\/p>\n","protected":false},"excerpt":{"rendered":"<p>Ma\u0219in\u0103 de fum pe baz\u0103 de ap\u0103 BoomTone DJ Cirrus 1000, o performan\u021b\u0103 tehnic\u0103 la un pre\u021b imbatabil! Nu necesit\u0103 ghea\u021b\u0103!<\/p>\n<p>https:\/\/www.youtube.com\/watch?v=5rhEtyv0jeM<\/p>\n<p>&nbsp;<\/p>\n<p>&nbsp;<\/p>\n<p>&nbsp;<\/p>\n<p>&nbsp;<\/p>\n","protected":false},"featured_media":8304,"comment_status":"open","ping_status":"closed","template":"","meta":[],"product_brand":[],"product_cat":[768,517],"product_tag":[654,656,507,655],"class_list":{"0":"post-8303","1":"product","2":"type-product","3":"status-publish","4":"has-post-thumbnail","6":"product_cat-20-years","7":"product_cat-boomtone","8":"product_tag-cirrus-1000","9":"product_tag-fum-grev","10":"product_tag-masina-de-fum","11":"product_tag-masina-de-fum-greu","13":"first","14":"instock","15":"purchasable","16":"product-type-simple"},"jetpack_sharing_enabled":true,"_links":{"self":[{"href":"https:\/\/quintett.eu\/index.php?rest_route=\/wp\/v2\/product\/8303","targetHints":{"allow":["GET"]}}],"collection":[{"href":"https:\/\/quintett.eu\/index.php?rest_route=\/wp\/v2\/product"}],"about":[{"href":"https:\/\/quintett.eu\/index.php?rest_route=\/wp\/v2\/types\/product"}],"replies":[{"embeddable":true,"href":"https:\/\/quintett.eu\/index.php?rest_route=%2Fwp%2Fv2%2Fcomments&post=8303"}],"wp:featuredmedia":[{"embeddable":true,"href":"https:\/\/quintett.eu\/index.php?rest_route=\/wp\/v2\/media\/8304"}],"wp:attachment":[{"href":"https:\/\/quintett.eu\/index.php?rest_route=%2Fwp%2Fv2%2Fmedia&parent=8303"}],"wp:term":[{"taxonomy":"product_brand","embeddable":true,"href":"https:\/\/quintett.eu\/index.php?rest_route=%2Fwp%2Fv2%2Fproduct_brand&post=8303"},{"taxonomy":"product_cat","embeddable":true,"href":"https:\/\/quintett.eu\/index.php?rest_route=%2Fwp%2Fv2%2Fproduct_cat&post=8303"},{"taxonomy":"product_tag","embeddable":true,"href":"https:\/\/quintett.eu\/index.php?rest_route=%2Fwp%2Fv2%2Fproduct_tag&post=8303"}],"curies":[{"name":"wp","href":"https:\/\/api.w.org\/{rel}","templated":true}]}}