{"id":8326,"date":"2022-12-17T16:56:49","date_gmt":"2022-12-17T14:56:49","guid":{"rendered":"https:\/\/quintett.eu\/?post_type=product&#038;p=8326"},"modified":"2023-12-06T11:25:03","modified_gmt":"2023-12-06T09:25:03","slug":"mac-mah-silentpar-12x10w-6in1","status":"publish","type":"product","link":"https:\/\/quintett.eu\/?product=mac-mah-silentpar-12x10w-6in1","title":{"rendered":"Mac Mah &#8211; SilentPAR 12X10W 6IN1"},"content":{"rendered":"<p>Caracteristici:<\/p>\n<p>Carcas\u0103 din aluminiu<\/p>\n<p>PAR LED Controlat prin DMX, automat, muzic\u0103, telecomand\u0103 IR<\/p>\n<p>Surse de lumin\u0103: 12 x 10W RGBWA\/UV LED-uri 6-\u00een-1<\/p>\n<p>Unghiul fasciculului luminii: 45 grade<\/p>\n<p>Carcas\u0103 silen\u021bioas\u0103 din aluminiu NFC, f\u0103r\u0103 zgomot ventilator<\/p>\n<p>Amestecare perfect\u0103 a culorilor datorit\u0103 LED-urile sale 6-\u00een-1<\/p>\n<p>Func\u021bie stroboscopic\u0103 variabil\u0103 Dimmer 0 p\u00e2n\u0103 la 100%<\/p>\n<p>Canale DMX: 6 sau 10 canale<\/p>\n<p>Consum maxim: 120W<\/p>\n<p>Suport de fixare dublu pentru pozi\u021bionare pe sol \u0219i ag\u0103\u021bare u\u0219oar\u0103<\/p>\n<p>Alimentare prin conector PowerCON Link posibil\u0103 prin cablu de alimentare PowerCON<\/p>\n<p>Dimensiuni de cutie: L 270 \u00d7 L 252 \u00d7 H 90mm<\/p>\n<p>Greutate brut\u0103: 3,2 kg<\/p>\n<p>Alimentare: AC100 240V 50\/60Hz<\/p>\n<p>Siguran\u021b\u0103: F3A\/250V<\/p>\n<p>Acest proiector inteligent respect\u0103 standardele europene \u00een vigoare: EN 2014\/30\/EU, EN 2011\/65 \/EU, EN 2014\/35\/UE.<\/p>\n","protected":false},"excerpt":{"rendered":"<p>LED PAR 12x10W 6-\u00een-1 (RGBWA\/UV) Mac Mah SilentPAR 12X10W 6IN1, f\u0103r\u0103 zgomot de ventila\u021bie, ideal pentru performan\u021b\u0103 sau Teatre, amestecare perfect\u0103 a culorilor datorit\u0103 LED-urilor 6-\u00een-1.<\/p>\n","protected":false},"featured_media":8327,"comment_status":"open","ping_status":"closed","template":"","meta":[],"product_brand":[],"product_cat":[496],"product_tag":[657,530,513,659,658],"class_list":{"0":"post-8326","1":"product","2":"type-product","3":"status-publish","4":"has-post-thumbnail","6":"product_cat-msc-lumini-si-scene","7":"product_tag-12x10","8":"product_tag-led-par","9":"product_tag-mac-mah","10":"product_tag-rgbwuv","11":"product_tag-silent-par","13":"first","14":"instock","15":"purchasable","16":"product-type-simple"},"jetpack_sharing_enabled":true,"_links":{"self":[{"href":"https:\/\/quintett.eu\/index.php?rest_route=\/wp\/v2\/product\/8326","targetHints":{"allow":["GET"]}}],"collection":[{"href":"https:\/\/quintett.eu\/index.php?rest_route=\/wp\/v2\/product"}],"about":[{"href":"https:\/\/quintett.eu\/index.php?rest_route=\/wp\/v2\/types\/product"}],"replies":[{"embeddable":true,"href":"https:\/\/quintett.eu\/index.php?rest_route=%2Fwp%2Fv2%2Fcomments&post=8326"}],"wp:featuredmedia":[{"embeddable":true,"href":"https:\/\/quintett.eu\/index.php?rest_route=\/wp\/v2\/media\/8327"}],"wp:attachment":[{"href":"https:\/\/quintett.eu\/index.php?rest_route=%2Fwp%2Fv2%2Fmedia&parent=8326"}],"wp:term":[{"taxonomy":"product_brand","embeddable":true,"href":"https:\/\/quintett.eu\/index.php?rest_route=%2Fwp%2Fv2%2Fproduct_brand&post=8326"},{"taxonomy":"product_cat","embeddable":true,"href":"https:\/\/quintett.eu\/index.php?rest_route=%2Fwp%2Fv2%2Fproduct_cat&post=8326"},{"taxonomy":"product_tag","embeddable":true,"href":"https:\/\/quintett.eu\/index.php?rest_route=%2Fwp%2Fv2%2Fproduct_tag&post=8326"}],"curies":[{"name":"wp","href":"https:\/\/api.w.org\/{rel}","templated":true}]}}