{"id":8424,"date":"2023-01-11T15:48:54","date_gmt":"2023-01-11T13:48:54","guid":{"rendered":"https:\/\/quintett.eu\/?post_type=product&#038;p=8424"},"modified":"2025-03-17T17:42:02","modified_gmt":"2025-03-17T15:42:02","slug":"austrian-audio-od303","status":"publish","type":"product","link":"https:\/\/quintett.eu\/?product=austrian-audio-od303","title":{"rendered":"Austrian Audio OD303"},"content":{"rendered":"<div class=\"tech-specs-cell\">\n<div class=\"ts-inner-table\">\n<div class=\"ts-inner-cell\">\n<div class=\"tech-specs-cell\">\n<div class=\"ts-inner-table\">\n<div class=\"ts-inner-cell\">\n<div class=\"tech-specs-cell\">\n<div class=\"ts-inner-table\">\n<div class=\"ts-inner-cell\">\n<ul>\n<li>Tip microfon: Dinamic<\/li>\n<li>Convenabil pentru: c\u00e2ntat\/conferin\u021b\u0103<\/li>\n<li>Caracteristic\u0103 direc\u021bional\u0103: Supercardioid<\/li>\n<li>Gama de frecven\u021b\u0103: 35 Hz &#8211; 16 kHz<\/li>\n<li>Impedan\u021b\u0103: 1200 Ohm<\/li>\n<li>Comutator: Nu<\/li>\n<li>Greutate: 0,33 kg<\/li>\n<li>\u0162ara de fabrica\u0163ie: Austria<\/li>\n<li class=\"fx-list__item list-item fx-list__item--circle\"><span class=\"fx-text fx-text--plus list-item__text\">Incl. OCH1 Mic Clip si MZP3 bag<\/span><\/li>\n<li class=\"fx-list__item list-item fx-list__item--circle\"><span class=\"fx-text fx-text--plus list-item__text\">Dimensiuni: 194 x 53 x 53 mm<\/span><\/li>\n<\/ul>\n<\/div>\n<\/div>\n<\/div>\n<\/div>\n<\/div>\n<\/div>\n<\/div>\n<\/div>\n<\/div>\n<div><\/div>\n","protected":false},"excerpt":{"rendered":"<p>Microfonul vocal activ dinamic OD303 este conceput \u00een special pentru scen\u0103, de\u0219i este \u0219i un microfon foarte capabil pentru aplicatiile din studio. Robust f\u0103r\u0103 compromisuri, combin\u0103 toate avantajele unui microfon dinamic cu fine\u021bea tonal\u0103 a unui microfon cu condensator.<\/p>\n<p>OD303 este alegerea perfect\u0103 pentru solisti, podcast \u0219i broadcast. Sunetul s\u0103u uimitor de natural \u00eel face foarte u\u0219or de modelat \u0219i de eviden\u021biaza punctele forte ale unui vocalist.<\/p>\n<p>Dispun\u00e2nd de tehnologia Open Acoustics a propriet\u0103\u021bii Austrian Audio, OD303 ofer\u0103 un sunet curat, natural \u0219i f\u0103r\u0103 rezonan\u021b\u0103.<\/p>\n<p>&nbsp;<\/p>\n<p>&nbsp;<\/p>\n<p>&nbsp;<\/p>\n","protected":false},"featured_media":8425,"comment_status":"open","ping_status":"closed","template":"","meta":[],"product_brand":[],"product_cat":[768,306],"product_tag":[307,115,836,352,660,1271,661],"class_list":{"0":"post-8424","1":"product","2":"type-product","3":"status-publish","4":"has-post-thumbnail","6":"product_cat-20-years","7":"product_cat-austrian-audio","8":"product_tag-austrian-audio","9":"product_tag-microfon","10":"product_tag-microfon-voce","11":"product_tag-microfone-dinamic","12":"product_tag-od303","13":"product_tag-shure-sm58","14":"product_tag-supercardioid","16":"first","17":"instock","18":"sale","19":"purchasable","20":"product-type-simple"},"jetpack_sharing_enabled":true,"_links":{"self":[{"href":"https:\/\/quintett.eu\/index.php?rest_route=\/wp\/v2\/product\/8424","targetHints":{"allow":["GET"]}}],"collection":[{"href":"https:\/\/quintett.eu\/index.php?rest_route=\/wp\/v2\/product"}],"about":[{"href":"https:\/\/quintett.eu\/index.php?rest_route=\/wp\/v2\/types\/product"}],"replies":[{"embeddable":true,"href":"https:\/\/quintett.eu\/index.php?rest_route=%2Fwp%2Fv2%2Fcomments&post=8424"}],"wp:featuredmedia":[{"embeddable":true,"href":"https:\/\/quintett.eu\/index.php?rest_route=\/wp\/v2\/media\/8425"}],"wp:attachment":[{"href":"https:\/\/quintett.eu\/index.php?rest_route=%2Fwp%2Fv2%2Fmedia&parent=8424"}],"wp:term":[{"taxonomy":"product_brand","embeddable":true,"href":"https:\/\/quintett.eu\/index.php?rest_route=%2Fwp%2Fv2%2Fproduct_brand&post=8424"},{"taxonomy":"product_cat","embeddable":true,"href":"https:\/\/quintett.eu\/index.php?rest_route=%2Fwp%2Fv2%2Fproduct_cat&post=8424"},{"taxonomy":"product_tag","embeddable":true,"href":"https:\/\/quintett.eu\/index.php?rest_route=%2Fwp%2Fv2%2Fproduct_tag&post=8424"}],"curies":[{"name":"wp","href":"https:\/\/api.w.org\/{rel}","templated":true}]}}