{"id":8444,"date":"2023-01-18T15:39:37","date_gmt":"2023-01-18T13:39:37","guid":{"rendered":"https:\/\/quintett.eu\/?post_type=product&#038;p=8444"},"modified":"2025-06-27T09:54:23","modified_gmt":"2025-06-27T07:54:23","slug":"evolite-hazebox-1500","status":"publish","type":"product","link":"https:\/\/quintett.eu\/?product=evolite-hazebox-1500","title":{"rendered":"Evolite &#8211; HazeBox 15002490"},"content":{"rendered":"<p>Caracteristici :<\/p>\n<p>Ma\u0219in\u0103 profesional\u0103 de cea\u021b\u0103 \u00een flightcase<\/p>\n<p>Utilizare numai cu lichid de cea\u021b\u0103 de tip HAZER pe baz\u0103 de ap\u0103 de exemplu: BoomtoneDJ Fluid Hazer 5L<\/p>\n<p>2 canale DMX<\/p>\n<p>Ecran LCD pentru set\u0103ri<\/p>\n<p>Sistem de capac anti-scurgere<\/p>\n<p>Timp de \u00eenc\u0103lzire: 3 minute<\/p>\n<p>Corp de \u00eenc\u0103lzire: 1500W<\/p>\n<p>Produc\u021bie de cea\u021b\u0103 \u00een debit: 150 cubi metri\/min<\/p>\n<p>Capacitate rezervor: 2,5 L<\/p>\n<p>Consum de lichid: 0,1 L\/h<\/p>\n<p>Control DMX al debitului \u0219i al vitezei ventilatorului<\/p>\n<p>Siguran\u021b\u0103: 5A\/250V<\/p>\n<p>Tensiune: AC230V, 50Hz<\/p>\n<p>Adresare DMX \u0219i navigare simplificat\u0103 \u00een meniuri datorit\u0103 roti\u021bei de navigare \u0219i ecranului LCD iluminat din spate<\/p>\n<p>Dimensiune ambalaj: 550x190x460mm<\/p>\n<p>Greutate brut\u0103: 16 kg<\/p>\n<p>Certificari CE \/ RoHs \/ EN 2014\/30\/EU, EN 2011\/65\/EU, EN 2014\/35\/EU<\/p>\n","protected":false},"excerpt":{"rendered":"<p>Aparat profesional de ceata de 1500W in Flightcase, HazeBox 1500 Evolite, ideal pentru servicii de calitate. Acest aparat produce o cea\u021b\u0103 foarte fin\u0103 care v\u0103 va sublima iluminarea. Debit constant \u0219i intensitate reglabil\u0103.<\/p>\n","protected":false},"featured_media":8457,"comment_status":"open","ping_status":"closed","template":"","meta":[],"product_brand":[],"product_cat":[493],"product_tag":[498,663,664,666,665],"class_list":{"0":"post-8444","1":"product","2":"type-product","3":"status-publish","4":"has-post-thumbnail","6":"product_cat-msc","7":"product_tag-evolite","8":"product_tag-hazer","9":"product_tag-hazer-1500","10":"product_tag-hazer-profesional","11":"product_tag-masina-fum","13":"first","14":"instock","15":"sale","16":"purchasable","17":"product-type-simple"},"jetpack_sharing_enabled":true,"_links":{"self":[{"href":"https:\/\/quintett.eu\/index.php?rest_route=\/wp\/v2\/product\/8444","targetHints":{"allow":["GET"]}}],"collection":[{"href":"https:\/\/quintett.eu\/index.php?rest_route=\/wp\/v2\/product"}],"about":[{"href":"https:\/\/quintett.eu\/index.php?rest_route=\/wp\/v2\/types\/product"}],"replies":[{"embeddable":true,"href":"https:\/\/quintett.eu\/index.php?rest_route=%2Fwp%2Fv2%2Fcomments&post=8444"}],"wp:featuredmedia":[{"embeddable":true,"href":"https:\/\/quintett.eu\/index.php?rest_route=\/wp\/v2\/media\/8457"}],"wp:attachment":[{"href":"https:\/\/quintett.eu\/index.php?rest_route=%2Fwp%2Fv2%2Fmedia&parent=8444"}],"wp:term":[{"taxonomy":"product_brand","embeddable":true,"href":"https:\/\/quintett.eu\/index.php?rest_route=%2Fwp%2Fv2%2Fproduct_brand&post=8444"},{"taxonomy":"product_cat","embeddable":true,"href":"https:\/\/quintett.eu\/index.php?rest_route=%2Fwp%2Fv2%2Fproduct_cat&post=8444"},{"taxonomy":"product_tag","embeddable":true,"href":"https:\/\/quintett.eu\/index.php?rest_route=%2Fwp%2Fv2%2Fproduct_tag&post=8444"}],"curies":[{"name":"wp","href":"https:\/\/api.w.org\/{rel}","templated":true}]}}