{"id":8460,"date":"2023-01-20T21:33:35","date_gmt":"2023-01-20T19:33:35","guid":{"rendered":"https:\/\/quintett.eu\/?post_type=product&#038;p=8460"},"modified":"2025-07-04T11:25:42","modified_gmt":"2025-07-04T09:25:42","slug":"rgblink-camera-bundle-2xptz-camera-abs-case-gratis","status":"publish","type":"product","link":"https:\/\/quintett.eu\/?product=rgblink-camera-bundle-2xptz-camera-abs-case-gratis","title":{"rendered":"RGBLink Camera Bundle (2xPTZ camera + ABS case gratis)"},"content":{"rendered":"<p>Set compus din :<\/p>\n<p>2 x\u00a0PTZ camera &#8211; 20xZoom POE &#8211; HDMI\/SDI\/IP<\/p>\n<p>1 x\u00a0RGBlink Mini PRO Streaming Switcher<\/p>\n<p>1 x ABS case &#8211; Gratis<\/p>\n<p>Mixer video HDMI multi-formatcu transmisie \u00een direct<\/p>\n<p>Controlul camerei PTZ \u00een 8 direc\u021bii cu joystick \u0219i comutator de zoom<br \/>\n4 intr\u0103ri HDMI 4K cu scaler integrat<br \/>\nEcran tactil LCD de 2&#8243; pentru control \u0219i previzualizare video<br \/>\nIe\u0219ire de streaming USB pentru PC sau Mac<br \/>\nIe\u0219ire de \u00eenregistrare USB pentru stick-uri SSD\/USB de p\u00e2n\u0103 la 2 TB<br \/>\nMixer audio cu \u00eent\u00e2rziere de p\u00e2n\u0103 la 160 ms<br \/>\nChroma Key<br \/>\nSuprapunere video PIP configurabil\u0103<br \/>\nT-bar \u00een stil de difuzare<br \/>\nButon de comand\u0103 rapid\u0103 pentru salvarea \u0219i rechemarea unghiurilor de vizualizare prestabilite ale camerelor PTZ<br \/>\nSpecificatii tehnice:<\/p>\n<p>Intrare: 4 x HDMI2.0 (HDMI-A)<br \/>\nIe\u0219ire: 1 x HDMI 1.3 (HDMI-A)<br \/>\n1 x USB 3.0<br \/>\n1 x USB 2.0 (tip A)<br \/>\nAudio: 1 x intrare\/ie\u0219ire jack stereo de 3,5 mm fiecare<br \/>\nRe\u021bea: 1x LAN RJ45<br \/>\nRezolu\u021bie de intrare: SMPTE: 720p50 la 60, 1080i50, 2160p23\/24\/30\/50\/60, 2160p la 60, Vesa: 1024 x 768 la 60, 1280 x 720 la 60, x 80 8 12 la 60, x 80, 6 8 , 1280 x 1024 la 60, 1360 x 768 la 60, 1366\u00d7768 la 60, 1440 x 900 la 60, 1600 x 1200 la 60, 1680 x 1050 la 60, 60 x 10, 8 10, 60 x 10, 8 1 x 2160 la 60, 4096 x 2160 la 60<br \/>\nRezolu\u021bie de ie\u0219ire: SMPTE: 720p60, 1080p60, Vesa: 1024 x 768 la 60, 1280 x 720 la 60, 1280 x 768 la 60, 1280 x 1024 la 60, 1360 x 1024 la 60, 1360 x 760 la 60, 1360 x 768 la 60, 1360 x 768 la 60, 1360 x 768 la 60 \/50\/60<br \/>\nStandarde acceptate: HDMI 2.0, USB 3.0, ITU-T H.265 \/ ISO \/ IEC 23008-2<br \/>\nProtocoale suportate: PTZ: VISCA<br \/>\nSpa\u021biu de culoare \u0219i e\u0219antionare: RGB 4:4:4 YUV<br \/>\nAlimentare: 12 V \/ 1,5 A, max. 18 W<br \/>\nDimensiuni: 180 x 118,3 x 58,4 mm<br \/>\nGreutate: 500 g<\/p>\n<p>&nbsp;<\/p>\n<p>Camera :<\/p>\n<p>Camer\u0103 PTZ RGBlink Zoom optic 20x; Camer\u0103 PTZ cu zoom optic de 20x; calitate superioara 1\/2. Senzor CMOS de 8&#8220;; rota\u021bie \u0219i panoram\u0103 rapid\u0103 \u0219i silentioas\u0103; ie\u0219ire video prin HDMI, 3G-SDI sau streaming IP prin LAN cu p\u00e2n\u0103 la 1080p60; calitate a imaginii de prim\u0103 clas\u0103 cu culori bogate chiar \u0219i \u00een condi\u021bii de lumin\u0103 sc\u0103zut\u0103; focalizare automat\u0103 rapid\u0103; poate fi pus \u00een func\u021biune imediat cu set\u0103rile standard; Camera este u\u0219or de configurat prin acces la browser web protejat prin parol\u0103; Navigarea bine structurat\u0103 \u00een meniuri permite ajustarea parametrilor audio, video \u0219i de re\u021bea \u0219i efectuarea actualiz\u0103rilor de firmware; Numeroase set\u0103ri de imagine, cum ar fi focalizarea, expunerea, spa\u021biul de culoare, gama etc. pot fi schimbate din modul automat la preferin\u021bele personale \u0219i salvate; ie\u0219ire semnal video cu 720p, 1080i sau 1080p; op\u021bional, data, ora \u0219i numele camerei individuale pot fi suprapuse imaginii; o surs\u0103 audio extern\u0103 sau un microfon poate fi conectat prin intrarea stereo de 3,5 mm, semnalul audio este \u00eencorporat automat; telecomanda furnizat\u0103 poate controla p\u00e2n\u0103 la patru camere PTZ RGBlink \u0219i, de asemenea, poate regla cei mai importan\u021bi parametri; integrat intr-o retea, controlul se face prin instrumentul browser web, in acelasi timp fluxul video este afisat pe monitorul PC-ului, permitand un control usor al imaginii; compatibil cu dispozitive de control externe care accept\u0103 protocolul VISCA sau RS232; poate fi controlat direct prin intermediul unui RGBlink Mini+ #506518 (nu este inclus), sau prin intermediul software-ului Xpose pe PC, Mac sau smartphone; poate scoate simultan dou\u0103 fluxuri cu protocoale de re\u021bea diferite, codecuri, rezolu\u021bii \u0219i cadre; creeaz\u0103 fluxuri folosind protocolul RTMP, RTSP, SRT sau RTP; videoclipurile pot fi, de asemenea, transmise direct pe internet \u0219i redate prin hardware sau software adecvat, de ex. prin OBS-Studio; Date tehnice:; Zoom optic: 20x f = 3,3 ~ 110 mm; Unghi de vedere: 3,3\u00b0 tele \/ 54,7\u00b0 unghi larg; Diafragma: F1.6 &#8211; F3.5; Conexiuni:; Ie\u0219ire 3G-SDI \u0219i HDMI \/ Re\u021bea 100 MBit \/ Intrare \u0219i ie\u0219ire RS232 \/ Intrare RS485 \/ Audio stereo \u00een 3,5 mm; Semnale de ie\u0219ire: HDMI\/SDI SMPTE &#8211; 720p@25\/29.97\/30\/50\/60 | 1080i@50\/59.94\/60 | 1080p@25\/30\/50\/59.94\/60 (Accept\u0103 inversarea vertical\u0103 \u0219i orizontal\u0103 a imaginii); Interval de pan: +\/- 170\u00b0 Pan \/ -30\u00b0 p\u00e2n\u0103 la +90\u00b0 Tilt; Vitez\u0103 variabil\u0103 de la 0,1\u00b0 p\u00e2n\u0103 la 80\u00b0 pe secund\u0103; P\u00e2n\u0103 la 254 de loca\u021bii de memorie pentru diferite unghiuri de vizualizare; Codecuri video: H.264, H.265 (ie\u0219ire flux dual); Compresie audio: AAC, MP3, PMC p\u00e2n\u0103 la 128 Kbps; Protocol de control: VISCA\/Pelco-D\/Pelco-P; Baud Rate: 115200 \/ 9600 \/ 4800 \/ 2400 bps; Protocol de re\u021bea: RTSP, RTMP, ONVIF, GB\/T28181; Formate acceptate: HDMI 1.3 \/ SDI SMPTE 425M (Nivel A &amp; B) \/ SMPTE 424M \/ SMPTE 292M \/ SMPTE 259M-C \/ DVB-ASI; Tensiune de intrare: DC 12 V \/ 1,5 A; Max. putere consumata: 12 W; Dimensiuni: 150 x 150 x 168 mm; Greutate: 1,4 kg; Inclus \u00een livrare: 1 x camer\u0103 RGBlink PTZ 20x Zoom optic \/ 1x telecomand\u0103 IR \/ 1x surs\u0103 de alimentare 230V,<\/p>\n<p>&nbsp;<\/p>\n","protected":false},"excerpt":{"rendered":"<p>RGBLink Camera Bundle (2xPTZ camera + ABS case gratis)<\/p>\n","protected":false},"featured_media":8475,"comment_status":"open","ping_status":"closed","template":"","meta":[],"product_brand":[],"product_cat":[42,391],"product_tag":[669,668,667,670,671],"class_list":{"0":"post-8460","1":"product","2":"type-product","3":"status-publish","4":"has-post-thumbnail","6":"product_cat-promotii","7":"product_cat-thomann","8":"product_tag-camera-ptz","9":"product_tag-ptz","10":"product_tag-rgblink","11":"product_tag-rgblink-mini-pro","12":"product_tag-set-streaming","14":"first","15":"instock","16":"purchasable","17":"product-type-simple"},"jetpack_sharing_enabled":true,"_links":{"self":[{"href":"https:\/\/quintett.eu\/index.php?rest_route=\/wp\/v2\/product\/8460","targetHints":{"allow":["GET"]}}],"collection":[{"href":"https:\/\/quintett.eu\/index.php?rest_route=\/wp\/v2\/product"}],"about":[{"href":"https:\/\/quintett.eu\/index.php?rest_route=\/wp\/v2\/types\/product"}],"replies":[{"embeddable":true,"href":"https:\/\/quintett.eu\/index.php?rest_route=%2Fwp%2Fv2%2Fcomments&post=8460"}],"wp:featuredmedia":[{"embeddable":true,"href":"https:\/\/quintett.eu\/index.php?rest_route=\/wp\/v2\/media\/8475"}],"wp:attachment":[{"href":"https:\/\/quintett.eu\/index.php?rest_route=%2Fwp%2Fv2%2Fmedia&parent=8460"}],"wp:term":[{"taxonomy":"product_brand","embeddable":true,"href":"https:\/\/quintett.eu\/index.php?rest_route=%2Fwp%2Fv2%2Fproduct_brand&post=8460"},{"taxonomy":"product_cat","embeddable":true,"href":"https:\/\/quintett.eu\/index.php?rest_route=%2Fwp%2Fv2%2Fproduct_cat&post=8460"},{"taxonomy":"product_tag","embeddable":true,"href":"https:\/\/quintett.eu\/index.php?rest_route=%2Fwp%2Fv2%2Fproduct_tag&post=8460"}],"curies":[{"name":"wp","href":"https:\/\/api.w.org\/{rel}","templated":true}]}}