{"id":8485,"date":"2023-01-25T15:42:00","date_gmt":"2023-01-25T13:42:00","guid":{"rendered":"https:\/\/quintett.eu\/?post_type=product&#038;p=8485"},"modified":"2024-03-26T16:20:22","modified_gmt":"2024-03-26T14:20:22","slug":"vmb-te-071b-towerlift-220kg-bk-2","status":"publish","type":"product","link":"https:\/\/quintett.eu\/?product=vmb-te-071b-towerlift-220kg-bk-2","title":{"rendered":"VMB TE-076B Towerlift 220kg Bk"},"content":{"rendered":"<p>VMB TE-076B Towerlift 220kg Bk<\/p>\n<ul class=\"prod-features\">\n<li>stativ profesional cu scripete<\/li>\n<li>testare BGV C1 (VBG 70)<\/li>\n<li>sistem de auto-blocare<\/li>\n<li>inaltime maxima: 6.5 m<\/li>\n<li>inaltime minima: 1.83 m<\/li>\n<li>capacitate de incarcare: 220 kg<\/li>\n<li>suprafata baza: 1.85 x 1.85 m<\/li>\n<li>rezistenta sufa: 600 kg<\/li>\n<li>greutate transport: 95 kg<\/li>\n<li>culoare: negru<\/li>\n<li>adaptor 35 mm (PSU-06 \/ PSA-01)<\/li>\n<\/ul>\n<p>&nbsp;<\/p>\n<p>&nbsp;<\/p>\n","protected":false},"excerpt":{"rendered":"<p>Stativ cu scripete VMB TE-076B Towerlift 220kg Bk, greutate maxima ridicata 220Kg si inaltime maxima de 6,5m<\/p>\n<p>Stativul de ridicare TE-076 este format din cinci profile de o\u021bel cu protec\u021bie antirugin\u0103, vopsite cu capac de praf din poliester \u00eent\u0103rit \u0219i este capabil s\u0103 ridice 220 kg p\u00e2n\u0103 la 6,5 m. Are patru picioare cu stabilizatoare, pentru a nivela ridic\u0103torul \u0219i pentru a putea regla \u00een\u0103l\u021bimea \u00een caz de denivel\u0103ri ale podelei. \u00cen cazul \u00een care trebuie s\u0103 transporta\u021bi ridic\u0103torul pe orizontal\u0103, se poate asambla un accesoriu de transport RH-1. Siguran\u021ba este cel mai important element pentru VMB, astfel \u00eenc\u00e2t turnul de ridicare \u00eencorporeaz\u0103 sistemul nostru automat de blocare brevetat ALS (Auto-Lock System), care blocheaz\u0103 automat turnul \u00een timp ce se ridic\u0103, sarcina nu va c\u0103dea niciodat\u0103 \u00een cazul improbabil al ruperii cablului. Sunt disponibile o gam\u0103 larg\u0103 de accesorii<\/p>\n","protected":false},"featured_media":7985,"comment_status":"open","ping_status":"closed","template":"","meta":[],"product_brand":[],"product_cat":[180],"product_tag":[566,966,564,563,567,673],"class_list":{"0":"post-8485","1":"product","2":"type-product","3":"status-publish","4":"has-post-thumbnail","6":"product_cat-scripeti-schele-tower","7":"product_tag-macara","8":"product_tag-prolifts","9":"product_tag-stativ-cu-scripete","10":"product_tag-vmb","11":"product_tag-vmb-te-071b","12":"product_tag-vmb-te-074b","14":"first","15":"onbackorder","16":"sale","17":"purchasable","18":"product-type-simple"},"jetpack_sharing_enabled":true,"_links":{"self":[{"href":"https:\/\/quintett.eu\/index.php?rest_route=\/wp\/v2\/product\/8485","targetHints":{"allow":["GET"]}}],"collection":[{"href":"https:\/\/quintett.eu\/index.php?rest_route=\/wp\/v2\/product"}],"about":[{"href":"https:\/\/quintett.eu\/index.php?rest_route=\/wp\/v2\/types\/product"}],"replies":[{"embeddable":true,"href":"https:\/\/quintett.eu\/index.php?rest_route=%2Fwp%2Fv2%2Fcomments&post=8485"}],"wp:featuredmedia":[{"embeddable":true,"href":"https:\/\/quintett.eu\/index.php?rest_route=\/wp\/v2\/media\/7985"}],"wp:attachment":[{"href":"https:\/\/quintett.eu\/index.php?rest_route=%2Fwp%2Fv2%2Fmedia&parent=8485"}],"wp:term":[{"taxonomy":"product_brand","embeddable":true,"href":"https:\/\/quintett.eu\/index.php?rest_route=%2Fwp%2Fv2%2Fproduct_brand&post=8485"},{"taxonomy":"product_cat","embeddable":true,"href":"https:\/\/quintett.eu\/index.php?rest_route=%2Fwp%2Fv2%2Fproduct_cat&post=8485"},{"taxonomy":"product_tag","embeddable":true,"href":"https:\/\/quintett.eu\/index.php?rest_route=%2Fwp%2Fv2%2Fproduct_tag&post=8485"}],"curies":[{"name":"wp","href":"https:\/\/api.w.org\/{rel}","templated":true}]}}