{"id":8629,"date":"2023-02-27T12:13:46","date_gmt":"2023-02-27T10:13:46","guid":{"rendered":"https:\/\/quintett.eu\/?post_type=product&#038;p=8629"},"modified":"2023-02-28T14:36:48","modified_gmt":"2023-02-28T12:36:48","slug":"the-box-pro-mon-a12","status":"publish","type":"product","link":"https:\/\/quintett.eu\/?product=the-box-pro-mon-a12","title":{"rendered":"the box pro Mon A12"},"content":{"rendered":"<p>Monitor de scen\u0103 activ the box pro Mon A12<\/p>\n<p>Componente: coaxial de 12&#8243; \u0219i 1,35&#8243;.<br \/>\nPutere: 350 W RMS, 700 W Peak<br \/>\nTweeter: 50W clasa AB<br \/>\nWoofer: 300W clasa D<br \/>\nUnghi de acoperire: 80\u00b0x80\u00b0<br \/>\nlimitatoare duble<br \/>\nNivel maxim de presiune sonor\u0103: 124 dB<br \/>\nRaspuns in frecventa: 50 &#8211; 20000 Hz<br \/>\nIntrare combinat\u0103 XLR \u0219i ie\u0219ire XLR<br \/>\nFlan\u0219\u0103 suport \u00eencorporat\u0103<br \/>\nDimensiuni: 510x340x500mm<br \/>\nGreutate: 15 kg<br \/>\nHusa asortata: Art. 322028 (nu este inclusa)<\/p>\n","protected":false},"excerpt":{"rendered":"<p>Monitor de scen\u0103 activ the box pro Mon A12<\/p>\n","protected":false},"featured_media":8630,"comment_status":"open","ping_status":"closed","template":"","meta":[],"product_brand":[],"product_cat":[391],"product_tag":[152,685,686,687,395],"class_list":{"0":"post-8629","1":"product","2":"type-product","3":"status-publish","4":"has-post-thumbnail","6":"product_cat-thomann","7":"product_tag-monitor-activ","8":"product_tag-monitor-de-scena","9":"product_tag-monitor-the-box-pro-mon-a12","10":"product_tag-the-box-pro-mon-a12","11":"product_tag-thomann","13":"first","14":"outofstock","15":"purchasable","16":"product-type-simple"},"jetpack_sharing_enabled":true,"_links":{"self":[{"href":"https:\/\/quintett.eu\/index.php?rest_route=\/wp\/v2\/product\/8629","targetHints":{"allow":["GET"]}}],"collection":[{"href":"https:\/\/quintett.eu\/index.php?rest_route=\/wp\/v2\/product"}],"about":[{"href":"https:\/\/quintett.eu\/index.php?rest_route=\/wp\/v2\/types\/product"}],"replies":[{"embeddable":true,"href":"https:\/\/quintett.eu\/index.php?rest_route=%2Fwp%2Fv2%2Fcomments&post=8629"}],"wp:featuredmedia":[{"embeddable":true,"href":"https:\/\/quintett.eu\/index.php?rest_route=\/wp\/v2\/media\/8630"}],"wp:attachment":[{"href":"https:\/\/quintett.eu\/index.php?rest_route=%2Fwp%2Fv2%2Fmedia&parent=8629"}],"wp:term":[{"taxonomy":"product_brand","embeddable":true,"href":"https:\/\/quintett.eu\/index.php?rest_route=%2Fwp%2Fv2%2Fproduct_brand&post=8629"},{"taxonomy":"product_cat","embeddable":true,"href":"https:\/\/quintett.eu\/index.php?rest_route=%2Fwp%2Fv2%2Fproduct_cat&post=8629"},{"taxonomy":"product_tag","embeddable":true,"href":"https:\/\/quintett.eu\/index.php?rest_route=%2Fwp%2Fv2%2Fproduct_tag&post=8629"}],"curies":[{"name":"wp","href":"https:\/\/api.w.org\/{rel}","templated":true}]}}