{"id":8638,"date":"2023-02-27T12:14:18","date_gmt":"2023-02-27T10:14:18","guid":{"rendered":"https:\/\/quintett.eu\/?post_type=product&#038;p=8638"},"modified":"2023-02-28T14:36:19","modified_gmt":"2023-02-28T12:36:19","slug":"the-box-pro-mon-a10","status":"publish","type":"product","link":"https:\/\/quintett.eu\/?product=the-box-pro-mon-a10","title":{"rendered":"the box pro Mon A10"},"content":{"rendered":"<p>Monitor de scen\u0103 activ the box pro Mon A10<\/p>\n<p>Componente: difuzor coaxial de 10&#8243; \u0219i 1&#8243;.<br \/>\nPutere: 250 W RMS, 500 W Peak<br \/>\nTweeter: 50W clasa AB<br \/>\nWoofer: 200W clasa D<br \/>\nUnghi de acoperire: 80\u00b0 x 80\u00b0<br \/>\nlimitatoare duble<br \/>\nNivel maxim de presiune sonor\u0103: 123 dB<br \/>\nRaspuns in frecventa: 60 &#8211; 20000 Hz<br \/>\nIntrare combinat\u0103 XLR \u0219i ie\u0219ire XLR<br \/>\nFlan\u0219\u0103 suport \u00eencorporat\u0103<br \/>\nDimensiuni: 300x480x420mm<br \/>\nGreutate: 11 kg<br \/>\nHusa : Art. 322027 (nu este inclusa)<\/p>\n","protected":false},"excerpt":{"rendered":"<p>Monitor de scen\u0103 activ the box pro Mon A10<\/p>\n","protected":false},"featured_media":8639,"comment_status":"open","ping_status":"closed","template":"","meta":[],"product_brand":[],"product_cat":[391],"product_tag":[152,685,689,688,395],"class_list":{"0":"post-8638","1":"product","2":"type-product","3":"status-publish","4":"has-post-thumbnail","6":"product_cat-thomann","7":"product_tag-monitor-activ","8":"product_tag-monitor-de-scena","9":"product_tag-monitor-the-box-pro-mon-a10","10":"product_tag-the-box-pro-mon-a10","11":"product_tag-thomann","13":"first","14":"outofstock","15":"purchasable","16":"product-type-simple"},"jetpack_sharing_enabled":true,"_links":{"self":[{"href":"https:\/\/quintett.eu\/index.php?rest_route=\/wp\/v2\/product\/8638","targetHints":{"allow":["GET"]}}],"collection":[{"href":"https:\/\/quintett.eu\/index.php?rest_route=\/wp\/v2\/product"}],"about":[{"href":"https:\/\/quintett.eu\/index.php?rest_route=\/wp\/v2\/types\/product"}],"replies":[{"embeddable":true,"href":"https:\/\/quintett.eu\/index.php?rest_route=%2Fwp%2Fv2%2Fcomments&post=8638"}],"wp:featuredmedia":[{"embeddable":true,"href":"https:\/\/quintett.eu\/index.php?rest_route=\/wp\/v2\/media\/8639"}],"wp:attachment":[{"href":"https:\/\/quintett.eu\/index.php?rest_route=%2Fwp%2Fv2%2Fmedia&parent=8638"}],"wp:term":[{"taxonomy":"product_brand","embeddable":true,"href":"https:\/\/quintett.eu\/index.php?rest_route=%2Fwp%2Fv2%2Fproduct_brand&post=8638"},{"taxonomy":"product_cat","embeddable":true,"href":"https:\/\/quintett.eu\/index.php?rest_route=%2Fwp%2Fv2%2Fproduct_cat&post=8638"},{"taxonomy":"product_tag","embeddable":true,"href":"https:\/\/quintett.eu\/index.php?rest_route=%2Fwp%2Fv2%2Fproduct_tag&post=8638"}],"curies":[{"name":"wp","href":"https:\/\/api.w.org\/{rel}","templated":true}]}}