{"id":8687,"date":"2023-03-07T12:30:50","date_gmt":"2023-03-07T10:30:50","guid":{"rendered":"https:\/\/quintett.eu\/?post_type=product&#038;p=8687"},"modified":"2023-03-07T12:37:37","modified_gmt":"2023-03-07T10:37:37","slug":"divarte-pn150-bk-pian-digital","status":"publish","type":"product","link":"https:\/\/quintett.eu\/?product=divarte-pn150-bk-pian-digital","title":{"rendered":"Divarte &#8211; PN150 BK Pian Digital"},"content":{"rendered":"<p>88 de taste de dimensiune standard (A 1 ~ C7) cu ac\u021biune de ciocan (atingere puternic\u0103) cu r\u0103spuns la vitez\u0103 \u00a0,Afi\u0219aj LED Polifonie: 32 note max 459 voci Efect: tip reverb (8), tip chorus (13) 187 stiluri Difuzoare \u00eencorporate Ie\u0219ire c\u0103\u0219ti Stil caracteristici: Sincronizare, Start\/Stop, Intro\/Ending, Fill in, Tempo\/Tap, Acc Volume, Metronom Control tastatur\u0103: Split, tastatur\u0103 complet\u0103, dublu, armonie 10 melodii + 106 melodii de \u00eenv\u0103\u021bare \u00cenregistrare melodii: \u00eenregistrare \u0219i redare \u00een timp real Conexiuni : \u00eentre pedal\u0103, intrare\/ie\u0219ire linie, priz\u0103 USB, priz\u0103 DC12V Finisaj negru satinat foarte \u00eengrijit, cu un design modern \u0219i sobru Structur\u0103 din lemn Dimensiuni: 1375 x 855 x 440 mm<\/p>\n<p>&nbsp;<\/p>\n<p>&nbsp;<\/p>\n<p>&nbsp;<\/p>\n","protected":false},"excerpt":{"rendered":"<p>Pian digital Divarte PN150 BK, 88 de taste cu ac\u021biune de ciocan (atingere grea) de dimensiune standard (A-1~C7) cu r\u0103spuns la atingere, noi sunete naturale de pian acustic, USB \u0219i Bluetooth.<\/p>\n","protected":false},"featured_media":8688,"comment_status":"open","ping_status":"closed","template":"","meta":[],"product_brand":[],"product_cat":[697],"product_tag":[702,701,699,65],"class_list":{"0":"post-8687","1":"product","2":"type-product","3":"status-publish","4":"has-post-thumbnail","6":"product_cat-divarte","7":"product_tag-divarte","8":"product_tag-divarte-pn150-bk","9":"product_tag-pian-88-clape","10":"product_tag-pian-digital","12":"first","13":"instock","14":"purchasable","15":"product-type-simple"},"jetpack_sharing_enabled":true,"_links":{"self":[{"href":"https:\/\/quintett.eu\/index.php?rest_route=\/wp\/v2\/product\/8687","targetHints":{"allow":["GET"]}}],"collection":[{"href":"https:\/\/quintett.eu\/index.php?rest_route=\/wp\/v2\/product"}],"about":[{"href":"https:\/\/quintett.eu\/index.php?rest_route=\/wp\/v2\/types\/product"}],"replies":[{"embeddable":true,"href":"https:\/\/quintett.eu\/index.php?rest_route=%2Fwp%2Fv2%2Fcomments&post=8687"}],"wp:featuredmedia":[{"embeddable":true,"href":"https:\/\/quintett.eu\/index.php?rest_route=\/wp\/v2\/media\/8688"}],"wp:attachment":[{"href":"https:\/\/quintett.eu\/index.php?rest_route=%2Fwp%2Fv2%2Fmedia&parent=8687"}],"wp:term":[{"taxonomy":"product_brand","embeddable":true,"href":"https:\/\/quintett.eu\/index.php?rest_route=%2Fwp%2Fv2%2Fproduct_brand&post=8687"},{"taxonomy":"product_cat","embeddable":true,"href":"https:\/\/quintett.eu\/index.php?rest_route=%2Fwp%2Fv2%2Fproduct_cat&post=8687"},{"taxonomy":"product_tag","embeddable":true,"href":"https:\/\/quintett.eu\/index.php?rest_route=%2Fwp%2Fv2%2Fproduct_tag&post=8687"}],"curies":[{"name":"wp","href":"https:\/\/api.w.org\/{rel}","templated":true}]}}