{"id":8787,"date":"2023-03-07T17:28:22","date_gmt":"2023-03-07T15:28:22","guid":{"rendered":"https:\/\/quintett.eu\/?post_type=product&#038;p=8787"},"modified":"2023-04-21T15:19:23","modified_gmt":"2023-04-21T13:19:23","slug":"divarte-dp-35-set","status":"publish","type":"product","link":"https:\/\/quintett.eu\/?product=divarte-dp-35-set","title":{"rendered":"Divarte &#8211; DP-35 Set"},"content":{"rendered":"<p>DP45 Pian digital cu 88 de taste cu USB MP3 player Ac\u021biune puternic\u0103 a ciocanului 45 g 2 difuzoare de 20 wa\u021bi Tastatur\u0103 cu 88 de taste 900 de sunete, 700 de ritmuri, 110 melodii Control sensibilitate la atingere a tastaturii Control master volum Player MP3 USB cu control separat al volumului Func\u021bie de aranjare automat\u0103 acompaniament Controlul tempo pentru ritmuri sau melodii Controlul nivelului volumului acompaniamentului Func\u021bia metronom Modul Song 110 melodii \u00eencorporate Modul SPLIT CHORD, func\u021bie de acompaniament. Func\u021bie de \u00eenregistrare 2x muf\u0103 de 3,5 mm ie\u0219ire c\u0103\u0219ti Conectori pedal\u0103 pentru sistem cu 3 pedale Conectori pedal\u0103 pentru pedala sustain (inclus\u0103) Intrare audio stereo 6,35 mm Ie\u0219ire audio stereo 6,35 mm Control MIDI USB pentru conectarea la computer Cutie de lemn 3 pedale Adaptor de re\u021bea 12V 2,2A inclus Dimensiuni 1350 x 700 x 320mm Greutate neta: 15 kg<\/p>\n","protected":false},"excerpt":{"rendered":"<p>Setul Divarte DP-35 este un pachet format din pianul digital Divarte DP-35 \u0219i suportul s\u0103u dedicat DP35. \u00cen scopul \u00eenv\u0103\u021b\u0103rii, este disponibil un mod Chord cu acompaniament, un aranjator cu acompaniament automat, un metronom \u0219i control tempo pentru ritmuri sau melodii.<\/p>\n","protected":false},"featured_media":8791,"comment_status":"open","ping_status":"closed","template":"","meta":[],"product_brand":[],"product_cat":[697],"product_tag":[721,722,65,720,718],"class_list":{"0":"post-8787","1":"product","2":"type-product","3":"status-publish","4":"has-post-thumbnail","6":"product_cat-divarte","7":"product_tag-divarte-35","8":"product_tag-dp-35","9":"product_tag-pian-digital","10":"product_tag-pian-dp-45","11":"product_tag-pian-electric","13":"first","14":"instock","15":"purchasable","16":"product-type-simple"},"jetpack_sharing_enabled":true,"_links":{"self":[{"href":"https:\/\/quintett.eu\/index.php?rest_route=\/wp\/v2\/product\/8787","targetHints":{"allow":["GET"]}}],"collection":[{"href":"https:\/\/quintett.eu\/index.php?rest_route=\/wp\/v2\/product"}],"about":[{"href":"https:\/\/quintett.eu\/index.php?rest_route=\/wp\/v2\/types\/product"}],"replies":[{"embeddable":true,"href":"https:\/\/quintett.eu\/index.php?rest_route=%2Fwp%2Fv2%2Fcomments&post=8787"}],"wp:featuredmedia":[{"embeddable":true,"href":"https:\/\/quintett.eu\/index.php?rest_route=\/wp\/v2\/media\/8791"}],"wp:attachment":[{"href":"https:\/\/quintett.eu\/index.php?rest_route=%2Fwp%2Fv2%2Fmedia&parent=8787"}],"wp:term":[{"taxonomy":"product_brand","embeddable":true,"href":"https:\/\/quintett.eu\/index.php?rest_route=%2Fwp%2Fv2%2Fproduct_brand&post=8787"},{"taxonomy":"product_cat","embeddable":true,"href":"https:\/\/quintett.eu\/index.php?rest_route=%2Fwp%2Fv2%2Fproduct_cat&post=8787"},{"taxonomy":"product_tag","embeddable":true,"href":"https:\/\/quintett.eu\/index.php?rest_route=%2Fwp%2Fv2%2Fproduct_tag&post=8787"}],"curies":[{"name":"wp","href":"https:\/\/api.w.org\/{rel}","templated":true}]}}