{"id":8957,"date":"2023-05-03T13:45:01","date_gmt":"2023-05-03T11:45:01","guid":{"rendered":"https:\/\/quintett.eu\/?post_type=product&#038;p=8957"},"modified":"2025-03-17T17:42:54","modified_gmt":"2025-03-17T15:42:54","slug":"austrian-audio-oc7","status":"publish","type":"product","link":"https:\/\/quintett.eu\/?product=austrian-audio-oc7","title":{"rendered":"Austrian Audio OC7"},"content":{"rendered":"<div class=\"text-original js-prod-text-original\">\n<p>Microfon pentru instrument cu condensator<\/p>\n<p>Caracteristica direc\u021bional\u0103: cardioid<br \/>\nGama de frecventa: 20 &#8211; 20.000 Hz<br \/>\nSensibilitate: 10 mV\/Pa<br \/>\nZgomot propriu: 19 dB SPL (A)<br \/>\nMax. SPL: 154 dB (&gt;160 dB SPL cu pad)<br \/>\nFiltru HP: 40 Hz (ordinea a doua) sau 80 Hz (ordinea a doua) comutabil<br \/>\nPreatenuare comutabil\u0103: -10 dB<br \/>\nNecesit\u0103 alimentare fantom de 48 V<br \/>\nDimensiuni: 147 x 82 x 54 mm<br \/>\nGreutate: 275 g<\/p>\n<\/div>\n<div class=\"badges\"><\/div>\n","protected":false},"excerpt":{"rendered":"<p>Cu OC7, Austrian Audio lanseaz\u0103 un adev\u0103rat microfon cu condensator cu popularul sunet OC, care este optimizat special pentru instrumente.<\/p>\n<p>Fabricat manual \u00een Viena, Austria, fiecare OC7 este supus unui control riguros al calit\u0103\u021bii \u00eenainte de a fi expediat. Inima noului microfon este capsula cu diafragm\u0103 mic\u0103 OCC7, de asemenea realizat\u0103 manual \u00een Viena. Dezvoltarea \u0219i produc\u021bia intern\u0103 au ca rezultat o reglare perfect\u0103 pentru aplica\u021bia de \u00eenregistrare respectiv\u0103.<\/p>\n<p>Cea mai frapant\u0103 caracteristic\u0103 este mecanismul \u201eSwivel Joint\u201d. Pentru a simplifica pozi\u021bionarea microfonului instrumentului, inginerii Austrian Audio au dezvoltat o suspensie a co\u0219ului microfonului care permite o rota\u021bie de 220\u00b0 \u00een c\u00e2mp. Acest lucru permite ca microfonul s\u0103 fie aliniat cu precizie la sursa de sunet sau \u00een func\u021bie de preferin\u021bele personale de sunet, f\u0103r\u0103 a fi nevoie s\u0103 regla\u021bi sau s\u0103 sl\u0103bi\u021bi st\u00e2njenitor suportul microfonului.<\/p>\n<p>Sunetul deschis \u0219i transparent face din OC7 un microfon pentru instrumente foarte flexibil. Este ideal pentru utilizarea pe toate instrumentele care au tranzitorii deosebit de vii, inclusiv toate tipurile de instrumente de percu\u021bie, inclusiv tobe \u0219i toms, pian, chitar\u0103 acustic\u0103, dar \u0219i instrumente cu coarde.<\/p>\n<p>Fabricat la Viena.<\/p>\n","protected":false},"featured_media":8958,"comment_status":"open","ping_status":"closed","template":"","meta":[],"product_brand":[],"product_cat":[768,306],"product_tag":[307,760,762,759,761],"class_list":{"0":"post-8957","1":"product","2":"type-product","3":"status-publish","4":"has-post-thumbnail","6":"product_cat-20-years","7":"product_cat-austrian-audio","8":"product_tag-austrian-audio","9":"product_tag-austrian-audio-oc7","10":"product_tag-microfon-cardioid","11":"product_tag-microfon-condenser","12":"product_tag-oc-7","14":"first","15":"instock","16":"sale","17":"purchasable","18":"product-type-simple"},"jetpack_sharing_enabled":true,"_links":{"self":[{"href":"https:\/\/quintett.eu\/index.php?rest_route=\/wp\/v2\/product\/8957","targetHints":{"allow":["GET"]}}],"collection":[{"href":"https:\/\/quintett.eu\/index.php?rest_route=\/wp\/v2\/product"}],"about":[{"href":"https:\/\/quintett.eu\/index.php?rest_route=\/wp\/v2\/types\/product"}],"replies":[{"embeddable":true,"href":"https:\/\/quintett.eu\/index.php?rest_route=%2Fwp%2Fv2%2Fcomments&post=8957"}],"wp:featuredmedia":[{"embeddable":true,"href":"https:\/\/quintett.eu\/index.php?rest_route=\/wp\/v2\/media\/8958"}],"wp:attachment":[{"href":"https:\/\/quintett.eu\/index.php?rest_route=%2Fwp%2Fv2%2Fmedia&parent=8957"}],"wp:term":[{"taxonomy":"product_brand","embeddable":true,"href":"https:\/\/quintett.eu\/index.php?rest_route=%2Fwp%2Fv2%2Fproduct_brand&post=8957"},{"taxonomy":"product_cat","embeddable":true,"href":"https:\/\/quintett.eu\/index.php?rest_route=%2Fwp%2Fv2%2Fproduct_cat&post=8957"},{"taxonomy":"product_tag","embeddable":true,"href":"https:\/\/quintett.eu\/index.php?rest_route=%2Fwp%2Fv2%2Fproduct_tag&post=8957"}],"curies":[{"name":"wp","href":"https:\/\/api.w.org\/{rel}","templated":true}]}}