{"id":8988,"date":"2023-05-08T11:21:00","date_gmt":"2023-05-08T09:21:00","guid":{"rendered":"https:\/\/quintett.eu\/?post_type=product&#038;p=8988"},"modified":"2026-01-01T00:02:12","modified_gmt":"2025-12-31T22:02:12","slug":"audio-technica-ath-m50x","status":"publish","type":"product","link":"https:\/\/quintett.eu\/?product=audio-technica-ath-m50x","title":{"rendered":"Audio Technica ATH-M50X"},"content":{"rendered":"<table class=\"table table-striped\" width=\"100%\">\n<tbody>\n<tr>\n<td width=\"35%\"><strong>Tip<\/strong><\/td>\n<td width=\"65%\">\u00cenchise dinamice<\/td>\n<\/tr>\n<tr>\n<td width=\"35%\"><strong>Diametru driver<\/strong><\/td>\n<td width=\"65%\">45 mm<\/td>\n<\/tr>\n<tr>\n<td width=\"35%\"><strong>Magnet<\/strong><\/td>\n<td width=\"65%\">Neodim<\/td>\n<\/tr>\n<tr>\n<td width=\"35%\"><strong>Bobin\u0103 de voce<\/strong><\/td>\n<td width=\"65%\">CCAW (Fir de aluminiu \u00eembr\u0103cat \u00een cupru)<\/td>\n<\/tr>\n<tr>\n<td width=\"35%\"><strong>R\u0103spuns \u00een frecven\u021b\u0103<\/strong><\/td>\n<td width=\"65%\">15 &#8211; 28,000 Hz<\/td>\n<\/tr>\n<tr>\n<td width=\"35%\"><strong>Putere maxim\u0103 de intrare<\/strong><\/td>\n<td width=\"65%\">1,600 mW @ 1KHz<\/td>\n<\/tr>\n<tr>\n<td width=\"35%\"><strong>Sensibilitate<\/strong><\/td>\n<td width=\"65%\">99 dB<\/td>\n<\/tr>\n<tr>\n<td width=\"35%\"><strong>Impedan\u021b\u0103<\/strong><\/td>\n<td width=\"65%\">38 ohmi<\/td>\n<\/tr>\n<tr>\n<td width=\"35%\"><strong>Pliere\/Rabatare<\/strong><\/td>\n<td width=\"65%\">Da<\/td>\n<\/tr>\n<tr>\n<td width=\"35%\"><strong>Greutate<\/strong><\/td>\n<td width=\"65%\">287 g f\u0103r\u0103 cablu \/ conector<\/td>\n<\/tr>\n<tr>\n<td width=\"35%\"><strong>Cable &#8211; Deta\u0219abil<\/strong><\/td>\n<td width=\"65%\">Da<\/td>\n<\/tr>\n<tr>\n<td width=\"35%\"><strong>Cablu<\/strong><\/td>\n<td width=\"65%\">1.2 m &#8211; 3 m spiralat, 3 m drept, 1.2 m drept<\/td>\n<\/tr>\n<tr>\n<td width=\"35%\"><strong>Conector<\/strong><\/td>\n<td width=\"65%\">Conector stereo de 1\/8\u201d (3.5 mm) placat cu aur<\/td>\n<\/tr>\n<tr>\n<td width=\"35%\"><strong>Accesorii incluse<\/strong><\/td>\n<td width=\"65%\">Adaptor \u00een\u0219urubabil 1\/4\u201d, hus\u0103<\/td>\n<\/tr>\n<\/tbody>\n<\/table>\n","protected":false},"excerpt":{"rendered":"<h2>ATH-M50X<\/h2>\n<h3>design pur. constructie de inalta calitate. sunet excelent balansat<\/h3>\n<p>C\u0103\u0219tile ATH-M50x sunt cel mai recent model al Seriei M, dotate cu drivere cu apertur\u0103 mare, de 45mm, create special pentru a reda cu maxim\u0103 fidelitate at\u00e2t bass-ul, c\u00e2t \u0219i frecven\u021bele \u00eenalte (de la 15 la 28.000 Hz), garant\u00e2nd \u00een acela\u0219i timp un sunet echilibrat. Sunt c\u0103\u0219ti ideale pentru folosirea \u00een studio, pentru imprim\u0103ri, mixaje live, DJ, mastering, post-produc\u021bie \u0219i audi\u021bie personal\u0103. Concepute pentru a fi rezistente \u0219i portabile, ATH-M50x asigur\u0103 o izolare de excep\u021bie a sunetului \u0219i au cupe pivotante la\u00a090\u00b0 , care permit monitorizarea u\u0219oar\u0103 cu o singur\u0103 ureche.<\/p>\n<ul>\n<li>Design pur cu ABS \u0219i cupe din aluminiu<\/li>\n<li>V\u00e2rful de linie al Seriei M, creat pentru reproducerea extrem de precis\u0103 a sunetului \u0219i pentru o performan\u021b\u0103 de \u00eenalt nivel<\/li>\n<li>Construc\u021bie meticuloas\u0103 din componente de \u00eenalt\u0103 calitate<\/li>\n<li>Reproducere fidel\u0103 at\u00e2t a frecven\u021belor joase, c\u00e2t \u0219i a celor \u00eenalte, pentru un sunet perfect echilibrat<\/li>\n<li>Drivere cu apertur\u0103 mare, de 45mm, cu magne\u021bi din p\u0103m\u00e2nturi rare \u0219i bobine de voce cu fir de aluminiu \u00eembr\u0103cat \u00een cupru<\/li>\n<li>R\u0103spuns extins \u0219i precis pe \u00eentreag\u0103 gam\u0103 de frecven\u021be<\/li>\n<li>Design circumaural care contureaz\u0103 \u0219i acoper\u0103 perfect urechea, pentru o izolare excelent\u0103<\/li>\n<li>Cupe pivotante la 90\u00b0, pentru monitorizarea u\u0219oar\u0103 pe o singur\u0103 ureche<\/li>\n<li>Earpad-uri \u0219i headpad deta\u0219abil, care fac foarte u\u0219oare \u00eenlocuirea sau eventualele repara\u021bii<\/li>\n<li>Cabluri deta\u0219abile (inclusiv un cablu spiralat de 1.2 m &#8211; 3 m \u0219i un cablu drept de 1.2 m)<\/li>\n<\/ul>\n","protected":false},"featured_media":13170,"comment_status":"open","ping_status":"closed","template":"","meta":[],"product_brand":[],"product_cat":[60,1472],"product_tag":[770,128,118,127,125],"class_list":{"0":"post-8988","1":"product","2":"type-product","3":"status-publish","4":"has-post-thumbnail","6":"product_cat-microfoane","7":"product_cat-black-friday-najlepsie-ceny","8":"product_tag-ath-m50x","9":"product_tag-ath-m70x","10":"product_tag-audio-technica","11":"product_tag-casti","12":"product_tag-casti-studio","14":"first","15":"instock","16":"purchasable","17":"product-type-simple"},"jetpack_sharing_enabled":true,"_links":{"self":[{"href":"https:\/\/quintett.eu\/index.php?rest_route=\/wp\/v2\/product\/8988","targetHints":{"allow":["GET"]}}],"collection":[{"href":"https:\/\/quintett.eu\/index.php?rest_route=\/wp\/v2\/product"}],"about":[{"href":"https:\/\/quintett.eu\/index.php?rest_route=\/wp\/v2\/types\/product"}],"replies":[{"embeddable":true,"href":"https:\/\/quintett.eu\/index.php?rest_route=%2Fwp%2Fv2%2Fcomments&post=8988"}],"wp:featuredmedia":[{"embeddable":true,"href":"https:\/\/quintett.eu\/index.php?rest_route=\/wp\/v2\/media\/13170"}],"wp:attachment":[{"href":"https:\/\/quintett.eu\/index.php?rest_route=%2Fwp%2Fv2%2Fmedia&parent=8988"}],"wp:term":[{"taxonomy":"product_brand","embeddable":true,"href":"https:\/\/quintett.eu\/index.php?rest_route=%2Fwp%2Fv2%2Fproduct_brand&post=8988"},{"taxonomy":"product_cat","embeddable":true,"href":"https:\/\/quintett.eu\/index.php?rest_route=%2Fwp%2Fv2%2Fproduct_cat&post=8988"},{"taxonomy":"product_tag","embeddable":true,"href":"https:\/\/quintett.eu\/index.php?rest_route=%2Fwp%2Fv2%2Fproduct_tag&post=8988"}],"curies":[{"name":"wp","href":"https:\/\/api.w.org\/{rel}","templated":true}]}}