{"id":9002,"date":"2023-05-08T13:22:57","date_gmt":"2023-05-08T11:22:57","guid":{"rendered":"https:\/\/quintett.eu\/?post_type=product&#038;p=9002"},"modified":"2023-05-13T10:49:57","modified_gmt":"2023-05-13T08:49:57","slug":"behringer-eurolive-f1520-b-stock","status":"publish","type":"product","link":"https:\/\/quintett.eu\/?product=behringer-eurolive-f1520-b-stock","title":{"rendered":"BEHRINGER EUROLIVE F1520 &#8211; B stock"},"content":{"rendered":"<p>Specifica\u021bii :<\/p>\n<p>200 W (RMS)\/400 W (zgomot roz), impedan\u021b\u0103 nominal\u0103: 8 ohmi<\/p>\n<p>Nivel de presiune acustic\u0103 extrem de ridicat (95 dB spa\u021biu complet 1 W @ 1 m)<\/p>\n<p>R\u0103spuns \u00een frecven\u021b\u0103 50 Hz &#8211; 18 kHz (-10 dB)<\/p>\n<p>Modul de bi-amplificare comutabil<\/p>\n<p>Diafragm\u0103 de titan de 1&#8243; pentru reproducere str\u0103lucitoare, natural\u0103, de \u00eenalt\u0103 frecven\u021b\u0103<\/p>\n<p>Tehnologia cornului CD Behringer pentru o dispersie optim\u0103 \u00een unghi larg (90\u00b0 x 40\u00b0)<\/p>\n<p>Protec\u021bie driver Behringer HF<\/p>\n<p>Acoperire de covor ultra-rezistent\u0103 pentru o protec\u021bie eficient\u0103 a boxei<\/p>\n<p>M\u00e2nere turnate sub presiune \u00eencastrate, cu form\u0103 ergonomic\u0103<\/p>\n<p>Gril\u0103 robust\u0103 din o\u021bel plus spum\u0103 de poliester transparent\u0103 acustic pentru o protec\u021bie optim\u0103 a difuzoarelor<\/p>\n<p>2 unghiuri diferite ale boxei<\/p>\n<p>Conectori profesionali compatibili cu Neutrik\u00ae Speakon\u00ae<\/p>\n<p>Componentele de \u00eenalt\u0103 calitate \u0219i construc\u021bia excep\u021bional de robust\u0103 asigur\u0103 o via\u021b\u0103 lung\u0103<\/p>\n","protected":false},"excerpt":{"rendered":"<p>Monitor profesional \u00een 2 c\u0103i cu woofer de 15 inchi de mare putere \u0219i driver HF<\/p>\n","protected":false},"featured_media":9007,"comment_status":"open","ping_status":"closed","template":"","meta":[],"product_brand":[],"product_cat":[447,42],"product_tag":[778,777],"class_list":{"0":"post-9002","1":"product","2":"type-product","3":"status-publish","4":"has-post-thumbnail","6":"product_cat-midas","7":"product_cat-promotii","8":"product_tag-behringer","9":"product_tag-f1520","11":"first","12":"instock","13":"purchasable","14":"product-type-simple"},"jetpack_sharing_enabled":true,"_links":{"self":[{"href":"https:\/\/quintett.eu\/index.php?rest_route=\/wp\/v2\/product\/9002","targetHints":{"allow":["GET"]}}],"collection":[{"href":"https:\/\/quintett.eu\/index.php?rest_route=\/wp\/v2\/product"}],"about":[{"href":"https:\/\/quintett.eu\/index.php?rest_route=\/wp\/v2\/types\/product"}],"replies":[{"embeddable":true,"href":"https:\/\/quintett.eu\/index.php?rest_route=%2Fwp%2Fv2%2Fcomments&post=9002"}],"wp:featuredmedia":[{"embeddable":true,"href":"https:\/\/quintett.eu\/index.php?rest_route=\/wp\/v2\/media\/9007"}],"wp:attachment":[{"href":"https:\/\/quintett.eu\/index.php?rest_route=%2Fwp%2Fv2%2Fmedia&parent=9002"}],"wp:term":[{"taxonomy":"product_brand","embeddable":true,"href":"https:\/\/quintett.eu\/index.php?rest_route=%2Fwp%2Fv2%2Fproduct_brand&post=9002"},{"taxonomy":"product_cat","embeddable":true,"href":"https:\/\/quintett.eu\/index.php?rest_route=%2Fwp%2Fv2%2Fproduct_cat&post=9002"},{"taxonomy":"product_tag","embeddable":true,"href":"https:\/\/quintett.eu\/index.php?rest_route=%2Fwp%2Fv2%2Fproduct_tag&post=9002"}],"curies":[{"name":"wp","href":"https:\/\/api.w.org\/{rel}","templated":true}]}}